{"id":1780,"date":"2024-03-18T07:26:07","date_gmt":"2024-03-18T07:26:07","guid":{"rendered":"https:\/\/b2c.fairs.vn\/?post_type=product&#038;p=1780"},"modified":"2024-03-27T09:54:32","modified_gmt":"2024-03-27T02:54:32","slug":"may-tron-be-tong-350l","status":"publish","type":"product","link":"https:\/\/b2c.fairs.vn\/en\/product\/may-tron-be-tong-350l\/","title":{"rendered":"M\u00e1y tr\u1ed9n b\u00ea t\u00f4ng 350L"},"content":{"rendered":"<div>\n<div>\n<p>M\u00e1y tr\u1ed9n b\u00ea t\u00f4ng 350L<\/p>\n<\/div>\n<\/div>\n<div>\n<div>\n<h3 class=\"text-xl my-5 font-bold\">Th\u00f4ng s\u1ed1 k\u1ef9 thu\u1eadt<\/h3>\n<div>\n<div class=\"my-2 py-2\">D\u00e2y curoa<span class=\"mlr-1\">:<\/span><span class=\"ml-1\">B72 (1 chi\u1ebfc)<\/span><\/div>\n<div class=\"my-2 py-2\">S\u1ed1 v\u00f2ng quay<span class=\"mlr-1\">:<\/span><span class=\"ml-1\">26 v\u00f2ng\/ph\u00fat<\/span><\/div>\n<div class=\"my-2 py-2\">Chi\u1ec1u cao m\u00e1y<span class=\"mlr-1\">:<\/span><span class=\"ml-1\">1400 mm<\/span><\/div>\n<div class=\"my-2 py-2\">Chi\u1ec1u d\u00e0i m\u00e1y<span class=\"mlr-1\">:<\/span><span class=\"ml-1\">1900 mm<\/span><\/div>\n<div class=\"my-2 py-2\">\u0110\u1ed9ng c\u01a1 Diezen<span class=\"mlr-1\">:<\/span><span class=\"ml-1\">6 m\u00e3 l\u1ef1c<\/span><\/div>\n<div class=\"my-2 py-2\">Chi\u1ec1u r\u1ed9ng m\u00e1y<span class=\"mlr-1\">:<\/span><span class=\"ml-1\">960 mm<\/span><\/div>\n<div class=\"my-2 py-2\">\u0110\u1ed9ng c\u01a1 \u0111i\u1ec7n<span class=\"mlr-1\">:<\/span><span class=\"ml-1\">2.2 kw<\/span><\/div>\n<div class=\"my-2 py-2\">Dung t\u00edch b\u00ea t\u00f4ng<span class=\"mlr-1\">:<\/span><span class=\"ml-1\">110 l\u00edt<\/span><\/div>\n<div class=\"my-2 py-2\">Kh\u1ed1i l\u01b0\u1ee3ng\/ gi\u1edd<span class=\"mlr-1\">:<\/span><span class=\"ml-1\">4 \u2013 6 m3\/h<\/span><\/div>\n<div class=\"my-2 py-2\">Dung t\u00edch th\u00f9ng tr\u1ed9n<span class=\"mlr-1\">:<\/span><span class=\"ml-1\">350 l\u00edt<\/span><\/div>\n<\/div>\n<\/div>\n<\/div>","protected":false},"excerpt":{"rendered":"<p>M\u00e1y tr\u1ed9n b\u00ea t\u00f4ng 350L<\/p>","protected":false},"featured_media":1782,"comment_status":"open","ping_status":"closed","template":"","meta":{"_acf_changed":false},"product_cat":[348,392],"product_tag":[],"class_list":{"0":"post-1780","1":"product","2":"type-product","3":"status-publish","4":"has-post-thumbnail","6":"product_cat-thiet-bi-co-khi","7":"product_cat-thiet-bi-may-moc-khac","9":"first","10":"instock","11":"shipping-taxable","12":"product-type-simple"},"acf":[],"_links":{"self":[{"href":"https:\/\/b2c.fairs.vn\/en\/wp-json\/wp\/v2\/product\/1780","targetHints":{"allow":["GET"]}}],"collection":[{"href":"https:\/\/b2c.fairs.vn\/en\/wp-json\/wp\/v2\/product"}],"about":[{"href":"https:\/\/b2c.fairs.vn\/en\/wp-json\/wp\/v2\/types\/product"}],"replies":[{"embeddable":true,"href":"https:\/\/b2c.fairs.vn\/en\/wp-json\/wp\/v2\/comments?post=1780"}],"version-history":[{"count":0,"href":"https:\/\/b2c.fairs.vn\/en\/wp-json\/wp\/v2\/product\/1780\/revisions"}],"wp:featuredmedia":[{"embeddable":true,"href":"https:\/\/b2c.fairs.vn\/en\/wp-json\/wp\/v2\/media\/1782"}],"wp:attachment":[{"href":"https:\/\/b2c.fairs.vn\/en\/wp-json\/wp\/v2\/media?parent=1780"}],"wp:term":[{"taxonomy":"product_cat","embeddable":true,"href":"https:\/\/b2c.fairs.vn\/en\/wp-json\/wp\/v2\/product_cat?post=1780"},{"taxonomy":"product_tag","embeddable":true,"href":"https:\/\/b2c.fairs.vn\/en\/wp-json\/wp\/v2\/product_tag?post=1780"}],"curies":[{"name":"wp","href":"https:\/\/api.w.org\/{rel}","templated":true}]}}