{"id":17741,"date":"2024-04-19T15:53:50","date_gmt":"2024-04-19T08:53:50","guid":{"rendered":"https:\/\/b2c.fairs.vn\/?post_type=product&#038;p=17741"},"modified":"2024-04-19T15:53:51","modified_gmt":"2024-04-19T08:53:51","slug":"ca-phe-dak-yang","status":"publish","type":"product","link":"https:\/\/b2c.fairs.vn\/en\/product\/ca-phe-dak-yang\/","title":{"rendered":"C\u00e0 ph\u00ea \u0110ak Yang"},"content":{"rendered":"<p>Theo ti\u1ebfng \u0111\u1ed3ng b\u00e0o n\u01a1i \u0111\u00e2y, \u0110ak c\u00f3 ngh\u0129a l\u00e0 N\u01b0\u1edbc, c\u00f2n Yang ngh\u0129a l\u00e0 th\u1ea7n Tr\u1eddi (C\u00f2n l\u00e0 v\u00f9ng nguy\u00ean li\u1ec7u c\u00e0 ph\u00ea t\u1ea1i X\u00e3 Nam Yang, H\u1ea3i Yang c\u1ee7a Huy\u1ec7n \u0110ak \u0110oa). \u0110ak Yang mang theo nhi\u1ec1u ho\u00e0i b\u00e3o l\u00e0 l\u00e0m nh\u1eefng \u0111i\u1ec1u t\u1ed1t \u0111\u1eb9p nh\u1ea5t cho qu\u00ea h\u01b0\u01a1ng, l\u00e0 mong mu\u1ed1n \u0111\u01b0a c\u00e0 ph\u00ea Vi\u1ec7t Nam v\u01b0\u01a1n t\u1ea7m ra th\u1ebf gi\u1edbi.<\/p>\n<p>H\u1ea1t c\u00e0 ph\u00ea \u0111\u01b0\u1ee3c h\u00ecnh th\u00e0nh t\u1eeb nh\u1eefng b\u00f4ng hoa tr\u1eafng mu\u1ed1t tinh kh\u00f4i t\u1ecfa m\u00f9i h\u01b0\u01a1ng ng\u1ecdt ng\u00e0o, k\u1ebft th\u00e0nh tr\u00e1i xanh non v\u00e0 y\u1ebfu \u1edbt, tr\u1ea3i qua nh\u1eefng ng\u1ee5p l\u1eb7n n\u1eafng m\u01b0a khi \u0111\u1ea5t tr\u1eddi \u0111\u1ed5i thay, k\u1ebft h\u1ee3p v\u1edbi ph\u01b0\u01a1ng ph\u00e1p canh t\u00e1c t\u1ef1 nhi\u00ean, s\u1ebd cho ra nh\u1eefng h\u1ea1t c\u00e0 ph\u00ea h\u01b0\u01a1ng v\u1ecb \u0111\u1ea7y cung b\u1eadc trong cu\u1ed9c s\u1ed1ng.<\/p>","protected":false},"excerpt":{"rendered":"<p>Theo ti\u1ebfng \u0111\u1ed3ng b\u00e0o n\u01a1i \u0111\u00e2y, \u0110ak c\u00f3 ngh\u0129a l\u00e0 N\u01b0\u1edbc, c\u00f2n Yang ngh\u0129a l\u00e0 th\u1ea7n Tr\u1eddi (C\u00f2n l\u00e0 v\u00f9ng<\/p>","protected":false},"featured_media":17742,"comment_status":"closed","ping_status":"closed","template":"","meta":{"_acf_changed":false},"product_cat":[324,366,367,22],"product_tag":[],"class_list":{"0":"post-17741","1":"product","2":"type-product","3":"status-publish","4":"has-post-thumbnail","6":"product_cat-ca-phe-ca-cao","7":"product_cat-hang-cnnt-cap-qg","8":"product_cat-hang-cnnt-cap-qg-2023","9":"product_cat-sanphamthucpham","11":"first","12":"instock","13":"shipping-taxable","14":"product-type-simple"},"acf":[],"_links":{"self":[{"href":"https:\/\/b2c.fairs.vn\/en\/wp-json\/wp\/v2\/product\/17741","targetHints":{"allow":["GET"]}}],"collection":[{"href":"https:\/\/b2c.fairs.vn\/en\/wp-json\/wp\/v2\/product"}],"about":[{"href":"https:\/\/b2c.fairs.vn\/en\/wp-json\/wp\/v2\/types\/product"}],"replies":[{"embeddable":true,"href":"https:\/\/b2c.fairs.vn\/en\/wp-json\/wp\/v2\/comments?post=17741"}],"version-history":[{"count":0,"href":"https:\/\/b2c.fairs.vn\/en\/wp-json\/wp\/v2\/product\/17741\/revisions"}],"wp:featuredmedia":[{"embeddable":true,"href":"https:\/\/b2c.fairs.vn\/en\/wp-json\/wp\/v2\/media\/17742"}],"wp:attachment":[{"href":"https:\/\/b2c.fairs.vn\/en\/wp-json\/wp\/v2\/media?parent=17741"}],"wp:term":[{"taxonomy":"product_cat","embeddable":true,"href":"https:\/\/b2c.fairs.vn\/en\/wp-json\/wp\/v2\/product_cat?post=17741"},{"taxonomy":"product_tag","embeddable":true,"href":"https:\/\/b2c.fairs.vn\/en\/wp-json\/wp\/v2\/product_tag?post=17741"}],"curies":[{"name":"wp","href":"https:\/\/api.w.org\/{rel}","templated":true}]}}