{"id":17733,"date":"2024-04-19T15:35:53","date_gmt":"2024-04-19T08:35:53","guid":{"rendered":"https:\/\/b2c.fairs.vn\/?post_type=product&#038;p=17733"},"modified":"2024-04-19T15:37:14","modified_gmt":"2024-04-19T08:37:14","slug":"nuoc-cot-tam-bop-chai-650ml","status":"publish","type":"product","link":"https:\/\/b2c.fairs.vn\/en\/product\/nuoc-cot-tam-bop-chai-650ml\/","title":{"rendered":"N\u01b0\u1edbc C\u1ed1t T\u1ea7m B\u00f3p Chai 650ml"},"content":{"rendered":"<div class=\"pro_detail_item\">\n<div class=\"bg_title\">N\u01af\u1edaC \u00c9P T\u1ea6M B\u00d3P C\u00d4 \u0110\u1eb6C CHAI 650ML<br \/>\nT\u1ea7m b\u00f3p \u0111\u1ec3 \u0103n v\u00ec qu\u1ea3 c\u00f3 v\u1ecb chua chua thanh m\u00e1t, qu\u1ea3 t\u1ea7m b\u00f3p \u0111\u01b0\u1ee3c bi\u1ebft \u0111\u1ebfn l\u00e0 nh\u1edd t\u00e1c d\u1ee5ng l\u00e0m m\u00e1t gan, gi\u1ea3i \u0111\u1ed9c v\u00e0 thanh l\u1ecdc c\u01a1 th\u1ec3. Kh\u00f4ng ch\u1ec9 \u0111\u01a1n gi\u1ea3n n\u01b0\u1edbc u\u1ed1ng, s\u1eed d\u1ee5ng t\u1ea7m b\u00f3p c\u00f2n c\u00f3 th\u1ec3 mang l\u1ea1i nhi\u1ec1u l\u1ee3i \u00edch cho s\u1ee9c kh\u1ecfe.<br \/>\n&#8211; Xu\u1ea5t x\u1ee9: \u0110\u00e0 L\u1ea1t<\/p>\n<p>&#8211; H\u1ea1n s\u1eed d\u1ee5ng: 1 n\u0103m<\/p>\n<p>&#8212; B\u1ea2O QU\u1ea2N &#8212;<\/p>\n<p>* B\u1ea3o qu\u1ea3n n\u01a1i tho\u00e1ng m\u00e1t, t\u1ed1t nh\u1ea5t: 20\u00b0C.<\/p>\n<p>* Gi\u1eef l\u1ea1nh khi m\u1edf n\u1eafp ( 5- 10\u00b0C).<\/p>\n<p>* Kh\u00f4ng s\u1eed d\u1ee5ng khi c\u00f3 m\u00f9i l\u1ea1, m\u1ed1c, bi\u1ebfn m\u00e0u.<\/p>\n<p>&#8212; C\u00c1CH S\u1eec D\u1ee4NG &#8212;<\/p>\n<p>* L\u1eafc \u0111\u1ec1u tr\u01b0\u1edbc khi s\u1eed d\u1ee5ng.<\/p>\n<p>* Pha n\u01b0\u1edbc \u00e9p tr\u00e1i c\u00e2y theo t\u1ec9 l\u1ec7: 1 ph\u1ea7n d\u1ecbch qu\u1ea3 Lafresh v\u00e0 2 ph\u1ea7n n\u01b0\u1edbc ( ho\u1eb7c 4 ph\u1ea7n \u0111\u00e1 vi\u00ean ) \u0111\u1ec3 u\u1ed1ng.<\/p>\n<p>* C\u00f3 th\u1ec3 pha ch\u1ebf v\u1edbi c\u00e1c nguy\u00ean li\u1ec7u: s\u1eefa t\u01b0\u01a1i, s\u1eefa chua, kem s\u1eefa ho\u1eb7c pha v\u1edbi r\u01b0\u1ee3u th\u00eam \u0111\u00e1 t\u00f9y s\u1edf th\u00edch.<\/p>\n<p>* N\u00ean b\u1ea3o qu\u1ea3n l\u1ea1nh v\u00e0 s\u1eed d\u1ee5ng trong v\u00f2ng b\u1ea3y ng\u00e0y sau khi m\u1edf n\u1eafp. Kh\u00f4ng s\u1eed d\u1ee5ng s\u1ea3n ph\u1ea9m khi c\u00f3 m\u00f9i l\u1ea1, m\u1ed1c, v\u00e0 c\u00f3 hi\u1ec7n t\u01b0\u1ee3ng l\u00ean men.<\/p><\/div>\n<\/div>\n<div class=\"pro_detail_item\">\n<div class=\"bg_title\"><\/div>\n<\/div>","protected":false},"excerpt":{"rendered":"<p>N\u01af\u1edaC \u00c9P T\u1ea6M B\u00d3P C\u00d4 \u0110\u1eb6C CHAI 650ML T\u1ea7m b\u00f3p \u0111\u1ec3 \u0103n v\u00ec qu\u1ea3 c\u00f3 v\u1ecb chua chua thanh m\u00e1t,<\/p>","protected":false},"featured_media":17735,"comment_status":"closed","ping_status":"closed","template":"","meta":{"_acf_changed":false},"product_cat":[316,366,367,22,313],"product_tag":[],"class_list":{"0":"post-17733","1":"product","2":"type-product","3":"status-publish","4":"has-post-thumbnail","6":"product_cat-che-bien-tu-rau-cu-qua-hat","7":"product_cat-hang-cnnt-cap-qg","8":"product_cat-hang-cnnt-cap-qg-2023","9":"product_cat-sanphamthucpham","10":"product_cat-thuc-pham-che-bien","12":"first","13":"instock","14":"shipping-taxable","15":"product-type-simple"},"acf":[],"_links":{"self":[{"href":"https:\/\/b2c.fairs.vn\/en\/wp-json\/wp\/v2\/product\/17733","targetHints":{"allow":["GET"]}}],"collection":[{"href":"https:\/\/b2c.fairs.vn\/en\/wp-json\/wp\/v2\/product"}],"about":[{"href":"https:\/\/b2c.fairs.vn\/en\/wp-json\/wp\/v2\/types\/product"}],"replies":[{"embeddable":true,"href":"https:\/\/b2c.fairs.vn\/en\/wp-json\/wp\/v2\/comments?post=17733"}],"version-history":[{"count":0,"href":"https:\/\/b2c.fairs.vn\/en\/wp-json\/wp\/v2\/product\/17733\/revisions"}],"wp:featuredmedia":[{"embeddable":true,"href":"https:\/\/b2c.fairs.vn\/en\/wp-json\/wp\/v2\/media\/17735"}],"wp:attachment":[{"href":"https:\/\/b2c.fairs.vn\/en\/wp-json\/wp\/v2\/media?parent=17733"}],"wp:term":[{"taxonomy":"product_cat","embeddable":true,"href":"https:\/\/b2c.fairs.vn\/en\/wp-json\/wp\/v2\/product_cat?post=17733"},{"taxonomy":"product_tag","embeddable":true,"href":"https:\/\/b2c.fairs.vn\/en\/wp-json\/wp\/v2\/product_tag?post=17733"}],"curies":[{"name":"wp","href":"https:\/\/api.w.org\/{rel}","templated":true}]}}