{"id":17721,"date":"2024-04-19T15:30:11","date_gmt":"2024-04-19T08:30:11","guid":{"rendered":"https:\/\/b2c.fairs.vn\/?post_type=product&#038;p=17721"},"modified":"2024-04-23T15:58:46","modified_gmt":"2024-04-23T08:58:46","slug":"nuoc-cot-mang-cut-chai-650ml","status":"publish","type":"product","link":"https:\/\/b2c.fairs.vn\/en\/product\/nuoc-cot-mang-cut-chai-650ml\/","title":{"rendered":"N\u01b0\u1edbc C\u1ed1t M\u0103ng C\u1ee5t Chai 650ml"},"content":{"rendered":"<p>Trong m\u0103ng c\u1ee5t ch\u1ee9a nhi\u1ec1u\u00a0<strong>ch\u1ea5t \u0111\u1ea1m, canxi, s\u1eaft, photpho,<\/strong>.. n\u00ean r\u1ea5t t\u1ed1t cho s\u1ee9c kh\u1ecfe. \u0110\u1eb7c bi\u1ec7t, ngo\u00e0i ph\u1ea7n ru\u1ed9t m\u00e0u tr\u1eafng ch\u00fang ta th\u01b0\u1eddng \u0103n th\u00ec ph\u1ea7n v\u1ecf m\u00e0u t\u00edm s\u1eadm c\u0169ng r\u1ea5t t\u1ed1t cho s\u1ee9c kh\u1ecfe, n\u00f3 ch\u1ee9a nhi\u1ec1u\u00a0<strong>ch\u1ea5t ch\u1ed1ng oxy h\u00f3a<\/strong>, gi\u00fap ng\u0103n ng\u1eeba ung th\u01b0, t\u0103ng c\u01b0\u1eddng h\u1ec7 mi\u1ec5n d\u1ecbch v\u00e0 t\u1ed1t cho tim m\u1ea1ch.<\/p>\n<p>M\u0103ng c\u1ee5t c\u00f2n \u0111\u01b0\u1ee3c v\u00ed nh\u01b0 m\u1ed9t lo\u1ea1i &#8220;th\u1ea7n d\u01b0\u1ee3c&#8221; l\u00e0m \u0111\u1eb9p da c\u1ee7a c\u00e1c ch\u1ecb em ph\u1ee5 n\u1eef. Lo\u1ea1i qu\u1ea3 n\u00e0y gi\u00fap gi\u1ea3m c\u00e1c ch\u1ee9ng b\u1ec7nh v\u1ec1 da nh\u01b0\u00a0<strong>m\u1ee5n, n\u1ea5m, vi\u00eam da<\/strong>,&#8230; n\u00f3 c\u00f2n h\u1ed7 tr\u1ee3 ch\u1ed1ng ung th\u01b0 da v\u00e0 l\u00e0m ch\u1eadm qu\u00e1 tr\u00ecnh l\u00e3o h\u00f3a da \u1edf tu\u1ed5i trung ni\u00ean.<\/p>","protected":false},"excerpt":{"rendered":"<p>Trong m\u0103ng c\u1ee5t ch\u1ee9a nhi\u1ec1u\u00a0ch\u1ea5t \u0111\u1ea1m, canxi, s\u1eaft, photpho,.. n\u00ean r\u1ea5t t\u1ed1t cho s\u1ee9c kh\u1ecfe. \u0110\u1eb7c bi\u1ec7t, ngo\u00e0i ph\u1ea7n ru\u1ed9t<\/p>","protected":false},"featured_media":17724,"comment_status":"closed","ping_status":"closed","template":"","meta":{"_acf_changed":false},"product_cat":[316,366,367,22,313],"product_tag":[],"class_list":{"0":"post-17721","1":"product","2":"type-product","3":"status-publish","4":"has-post-thumbnail","6":"product_cat-che-bien-tu-rau-cu-qua-hat","7":"product_cat-hang-cnnt-cap-qg","8":"product_cat-hang-cnnt-cap-qg-2023","9":"product_cat-sanphamthucpham","10":"product_cat-thuc-pham-che-bien","12":"first","13":"instock","14":"shipping-taxable","15":"product-type-simple"},"acf":[],"_links":{"self":[{"href":"https:\/\/b2c.fairs.vn\/en\/wp-json\/wp\/v2\/product\/17721","targetHints":{"allow":["GET"]}}],"collection":[{"href":"https:\/\/b2c.fairs.vn\/en\/wp-json\/wp\/v2\/product"}],"about":[{"href":"https:\/\/b2c.fairs.vn\/en\/wp-json\/wp\/v2\/types\/product"}],"replies":[{"embeddable":true,"href":"https:\/\/b2c.fairs.vn\/en\/wp-json\/wp\/v2\/comments?post=17721"}],"version-history":[{"count":0,"href":"https:\/\/b2c.fairs.vn\/en\/wp-json\/wp\/v2\/product\/17721\/revisions"}],"wp:featuredmedia":[{"embeddable":true,"href":"https:\/\/b2c.fairs.vn\/en\/wp-json\/wp\/v2\/media\/17724"}],"wp:attachment":[{"href":"https:\/\/b2c.fairs.vn\/en\/wp-json\/wp\/v2\/media?parent=17721"}],"wp:term":[{"taxonomy":"product_cat","embeddable":true,"href":"https:\/\/b2c.fairs.vn\/en\/wp-json\/wp\/v2\/product_cat?post=17721"},{"taxonomy":"product_tag","embeddable":true,"href":"https:\/\/b2c.fairs.vn\/en\/wp-json\/wp\/v2\/product_tag?post=17721"}],"curies":[{"name":"wp","href":"https:\/\/api.w.org\/{rel}","templated":true}]}}