{"id":17717,"date":"2024-04-19T15:29:20","date_gmt":"2024-04-19T08:29:20","guid":{"rendered":"https:\/\/b2c.fairs.vn\/?post_type=product&#038;p=17717"},"modified":"2024-04-23T15:58:49","modified_gmt":"2024-04-23T08:58:49","slug":"nuoc-cot-nho-chai-650ml","status":"publish","type":"product","link":"https:\/\/b2c.fairs.vn\/en\/product\/nuoc-cot-nho-chai-650ml\/","title":{"rendered":"N\u01b0\u1edbc C\u1ed1t Nho Chai 650ml"},"content":{"rendered":"<p>Nho \u0111\u01b0\u1ee3c bi\u1ebft \u0111\u1ebfn nh\u01b0 l\u00e0 lo\u1ea1i tr\u00e1i c\u00e2y c\u00f3 nhi\u00eau ch\u1ea5t b\u1ed5 c\u00f3 l\u1ee3i cho s\u1ee9c kh\u1ecfe, gi\u00fap t\u0103ng s\u1ee9c \u0111\u1ec1 kh\u00e1ng, h\u1ed7 tr\u1ee3 cho tim m\u1ea1ch, ch\u1ed1ng l\u00e3o h\u00f3a, n\u1ebfp nh\u0103n, c\u00f3 t\u00e1c d\u1ee5ng th\u1ea3i \u0111\u1ed9c t\u1ed1 trong c\u01a1 th\u1ec3. Nh\u1eadn th\u1ea5y l\u1ee3i \u00edch to l\u1edbn t\u1eeb qu\u1ea3 nho mang l\u1ea1i, Lafresh \u0110\u00e0 L\u1ea1t ch\u00ednh th\u1ee9c cho ra m\u1eaft s\u1ea3n ph\u1ea9m n\u01b0\u1edbc \u00e9p Nho ti\u1ec7n l\u1ee3i khi s\u1eed d\u1ee5ng v\u00e0 r\u1ea5t c\u00f3 \u00edch cho s\u1ee9c kh\u1ecfe m\u1ed7i ng\u01b0\u1eddi.<\/p>","protected":false},"excerpt":{"rendered":"<p>Nho \u0111\u01b0\u1ee3c bi\u1ebft \u0111\u1ebfn nh\u01b0 l\u00e0 lo\u1ea1i tr\u00e1i c\u00e2y c\u00f3 nhi\u00eau ch\u1ea5t b\u1ed5 c\u00f3 l\u1ee3i cho s\u1ee9c kh\u1ecfe, gi\u00fap t\u0103ng<\/p>","protected":false},"featured_media":17718,"comment_status":"closed","ping_status":"closed","template":"","meta":{"_acf_changed":false},"product_cat":[316,366,367,22,313],"product_tag":[],"class_list":{"0":"post-17717","1":"product","2":"type-product","3":"status-publish","4":"has-post-thumbnail","6":"product_cat-che-bien-tu-rau-cu-qua-hat","7":"product_cat-hang-cnnt-cap-qg","8":"product_cat-hang-cnnt-cap-qg-2023","9":"product_cat-sanphamthucpham","10":"product_cat-thuc-pham-che-bien","12":"first","13":"instock","14":"shipping-taxable","15":"product-type-simple"},"acf":[],"_links":{"self":[{"href":"https:\/\/b2c.fairs.vn\/en\/wp-json\/wp\/v2\/product\/17717","targetHints":{"allow":["GET"]}}],"collection":[{"href":"https:\/\/b2c.fairs.vn\/en\/wp-json\/wp\/v2\/product"}],"about":[{"href":"https:\/\/b2c.fairs.vn\/en\/wp-json\/wp\/v2\/types\/product"}],"replies":[{"embeddable":true,"href":"https:\/\/b2c.fairs.vn\/en\/wp-json\/wp\/v2\/comments?post=17717"}],"version-history":[{"count":0,"href":"https:\/\/b2c.fairs.vn\/en\/wp-json\/wp\/v2\/product\/17717\/revisions"}],"wp:featuredmedia":[{"embeddable":true,"href":"https:\/\/b2c.fairs.vn\/en\/wp-json\/wp\/v2\/media\/17718"}],"wp:attachment":[{"href":"https:\/\/b2c.fairs.vn\/en\/wp-json\/wp\/v2\/media?parent=17717"}],"wp:term":[{"taxonomy":"product_cat","embeddable":true,"href":"https:\/\/b2c.fairs.vn\/en\/wp-json\/wp\/v2\/product_cat?post=17717"},{"taxonomy":"product_tag","embeddable":true,"href":"https:\/\/b2c.fairs.vn\/en\/wp-json\/wp\/v2\/product_tag?post=17717"}],"curies":[{"name":"wp","href":"https:\/\/api.w.org\/{rel}","templated":true}]}}