{"id":17705,"date":"2024-04-19T15:04:16","date_gmt":"2024-04-19T08:04:16","guid":{"rendered":"https:\/\/b2c.fairs.vn\/?post_type=product&#038;p=17705"},"modified":"2024-04-19T15:04:18","modified_gmt":"2024-04-19T08:04:18","slug":"hat-dieu-rang-muoi-hat-dieu-boc-vo-510gr-net-wt-400gr","status":"publish","type":"product","link":"https:\/\/b2c.fairs.vn\/en\/product\/hat-dieu-rang-muoi-hat-dieu-boc-vo-510gr-net-wt-400gr\/","title":{"rendered":"H\u1ea1t \u0111i\u1ec1u rang mu\u1ed1i \u2013 H\u1ea1t \u0111i\u1ec1u b\u00f3c v\u1ecf 510gr (Net Wt 400gr)"},"content":{"rendered":"<p><strong>C\u00d4NG D\u1ee4NG<\/strong><\/p>\n<ul>\n<li>B\u1ed5 sung ch\u1ea5t dinh d\u01b0\u1ee1ng<\/li>\n<li>T\u1ed1t cho s\u1ee9c kh\u1ecfe<\/li>\n<\/ul>\n<p><strong>GI\u00c1 TR\u1eca DINH D\u01af\u1ee0NG:<\/strong><br \/>\nH\u1ea1t \u0111i\u1ec1u \u0111\u1eb7c bi\u1ebft gi\u00e0u kho\u00e1ng ch\u1ea5t, trong \u0111\u00f3 cao \u00a0l\u00e0 Kali ,Magie, Canxi, S\u1eaft.<\/p>\n<ul>\n<li>Ch\u1ea5t b\u00e9o trong ha\u0323t \u0111i\u1ec1u h\u00e2\u0300u h\u00ea\u0301t l\u00e0 ca\u0301c acid b\u00e9o kh\u00f4ng b\u00e3o h\u00f2a nh\u01b0 Omega 3, Omega 6 \u00a0gi\u00fap l\u00e0m gi\u1ea3m l\u01b0\u1ee3ng \u00a0cholesterol x\u1ea5u trong c\u01a1 th\u1ec3 v\u00e0 \u0111i\u1ec1u h\u00f2a h\u1ec7 th\u1ea7n kinh c\u1ee7a c\u01a1 th\u1ec3.<\/li>\n<li>Ha\u0300m l\u01b0\u01a1\u0323ng Natri th\u00e2\u0301p v\u00e0 h\u00e0m l\u01b0\u1ee3ng Kali cao n\u00ean r\u00e2\u0301t co\u0301 l\u01a1\u0323i trong pho\u0300ng ng\u01b0\u0300a t\u0103ng huy\u1ebft \u00e1p.<\/li>\n<li>Ha\u0323t \u0111i\u00ea\u0300u co\u0301 ha\u0300m l\u01b0\u01a1\u0323ng s\u0103\u0301t kha\u0301 cao, gi\u00fap t\u1ea1o m\u00e1u, n\u00e2ng s\u01b0\u0301c \u0111\u00ea\u0300 kha\u0301ng.<\/li>\n<li>H\u00e0m l\u01b0\u1ee3ng ch\u1ea5t x\u01a1 v\u00e0 protein c\u00f3 trong h\u1ea1t \u0111i\u1ec1u c\u00f3 th\u1ec3 gi\u00fap gi\u1ea3m c\u01a1n \u0111\u00f3i v\u00e0 t\u0103ng c\u1ea3m gi\u00e1c no. \u0110\u00e2y c\u0169ng l\u00e0 th\u1ef1c ph\u1ea9m cung c\u1ea5p \u00edt calo, v\u00ec v\u1eady ch\u00fang c\u00f3 th\u1ec3 gi\u00fap gi\u1ea3m c\u00e2n.<\/li>\n<li>H\u1ea1t \u0111i\u1ec1u c\u00f3 ch\u1ee9a l\u01b0\u1ee3ng axit oleic l\u00e0 m\u1ed9t ch\u1ea5t b\u00e9o kh\u00f4ng b\u00e3o h\u00f2a \u0111\u01a1n, c\u00f3 th\u1ec3 gi\u00fap c\u1ea3i thi\u1ec7n s\u1ee9c kh\u1ecfe tim m\u1ea1ch v\u00e0 l\u00e0m gi\u1ea3m n\u1ed3ng \u0111\u1ed9 triglycerid.<\/li>\n<li>Trong h\u1ea1t \u0111i\u1ec1u c\u00f2n ch\u1ee9a magi\u00ea, c\u00f3 th\u1ec3 gi\u00fap gi\u1ea3m huy\u1ebft \u00e1p v\u00e0 ng\u0103n ng\u1eeba \u0111au tim.<\/li>\n<\/ul>\n<p><strong>C\u00c1CH S\u1eec D\u1ee4NG:\u00a0<\/strong><\/p>\n<ul>\n<li>\u0102n tr\u1ef1c ti\u1ebfp<\/li>\n<li>Ch\u1ebf bi\u1ebfn m\u00f3n \u0103n.<\/li>\n<\/ul>\n<p><strong>L\u01afU \u00dd KHI B\u1ea2O QU\u1ea2N :<\/strong><\/p>\n<ul>\n<li>B\u1ea3o qu\u1ea3n h\u1ea1t \u0111i\u1ec1u \u1edf n\u01a1i kh\u00f4 r\u00e1o, tho\u00e1ng m\u00e1t, tr\u00e1nh \u00e1nh n\u1eafng tr\u1ef1c ti\u1ebfp.<\/li>\n<li>\u0110\u1eady k\u00edn mi\u1ec7ng bao b\u00ec sau m\u1ed7i l\u1ea7n s\u1eed d\u1ee5ng, s\u1eed d\u1ee5ng t\u1ed1t nh\u1ea5t trong v\u00f2ng 15 ng\u00e0y t\u1eeb khi m\u1edf bao b\u00ec .<\/li>\n<li>N\u1ebfu khi \u0111\u00e3 \u0111\u1ec3 h\u1ea1t ti\u1ebfp x\u00fac v\u1edbi kh\u00f4ng kh\u00ed qu\u00e1 l\u00e2u, \u0103n c\u00f3 c\u1ea3m gi\u00e1c b\u1ecb m\u1ec1m, y\u1ec3u . Th\u00ec kh\u00e1ch n\u00ean cho h\u1ea1t \u0111i\u1ec1u v\u00e0o h\u1ed9p v\u1eb7n k\u00edn n\u1eafp\u00a0 b\u1ecf v\u00e0o t\u1ee7 l\u1ea1nh \u0111\u1ec3 duy tr\u00ec \u0111\u1ed9 gi\u00f2n ho\u1eb7c L\u1ea5y h\u1ea1t \u0111i\u1ec1u b\u1ecf v\u00e0o l\u00f2 vi s\u00f3ng quay trong 3 ph\u00fat th\u00ec h\u1ea1t c\u0169ng s\u1ebd gi\u00f2n l\u1ea1i.<\/li>\n<\/ul>","protected":false},"excerpt":{"rendered":"<p>C\u00d4NG D\u1ee4NG B\u1ed5 sung ch\u1ea5t dinh d\u01b0\u1ee1ng T\u1ed1t cho s\u1ee9c kh\u1ecfe GI\u00c1 TR\u1eca DINH D\u01af\u1ee0NG: H\u1ea1t \u0111i\u1ec1u \u0111\u1eb7c bi\u1ebft gi\u00e0u<\/p>","protected":false},"featured_media":17706,"comment_status":"closed","ping_status":"closed","template":"","meta":{"_acf_changed":false},"product_cat":[311,22,310],"product_tag":[],"class_list":{"0":"post-17705","1":"product","2":"type-product","3":"status-publish","4":"has-post-thumbnail","6":"product_cat-gao-ngu-coc-hat-so-che-khac","7":"product_cat-sanphamthucpham","8":"product_cat-thuc-pham-tho-so-che","10":"first","11":"instock","12":"shipping-taxable","13":"purchasable","14":"product-type-simple"},"acf":[],"_links":{"self":[{"href":"https:\/\/b2c.fairs.vn\/en\/wp-json\/wp\/v2\/product\/17705","targetHints":{"allow":["GET"]}}],"collection":[{"href":"https:\/\/b2c.fairs.vn\/en\/wp-json\/wp\/v2\/product"}],"about":[{"href":"https:\/\/b2c.fairs.vn\/en\/wp-json\/wp\/v2\/types\/product"}],"replies":[{"embeddable":true,"href":"https:\/\/b2c.fairs.vn\/en\/wp-json\/wp\/v2\/comments?post=17705"}],"version-history":[{"count":0,"href":"https:\/\/b2c.fairs.vn\/en\/wp-json\/wp\/v2\/product\/17705\/revisions"}],"wp:featuredmedia":[{"embeddable":true,"href":"https:\/\/b2c.fairs.vn\/en\/wp-json\/wp\/v2\/media\/17706"}],"wp:attachment":[{"href":"https:\/\/b2c.fairs.vn\/en\/wp-json\/wp\/v2\/media?parent=17705"}],"wp:term":[{"taxonomy":"product_cat","embeddable":true,"href":"https:\/\/b2c.fairs.vn\/en\/wp-json\/wp\/v2\/product_cat?post=17705"},{"taxonomy":"product_tag","embeddable":true,"href":"https:\/\/b2c.fairs.vn\/en\/wp-json\/wp\/v2\/product_tag?post=17705"}],"curies":[{"name":"wp","href":"https:\/\/api.w.org\/{rel}","templated":true}]}}