{"id":17581,"date":"2024-04-19T11:46:11","date_gmt":"2024-04-19T04:46:11","guid":{"rendered":"https:\/\/b2c.fairs.vn\/?post_type=product&#038;p=17581"},"modified":"2024-04-19T11:46:42","modified_gmt":"2024-04-19T04:46:42","slug":"bun-tuoi-dai-cuong","status":"publish","type":"product","link":"https:\/\/b2c.fairs.vn\/en\/product\/bun-tuoi-dai-cuong\/","title":{"rendered":"B\u00fan t\u01b0\u01a1i \u0110\u1ea1i C\u01b0\u1eddng"},"content":{"rendered":"<table class=\"table table-bordered table-hover table-striped\">\n<tbody>\n<tr>\n<td>GI\u1ea4Y CH\u1ee8NG NH\u1eacN\/CERT.<\/td>\n<td>Ch\u1ee9ng nh\u1eadn C\u01a1 s\u1edf \u0111\u1ee7 \u0111i\u1ec1u ki\u1ec7n an to\u00e0n th\u1ef1c ph\u1ea9m<\/td>\n<\/tr>\n<tr>\n<td>M\u00c3 S\u1ed0 GCN\/ Cert. No<\/td>\n<td>327\/GCNATTP-ATTP<\/td>\n<\/tr>\n<tr>\n<td>\u0110\u01a0N V\u1eca CH\u1ee8NG NH\u1eacN\/ CERT. ORG<\/td>\n<td>Ban qu\u1ea3n l\u00fd ATTP TP \u0110\u00e0 N\u1eb5ng<\/td>\n<\/tr>\n<tr>\n<td>NGU\u1ed2N G\u1ed0C GI\u1ed0NG, NGUY\u00caN LI\u1ec6U\/ VARIETY<\/td>\n<td>G\u1ea1o, mu\u1ed1i trong TP \u0110\u00e0 N\u1eb5ng<\/td>\n<\/tr>\n<\/tbody>\n<\/table>","protected":false},"excerpt":{"rendered":"<p>GI\u1ea4Y CH\u1ee8NG NH\u1eacN\/CERT. Ch\u1ee9ng nh\u1eadn C\u01a1 s\u1edf \u0111\u1ee7 \u0111i\u1ec1u ki\u1ec7n an to\u00e0n th\u1ef1c ph\u1ea9m M\u00c3 S\u1ed0 GCN\/ Cert. No 327\/GCNATTP-ATTP<\/p>","protected":false},"featured_media":17582,"comment_status":"closed","ping_status":"closed","template":"","meta":{"_acf_changed":false},"product_cat":[315,366,367,22,313],"product_tag":[],"class_list":{"0":"post-17581","1":"product","2":"type-product","3":"status-publish","4":"has-post-thumbnail","6":"product_cat-che-bien-tu-gao-ngu-coc","7":"product_cat-hang-cnnt-cap-qg","8":"product_cat-hang-cnnt-cap-qg-2023","9":"product_cat-sanphamthucpham","10":"product_cat-thuc-pham-che-bien","12":"first","13":"instock","14":"shipping-taxable","15":"product-type-simple"},"acf":[],"_links":{"self":[{"href":"https:\/\/b2c.fairs.vn\/en\/wp-json\/wp\/v2\/product\/17581","targetHints":{"allow":["GET"]}}],"collection":[{"href":"https:\/\/b2c.fairs.vn\/en\/wp-json\/wp\/v2\/product"}],"about":[{"href":"https:\/\/b2c.fairs.vn\/en\/wp-json\/wp\/v2\/types\/product"}],"replies":[{"embeddable":true,"href":"https:\/\/b2c.fairs.vn\/en\/wp-json\/wp\/v2\/comments?post=17581"}],"version-history":[{"count":0,"href":"https:\/\/b2c.fairs.vn\/en\/wp-json\/wp\/v2\/product\/17581\/revisions"}],"wp:featuredmedia":[{"embeddable":true,"href":"https:\/\/b2c.fairs.vn\/en\/wp-json\/wp\/v2\/media\/17582"}],"wp:attachment":[{"href":"https:\/\/b2c.fairs.vn\/en\/wp-json\/wp\/v2\/media?parent=17581"}],"wp:term":[{"taxonomy":"product_cat","embeddable":true,"href":"https:\/\/b2c.fairs.vn\/en\/wp-json\/wp\/v2\/product_cat?post=17581"},{"taxonomy":"product_tag","embeddable":true,"href":"https:\/\/b2c.fairs.vn\/en\/wp-json\/wp\/v2\/product_tag?post=17581"}],"curies":[{"name":"wp","href":"https:\/\/api.w.org\/{rel}","templated":true}]}}