{"id":17573,"date":"2024-04-19T11:32:05","date_gmt":"2024-04-19T04:32:05","guid":{"rendered":"https:\/\/b2c.fairs.vn\/?post_type=product&#038;p=17573"},"modified":"2024-04-19T11:32:06","modified_gmt":"2024-04-19T04:32:06","slug":"thanh-nen-mun-cua-khanh-tam","status":"publish","type":"product","link":"https:\/\/b2c.fairs.vn\/en\/product\/thanh-nen-mun-cua-khanh-tam\/","title":{"rendered":"Thanh n\u00e9n m\u00f9n c\u01b0a Kh\u00e1nh T\u00e2m"},"content":{"rendered":"<p style=\"font-weight: 400;\"><b><strong><span style=\"font-weight: 400 !important;\">Thanh n\u00e9n m\u00f9n c\u01b0a<\/span><\/strong><\/b><span style=\"font-weight: 400 !important;\">\u00a0<\/span><span style=\"font-weight: 400 !important;\">Kh\u00e1nh T\u00e2m\u00a0l\u00e0 m\u1ed9t lo\u1ea1i nhi\u00ean li\u1ec7u l\u00e0m b\u1eb1ng m\u00f9n c\u01b0a \u0111\u01b0\u1ee3c n\u00e9n d\u01b0\u1edbi \u00e1p l\u1ef1c cao\u00a0b\u1eb1ng d\u00e2y chuy\u1ec1n k\u0129 thu\u1eadt Nh\u1eadt B\u1ea3n, cho ra nh\u1eefng s\u1ea3n ph\u1ea9m \u0111\u1ea1t ch\u1ea5t l\u01b0\u1ee3ng t\u1ed1t \u0111\u1ee7 \u0111i\u1ec1u ki\u1ec7n xu\u1ea5t kh\u1ea9u.<\/span><\/p>\n<p style=\"font-weight: 400;\"><span style=\"font-weight: 400 !important;\">Th\u00f4ng s\u1ed1 s\u1ea3n ph\u1ea9m:<\/span><\/p>\n<p style=\"font-weight: 400;\"><span style=\"font-weight: 400 !important;\">K\u00edch th\u01b0\u1edbc: 5,2 x 5,2 x 45 cm<\/span><\/p>\n<p style=\"font-weight: 400;\"><span style=\"font-weight: 400 !important;\">\u0110\u1ed9 \u1ea9m to\u00e0n ph\u1ea7n &lt;5%<\/span><\/p>\n<p style=\"font-weight: 400;\"><span style=\"font-weight: 400 !important;\">H\u00e0m l\u01b0\u1ee3ng tro &lt; 2%<\/span><\/p>\n<p style=\"font-weight: 400;\"><span style=\"font-weight: 400 !important;\">H\u00e0m l\u01b0\u1ee3ng l\u01b0u hu\u1ef3nh &lt;0,03%<\/span><\/p>\n<p style=\"font-weight: 400;\"><span style=\"font-weight: 400 !important;\">Nhi\u1ec7t l\u01b0\u1ee3ng t\u1ecfa ra &gt;4200 Kcal\/kg<\/span><\/p>\n<p style=\"font-weight: 400;\"><b><strong><span style=\"font-weight: 400 !important;\">Thanh n\u00e9n m\u00f9n c\u01b0a<\/span><\/strong><\/b><span style=\"font-weight: 400 !important;\">\u00a0l\u00e0 m\u1ed9t trong s\u1ed1 c\u00e1c ch\u1ea5t \u0111\u1ed1t c\u00f3 t\u1ef7 tr\u1ecdng cao v\u00e0 \u0111\u01b0\u1ee3c s\u1ea3n xu\u1ea5t d\u01b0\u1edbi h\u00e0m l\u01b0\u1ee3ng \u1ea9m th\u1ea5p cho ph\u00e9p ch\u00fang \u0111\u1ed1t ch\u00e1y v\u1edbi hi\u1ec7u qu\u1ea3 cao. T\u1ef7 s\u1ed1 n\u00e9n cao c\u0169ng gi\u00fap ch\u00fang ta l\u01b0u tr\u1eef v\u00e0 v\u1eadn chuy\u1ec3n ch\u00fang \u0111i xa m\u1ed9t c\u00e1ch d\u1ec5 d\u00e0ng.<\/span><\/p>\n<p style=\"font-weight: 400;\"><span style=\"font-weight: 400 !important;\">L\u00e0 ngu\u1ed3n n\u0103ng l\u01b0\u1ee3ng \u1ed5n \u0111\u1ecbnh v\u00e0 gi\u1ea3m \u0111\u00e1ng k\u1ec3 h\u00e0m l\u01b0\u1ee3ng Carbon th\u1ea3i ra khi so s\u00e1nh v\u1edbi c\u00e1c d\u1ea1ng n\u0103ng l\u01b0\u1ee3ng ho\u00e1 th\u1ea1ch kh\u00e1c. Mang l\u1ea1i l\u1ee3i \u00edch trong m\u00f4i tr\u01b0\u1eddng v\u00e0 x\u00e3 h\u1ed9i.<\/span><\/p>","protected":false},"excerpt":{"rendered":"<p>Thanh n\u00e9n m\u00f9n c\u01b0a\u00a0Kh\u00e1nh T\u00e2m\u00a0l\u00e0 m\u1ed9t lo\u1ea1i nhi\u00ean li\u1ec7u l\u00e0m b\u1eb1ng m\u00f9n c\u01b0a \u0111\u01b0\u1ee3c n\u00e9n d\u01b0\u1edbi \u00e1p l\u1ef1c cao\u00a0b\u1eb1ng d\u00e2y<\/p>","protected":false},"featured_media":17574,"comment_status":"closed","ping_status":"closed","template":"","meta":{"_acf_changed":false},"product_cat":[529,366,367],"product_tag":[],"class_list":{"0":"post-17573","1":"product","2":"type-product","3":"status-publish","4":"has-post-thumbnail","6":"product_cat-khac","7":"product_cat-hang-cnnt-cap-qg","8":"product_cat-hang-cnnt-cap-qg-2023","10":"first","11":"instock","12":"shipping-taxable","13":"product-type-simple"},"acf":[],"_links":{"self":[{"href":"https:\/\/b2c.fairs.vn\/en\/wp-json\/wp\/v2\/product\/17573","targetHints":{"allow":["GET"]}}],"collection":[{"href":"https:\/\/b2c.fairs.vn\/en\/wp-json\/wp\/v2\/product"}],"about":[{"href":"https:\/\/b2c.fairs.vn\/en\/wp-json\/wp\/v2\/types\/product"}],"replies":[{"embeddable":true,"href":"https:\/\/b2c.fairs.vn\/en\/wp-json\/wp\/v2\/comments?post=17573"}],"version-history":[{"count":0,"href":"https:\/\/b2c.fairs.vn\/en\/wp-json\/wp\/v2\/product\/17573\/revisions"}],"wp:featuredmedia":[{"embeddable":true,"href":"https:\/\/b2c.fairs.vn\/en\/wp-json\/wp\/v2\/media\/17574"}],"wp:attachment":[{"href":"https:\/\/b2c.fairs.vn\/en\/wp-json\/wp\/v2\/media?parent=17573"}],"wp:term":[{"taxonomy":"product_cat","embeddable":true,"href":"https:\/\/b2c.fairs.vn\/en\/wp-json\/wp\/v2\/product_cat?post=17573"},{"taxonomy":"product_tag","embeddable":true,"href":"https:\/\/b2c.fairs.vn\/en\/wp-json\/wp\/v2\/product_tag?post=17573"}],"curies":[{"name":"wp","href":"https:\/\/api.w.org\/{rel}","templated":true}]}}