{"id":17564,"date":"2024-04-19T11:21:45","date_gmt":"2024-04-19T04:21:45","guid":{"rendered":"https:\/\/b2c.fairs.vn\/?post_type=product&#038;p=17564"},"modified":"2024-04-19T11:21:45","modified_gmt":"2024-04-19T04:21:45","slug":"day-chuyen-san-xuat-gach-tu-chen","status":"publish","type":"product","link":"https:\/\/b2c.fairs.vn\/en\/product\/day-chuyen-san-xuat-gach-tu-chen\/","title":{"rendered":"D\u00e2y chuy\u1ec1n s\u1ea3n xu\u1ea5t g\u1ea1ch t\u1ef1 ch\u00e8n"},"content":{"rendered":"<p>L\u00fd do n\u00ean ch\u1ecdn H\u1ed3 Ho\u00e0n C\u1ea7u l\u00e0 \u0111\u1ed1i t\u00e1c cung c\u1ea5p c\u00e1c d\u00f2ng m\u00e1y x\u00e2y d\u1ef1ng<\/p>\n<ul>\n<li>Uy t\u00edn \u0111\u01b0\u1ee3c kh\u1eb3ng \u0111\u1ecbnh<\/li>\n<li>Ch\u1ea5t l\u01b0\u1ee3ng s\u1ea3n ph\u1ea9m v\u01b0\u1ee3t tr\u1ed9i<\/li>\n<li>\u0110\u1ed9i ng\u0169 k\u1ef9 thu\u1eadt d\u00e0y d\u1eb7n kinh nghi\u1ec7m v\u00e0 c\u00f3 chuy\u00ean m\u00f4n cao<\/li>\n<li>S\u1ea3n ph\u1ea9m \u01b0u Vi\u1ec7t<\/li>\n<li>M\u1ee9c gi\u00e1 t\u1ed1t nh\u1ea5t th\u1ecb tr\u01b0\u1eddng<\/li>\n<li>Ch\u1ebf \u0111\u1ed9 b\u1ea3o h\u00e0nh, b\u1ea3o tr\u00ec k\u1ecbp th\u1eddi nhanh ch\u00f3ng<\/li>\n<\/ul>","protected":false},"excerpt":{"rendered":"<p>L\u00fd do n\u00ean ch\u1ecdn H\u1ed3 Ho\u00e0n C\u1ea7u l\u00e0 \u0111\u1ed1i t\u00e1c cung c\u1ea5p c\u00e1c d\u00f2ng m\u00e1y x\u00e2y d\u1ef1ng Uy t\u00edn \u0111\u01b0\u1ee3c<\/p>","protected":false},"featured_media":17565,"comment_status":"closed","ping_status":"closed","template":"","meta":{"_acf_changed":false},"product_cat":[366,367,348,392],"product_tag":[],"class_list":{"0":"post-17564","1":"product","2":"type-product","3":"status-publish","4":"has-post-thumbnail","6":"product_cat-hang-cnnt-cap-qg","7":"product_cat-hang-cnnt-cap-qg-2023","8":"product_cat-thiet-bi-co-khi","9":"product_cat-thiet-bi-may-moc-khac","11":"first","12":"instock","13":"shipping-taxable","14":"product-type-simple"},"acf":[],"_links":{"self":[{"href":"https:\/\/b2c.fairs.vn\/en\/wp-json\/wp\/v2\/product\/17564","targetHints":{"allow":["GET"]}}],"collection":[{"href":"https:\/\/b2c.fairs.vn\/en\/wp-json\/wp\/v2\/product"}],"about":[{"href":"https:\/\/b2c.fairs.vn\/en\/wp-json\/wp\/v2\/types\/product"}],"replies":[{"embeddable":true,"href":"https:\/\/b2c.fairs.vn\/en\/wp-json\/wp\/v2\/comments?post=17564"}],"version-history":[{"count":0,"href":"https:\/\/b2c.fairs.vn\/en\/wp-json\/wp\/v2\/product\/17564\/revisions"}],"wp:featuredmedia":[{"embeddable":true,"href":"https:\/\/b2c.fairs.vn\/en\/wp-json\/wp\/v2\/media\/17565"}],"wp:attachment":[{"href":"https:\/\/b2c.fairs.vn\/en\/wp-json\/wp\/v2\/media?parent=17564"}],"wp:term":[{"taxonomy":"product_cat","embeddable":true,"href":"https:\/\/b2c.fairs.vn\/en\/wp-json\/wp\/v2\/product_cat?post=17564"},{"taxonomy":"product_tag","embeddable":true,"href":"https:\/\/b2c.fairs.vn\/en\/wp-json\/wp\/v2\/product_tag?post=17564"}],"curies":[{"name":"wp","href":"https:\/\/api.w.org\/{rel}","templated":true}]}}