{"id":17545,"date":"2024-04-19T11:10:52","date_gmt":"2024-04-19T04:10:52","guid":{"rendered":"https:\/\/b2c.fairs.vn\/?post_type=product&#038;p=17545"},"modified":"2024-04-19T11:10:52","modified_gmt":"2024-04-19T04:10:52","slug":"cao-day-thia-canh-pu-mat","status":"publish","type":"product","link":"https:\/\/b2c.fairs.vn\/en\/product\/cao-day-thia-canh-pu-mat\/","title":{"rendered":"Cao D\u00e2y th\u00eca canh P\u00f9 M\u00e1t"},"content":{"rendered":"<div id=\"input_line_0\"><span id=\"input_part_0\" class=\"\" data-mention=\"- Th\u00e0nh ph\u1ea7n: D\u00e2y th\u00eca canh: 80%, Gi\u1ea3o c\u1ed5 lam: 10%; M\u01b0\u1edbp \u0111\u1eafng r\u1eebng: 10%\">\u2013 Th\u00e0nh ph\u1ea7n: D\u00e2y th\u00eca canh: 80%, Gi\u1ea3o c\u1ed5 lam: 10%; M\u01b0\u1edbp \u0111\u1eafng r\u1eebng: 10%<\/span><\/div>\n<div id=\"input_line_2\"><span id=\"input_part_0\" class=\"\" data-mention=\"- \u0110\u1ed1i t\u01b0\u1ee3ng d\u00f9ng t\u1ed1t nh\u1ea5t:\">\u2013 \u0110\u1ed1i t\u01b0\u1ee3ng d\u00f9ng t\u1ed1t nh\u1ea5t:<\/span><\/div>\n<div id=\"input_line_4\"><span id=\"input_part_0\" class=\"\" data-mention=\"+ D\u00f9ng cho ng\u01b0\u1eddi b\u1ecb ti\u1ec3u \u0111\u01b0\u1eddng type 1 v\u00e0 type 2\">+ D\u00f9ng cho ng\u01b0\u1eddi b\u1ecb ti\u1ec3u \u0111\u01b0\u1eddng type 1 v\u00e0 type 2<\/span><\/div>\n<div id=\"input_line_5\"><span id=\"input_part_0\" class=\"\" data-mention=\"+ Ng\u01b0\u1eddi b\u1ecb m\u1ee1 m\u00e1u cao\">+ Ng\u01b0\u1eddi b\u1ecb m\u1ee1 m\u00e1u cao<\/span><\/div>\n<div id=\"input_line_6\"><span id=\"input_part_0\" class=\"\" data-mention=\"- H\u01b0\u1edbng d\u1eabn s\u1eed d\u1ee5ng:\">\u2013 H\u01b0\u1edbng d\u1eabn s\u1eed d\u1ee5ng:<\/span><\/div>\n<div>\n<div id=\"input_line_7\"><span id=\"input_part_0\" class=\"\" data-mention=\"+ D\u00f9ng th\u00eca x\u00fac cao \u0103n, \u0103n tr\u1ef1c ti\u1ebfp v\u1edbi n\u01b0\u1edbc \u1ea5m ho\u1eb7c h\u00f2a tan trong n\u01b0\u1edbc n\u00f3ng\">+ D\u00f9ng th\u00eca x\u00fac cao \u0103n, \u0103n tr\u1ef1c ti\u1ebfp v\u1edbi n\u01b0\u1edbc \u1ea5m ho\u1eb7c h\u00f2a tan trong n\u01b0\u1edbc n\u00f3ng<\/span><\/div>\n<div id=\"input_line_8\"><span id=\"input_part_0\" class=\"\" data-mention=\"+ D\u00f9ng 1g cao D\u00e2y th\u00eca canh\/l\u1ea7n u\u1ed1ng v\u00e0o 150 - 200 ml c\u1ed1c n\u01b0\u1edbc n\u00f3ng, khu\u1ea5y \u0111\u1ec1u v\u00e0 d\u00f9ng ngay\">+ D\u00f9ng 1g cao D\u00e2y th\u00eca canh\/l\u1ea7n u\u1ed1ng v\u00e0o 150 \u2013 200 ml c\u1ed1c n\u01b0\u1edbc n\u00f3ng, khu\u1ea5y \u0111\u1ec1u v\u00e0 d\u00f9ng ngay<\/span><\/div>\n<div id=\"input_line_9\"><span id=\"input_part_0\" class=\"\" data-mention=\"+ Ng\u00e0y u\u1ed1ng 3 l\u1ea7n, n\u00ean d\u00f9ng sau khi \u0103n no 15 \u0111\u1ebfn 20 ph\u00fat\">+ Ng\u00e0y u\u1ed1ng 3 l\u1ea7n, n\u00ean d\u00f9ng sau khi \u0103n no 15 \u0111\u1ebfn 20 ph\u00fat<\/span><\/div>\n<div id=\"input_line_10\"><span id=\"input_part_0\" class=\"\" data-mention=\"- B\u1ea3o qu\u1ea3n: \u0110\u1ec3 n\u01a1i kh\u00f4 r\u00e1o, tho\u00e1ng m\u00e1t, \u0111\u1ea3m b\u1ea3o v\u1ec7 sinh v\u00e0 tr\u00e1nh \u00e1nh n\u1eafng tr\u1ef1c ti\u1ebfp\">\u2013 B\u1ea3o qu\u1ea3n: \u0110\u1ec3 n\u01a1i kh\u00f4 r\u00e1o, tho\u00e1ng m\u00e1t, \u0111\u1ea3m b\u1ea3o v\u1ec7 sinh v\u00e0 tr\u00e1nh \u00e1nh n\u1eafng tr\u1ef1c ti\u1ebfp<\/span><\/div>\n<div id=\"input_line_11\"><span id=\"input_part_0\" class=\"\" data-mention=\"D\u00e2y th\u00eca canh c\u00f2n c\u00f3 t\u00ean kh\u00e1c l\u00e0: D\u00e2y Mu\u00f4i, L\u1eeba Ty R\u1eebng. V\u1edbi t\u00ean khoa h\u1ecdc: Gymnema sylvestre (Retz.) R. Br. ex Schult., H\u1ecd Thi\u00ean l\u00fd (Asclepiadaceae). Ho\u1ea1t ch\u1ea5t ch\u00ednh trong D\u00e2y th\u00eca canh l\u00e0 gymnemic c\u00f3 t\u00e1c d\u1ee5ng l\u00e0m t\u0103ng ti\u1ebft insulin c\u1ee7a tuy\u1ebfn t\u1ee5y, t\u0103ng c\u01b0\u1eddng ho\u1ea1t l\u1ef1c c\u1ee7a insulin, \u1ee9c ch\u1ebf h\u1ea5p thu glucose \u1edf ru\u1ed9t... Ch\u00ednh nh\u1edd ho\u1ea1t ch\u1ea5t n\u00e0y m\u00e0 D\u00e2y th\u00eca canh tr\u1edf th\u00e0nh lo\u1ea1i d\u01b0\u1ee3c li\u1ec7u qu\u00fd v\u00e0 \u0111\u01b0\u1ee3c nhi\u1ec1u qu\u1ed1c gia tr\u00ean th\u1ebf gi\u1edbi s\u1eed d\u1ee5ng l\u00e0m thu\u1ed1c \u0111i\u1ec1u tr\u1ecb b\u1ec7nh ti\u1ec3u \u0111\u01b0\u1eddng.\">D\u00e2y th\u00eca canh c\u00f2n c\u00f3 t\u00ean kh\u00e1c l\u00e0: D\u00e2y Mu\u00f4i, L\u1eeba Ty R\u1eebng. V\u1edbi t\u00ean khoa h\u1ecdc: Gymnema sylvestre (Retz.) R. Br. ex Schult., H\u1ecd Thi\u00ean l\u00fd (Asclepiadaceae). Ho\u1ea1t ch\u1ea5t ch\u00ednh trong D\u00e2y th\u00eca canh l\u00e0 gymnemic c\u00f3 t\u00e1c d\u1ee5ng l\u00e0m t\u0103ng ti\u1ebft insulin c\u1ee7a tuy\u1ebfn t\u1ee5y, t\u0103ng c\u01b0\u1eddng ho\u1ea1t l\u1ef1c c\u1ee7a insulin, \u1ee9c ch\u1ebf h\u1ea5p thu glucose \u1edf ru\u1ed9t\u2026 Ch\u00ednh nh\u1edd ho\u1ea1t ch\u1ea5t n\u00e0y m\u00e0 D\u00e2y th\u00eca canh tr\u1edf th\u00e0nh lo\u1ea1i d\u01b0\u1ee3c li\u1ec7u qu\u00fd v\u00e0 \u0111\u01b0\u1ee3c nhi\u1ec1u qu\u1ed1c gia tr\u00ean th\u1ebf gi\u1edbi s\u1eed d\u1ee5ng l\u00e0m thu\u1ed1c \u0111i\u1ec1u tr\u1ecb b\u1ec7nh ti\u1ec3u \u0111\u01b0\u1eddng.<\/span><\/div>\n<\/div>","protected":false},"excerpt":{"rendered":"<p>\u2013 Th\u00e0nh ph\u1ea7n: D\u00e2y th\u00eca canh: 80%, Gi\u1ea3o c\u1ed5 lam: 10%; M\u01b0\u1edbp \u0111\u1eafng r\u1eebng: 10% \u2013 \u0110\u1ed1i t\u01b0\u1ee3ng d\u00f9ng t\u1ed1t<\/p>","protected":false},"featured_media":17552,"comment_status":"closed","ping_status":"closed","template":"","meta":{"_acf_changed":false},"product_cat":[316,332,366,367,22,313,333],"product_tag":[],"class_list":{"0":"post-17545","1":"product","2":"type-product","3":"status-publish","4":"has-post-thumbnail","6":"product_cat-che-bien-tu-rau-cu-qua-hat","7":"product_cat-san-pham-duoc-lieu-va-san-pham-tu-duoc-lieu","8":"product_cat-hang-cnnt-cap-qg","9":"product_cat-hang-cnnt-cap-qg-2023","10":"product_cat-sanphamthucpham","11":"product_cat-thuc-pham-che-bien","12":"product_cat-thuc-pham-chuc-nang-thuoc-duoc-lieu-thuoc-y-hoc-co-truyen","14":"first","15":"instock","16":"shipping-taxable","17":"product-type-simple"},"acf":[],"_links":{"self":[{"href":"https:\/\/b2c.fairs.vn\/en\/wp-json\/wp\/v2\/product\/17545","targetHints":{"allow":["GET"]}}],"collection":[{"href":"https:\/\/b2c.fairs.vn\/en\/wp-json\/wp\/v2\/product"}],"about":[{"href":"https:\/\/b2c.fairs.vn\/en\/wp-json\/wp\/v2\/types\/product"}],"replies":[{"embeddable":true,"href":"https:\/\/b2c.fairs.vn\/en\/wp-json\/wp\/v2\/comments?post=17545"}],"version-history":[{"count":0,"href":"https:\/\/b2c.fairs.vn\/en\/wp-json\/wp\/v2\/product\/17545\/revisions"}],"wp:featuredmedia":[{"embeddable":true,"href":"https:\/\/b2c.fairs.vn\/en\/wp-json\/wp\/v2\/media\/17552"}],"wp:attachment":[{"href":"https:\/\/b2c.fairs.vn\/en\/wp-json\/wp\/v2\/media?parent=17545"}],"wp:term":[{"taxonomy":"product_cat","embeddable":true,"href":"https:\/\/b2c.fairs.vn\/en\/wp-json\/wp\/v2\/product_cat?post=17545"},{"taxonomy":"product_tag","embeddable":true,"href":"https:\/\/b2c.fairs.vn\/en\/wp-json\/wp\/v2\/product_tag?post=17545"}],"curies":[{"name":"wp","href":"https:\/\/api.w.org\/{rel}","templated":true}]}}