{"id":17535,"date":"2024-04-19T11:04:37","date_gmt":"2024-04-19T04:04:37","guid":{"rendered":"https:\/\/b2c.fairs.vn\/?post_type=product&#038;p=17535"},"modified":"2024-04-19T11:11:56","modified_gmt":"2024-04-19T04:11:56","slug":"cao-ca-gai-leo-pu-mat","status":"publish","type":"product","link":"https:\/\/b2c.fairs.vn\/en\/product\/cao-ca-gai-leo-pu-mat\/","title":{"rendered":"Cao c\u00e0 gai leo P\u00f9 M\u00e1t"},"content":{"rendered":"<div id=\"input_line_5\"><span id=\"input_part_0\" class=\"\" data-mention=\"- Th\u00e0nh ph\u1ea7n: C\u00e0 gai leo: 80%, Gi\u1ea3o c\u1ed5 lam: 20%\">Th\u00e0nh ph\u1ea7n: C\u00e0 gai leo: 80%, Gi\u1ea3o c\u1ed5 lam: 20%<\/span><\/div>\n<div id=\"input_line_6\"><\/div>\n<div id=\"input_line_7\"><span id=\"input_part_0\" class=\"\" data-mention=\"- \u0110\u1ed1i t\u01b0\u1ee3ng d\u00f9ng t\u1ed1t nh\u1ea5t:\">\u2013 \u0110\u1ed1i t\u01b0\u1ee3ng d\u00f9ng t\u1ed1t nh\u1ea5t:<\/span><\/div>\n<div id=\"input_line_8\"><\/div>\n<div id=\"input_line_9\"><span id=\"input_part_0\" class=\"\" data-mention=\"+ Ng\u01b0\u1eddi men gan cao; Gan nhi\u1ec5m m\u1ee1; Vi\u00eam gan virus\">+ Ng\u01b0\u1eddi men gan cao; Gan nhi\u1ec5m m\u1ee1; Vi\u00eam gan virus<\/span><\/div>\n<div id=\"input_line_10\"><\/div>\n<div id=\"input_line_11\"><span id=\"input_part_0\" class=\"\" data-mention=\"+ Ng\u01b0\u1eddi u\u1ed1ng bia r\u01b0\u1ee3u ho\u1eb7c s\u1eed d\u1ee5ng thu\u1ed1c t\u00e2n d\u01b0\u1ee3c g\u00e2y \u1ea3nh h\u01b0\u1edfng t\u1ebf b\u00e0o gan\">+ Ng\u01b0\u1eddi u\u1ed1ng bia r\u01b0\u1ee3u ho\u1eb7c s\u1eed d\u1ee5ng thu\u1ed1c t\u00e2n d\u01b0\u1ee3c g\u00e2y \u1ea3nh h\u01b0\u1edfng t\u1ebf b\u00e0o gan<\/span><\/div>\n<div id=\"input_line_12\"><\/div>\n<div id=\"input_line_13\"><span id=\"input_part_0\" class=\"\" data-mention=\"- H\u01b0\u1edbng d\u1eabn s\u1eed d\u1ee5ng:\">\u2013 H\u01b0\u1edbng d\u1eabn s\u1eed d\u1ee5ng:<\/span><\/div>\n<div id=\"input_line_14\"><\/div>\n<div id=\"input_line_15\"><span id=\"input_part_0\" class=\"\" data-mention=\"+ D\u00f9ng 0,7g \u0111\u1ebfn 1g cao C\u00e0 gai leo\/l\u1ea7n u\u1ed1ng v\u00e0o 150 - 200 ml c\u1ed1c n\u01b0\u1edbc n\u00f3ng, khu\u1ea5y \u0111\u1ec1u v\u00e0 d\u00f9ng ngay\">+ D\u00f9ng 0,7g \u0111\u1ebfn 1g cao C\u00e0 gai leo\/l\u1ea7n u\u1ed1ng v\u00e0o 150 \u2013 200 ml c\u1ed1c n\u01b0\u1edbc n\u00f3ng, khu\u1ea5y \u0111\u1ec1u v\u00e0 d\u00f9ng ngay<\/span><\/div>\n<div id=\"input_line_16\"><\/div>\n<div id=\"input_line_17\"><span id=\"input_part_0\" class=\"\" data-mention=\"+ Ng\u00e0y u\u1ed1ng 3 \u0111\u1ebfn 4 l\u1ea7n. Tr\u01b0\u1eddng h\u1ee3p u\u1ed1ng nhi\u1ec1u bia r\u01b0\u1ee3u, d\u00f9ng 1g \u0111\u1ebfn 2g\/l\u1ea7n (tr\u01b0\u1edbc v\u00e0 sau khi u\u1ed1ng r\u01b0\u1ee3u)\">+ Ng\u00e0y u\u1ed1ng 3 \u0111\u1ebfn 4 l\u1ea7n. Tr\u01b0\u1eddng h\u1ee3p u\u1ed1ng nhi\u1ec1u bia r\u01b0\u1ee3u, d\u00f9ng 1g \u0111\u1ebfn 2g\/l\u1ea7n (tr\u01b0\u1edbc v\u00e0 sau khi u\u1ed1ng r\u01b0\u1ee3u)<\/span><\/div>\n<div id=\"input_line_18\"><\/div>\n<div id=\"input_line_19\"><span id=\"input_part_0\" class=\"\" data-mention=\"- B\u1ea3o qu\u1ea3n: \u0110\u1ec3 n\u01a1i kh\u00f4 r\u00e1o, tho\u00e1ng m\u00e1t, \u0111\u1ea3m b\u1ea3o v\u1ec7 sinh v\u00e0 tr\u00e1nh \u00e1nh n\u1eafng tr\u1ef1c ti\u1ebfp\">\u2013 B\u1ea3o qu\u1ea3n: \u0110\u1ec3 n\u01a1i kh\u00f4 r\u00e1o, tho\u00e1ng m\u00e1t, \u0111\u1ea3m b\u1ea3o v\u1ec7 sinh v\u00e0 tr\u00e1nh \u00e1nh n\u1eafng tr\u1ef1c ti\u1ebfp<\/span><\/div>","protected":false},"excerpt":{"rendered":"<p>Th\u00e0nh ph\u1ea7n: C\u00e0 gai leo: 80%, Gi\u1ea3o c\u1ed5 lam: 20% \u2013 \u0110\u1ed1i t\u01b0\u1ee3ng d\u00f9ng t\u1ed1t nh\u1ea5t: + Ng\u01b0\u1eddi men gan<\/p>","protected":false},"featured_media":17537,"comment_status":"closed","ping_status":"closed","template":"","meta":{"_acf_changed":false},"product_cat":[316,332,366,367,22,313,333],"product_tag":[],"class_list":{"0":"post-17535","1":"product","2":"type-product","3":"status-publish","4":"has-post-thumbnail","6":"product_cat-che-bien-tu-rau-cu-qua-hat","7":"product_cat-san-pham-duoc-lieu-va-san-pham-tu-duoc-lieu","8":"product_cat-hang-cnnt-cap-qg","9":"product_cat-hang-cnnt-cap-qg-2023","10":"product_cat-sanphamthucpham","11":"product_cat-thuc-pham-che-bien","12":"product_cat-thuc-pham-chuc-nang-thuoc-duoc-lieu-thuoc-y-hoc-co-truyen","14":"first","15":"instock","16":"shipping-taxable","17":"purchasable","18":"product-type-simple"},"acf":[],"_links":{"self":[{"href":"https:\/\/b2c.fairs.vn\/en\/wp-json\/wp\/v2\/product\/17535","targetHints":{"allow":["GET"]}}],"collection":[{"href":"https:\/\/b2c.fairs.vn\/en\/wp-json\/wp\/v2\/product"}],"about":[{"href":"https:\/\/b2c.fairs.vn\/en\/wp-json\/wp\/v2\/types\/product"}],"replies":[{"embeddable":true,"href":"https:\/\/b2c.fairs.vn\/en\/wp-json\/wp\/v2\/comments?post=17535"}],"version-history":[{"count":0,"href":"https:\/\/b2c.fairs.vn\/en\/wp-json\/wp\/v2\/product\/17535\/revisions"}],"wp:featuredmedia":[{"embeddable":true,"href":"https:\/\/b2c.fairs.vn\/en\/wp-json\/wp\/v2\/media\/17537"}],"wp:attachment":[{"href":"https:\/\/b2c.fairs.vn\/en\/wp-json\/wp\/v2\/media?parent=17535"}],"wp:term":[{"taxonomy":"product_cat","embeddable":true,"href":"https:\/\/b2c.fairs.vn\/en\/wp-json\/wp\/v2\/product_cat?post=17535"},{"taxonomy":"product_tag","embeddable":true,"href":"https:\/\/b2c.fairs.vn\/en\/wp-json\/wp\/v2\/product_tag?post=17535"}],"curies":[{"name":"wp","href":"https:\/\/api.w.org\/{rel}","templated":true}]}}