{"id":1748,"date":"2024-03-18T07:11:54","date_gmt":"2024-03-18T07:11:54","guid":{"rendered":"https:\/\/b2c.fairs.vn\/?post_type=product&#038;p=1748"},"modified":"2024-04-04T14:25:14","modified_gmt":"2024-04-04T07:25:14","slug":"dinh-lang-vu-gia-tra-hoa-tan","status":"publish","type":"product","link":"https:\/\/b2c.fairs.vn\/en\/product\/dinh-lang-vu-gia-tra-hoa-tan\/","title":{"rendered":"\u0110inh l\u0103ng V\u0169 Gia (tr\u00e0 h\u00f2a tan)"},"content":{"rendered":"<p>S\u1ea3n ph\u1ea9m chi\u1ebft su\u1ea5t \u0110inh l\u0103ng (<i>Polyscias fructicosa(L) Harms): 2000mg (t\u01b0\u01a1ng \u0111\u01b0\u01a1ng 3000mg d\u01b0\u1ee3c li\u1ec7u r\u1ec5 \u0110inh l\u0103ng)<\/i><\/p>\n<p>\u0110inh l\u0103ng t\u1eeb xa x\u01b0a \u0111\u00e3 \u0111\u01b0\u1ee3c H\u1ea3i Th\u01b0\u1ee3ng L\u00e3n \u00d4ng m\u1ec7nh danh l\u00e0 Nh\u00e2n s\u00e2m c\u1ee7a ng\u01b0\u1eddi Vi\u1ec7t. R\u1ec5 \u0110inh l\u0103ng c\u00f3 ch\u1ee9a nhi\u1ec1u Saponin c\u00f3 t\u00e1c d\u1ee5ng nh\u01b0 nh\u00e2n s\u00e2m, vitamin B1, B2, B6, C v\u00e0 20 acid amin c\u1ea7n thi\u1ebft cho c\u01a1 th\u1ec3 trong \u0111\u00f3 c\u00f3 12 acid amin kh\u00f4ng th\u1ec3 thay th\u1ebf \u0111\u01b0\u1ee3c. \u0110inh l\u0103ng c\u00f3 t\u00e1c d\u1ee5ng t\u0103ng c\u01b0\u1eddng sinh l\u1ef1c v\u00e0 tr\u00ed l\u1ef1c, ch\u1ed1ng suy nh\u01b0\u1ee3c c\u01a1 th\u1ec3 v\u00e0 suy nh\u01b0\u1ee3c th\u1ea7n kinh. Ngo\u00e0i ra, theo D\u01b0\u1ee3c \u0111i\u1ec3n Vi\u1ec7t Nam V \u2013 n\u0103m 2017 c\u0169ng \u0111\u1ec1 c\u1eadp: \u0111inh l\u0103ng ng\u1ecdt, t\u00ednh b\u00ecnh, quy v\u00e0o kinh ph\u1ebf t\u1ef3 v\u00e0 th\u1eadn. C\u00f4ng n\u0103ng b\u1ed5 kh\u00ed, l\u1ee3i s\u1eefa, gi\u1ea3i \u0111\u1ed9c. Ch\u1ee7 tr\u1ecb suy nh\u01b0\u1ee3c c\u01a1 th\u1ec3 v\u00e0 suy nh\u01b0\u1ee3c th\u1ea7n kinh (an th\u1ea7n), ti\u00eau h\u00f3a k\u00e9m, ng\u1ee7 k\u00e9m, ph\u1ee5 n\u1eef sau sinh \u00edt s\u1eefa.<\/p>\n<p>Cao \u0111inh l\u0103ng \u0111\u01b0\u1ee3c chi\u1ebft su\u1ea5t cao \u0111\u1eb7c t\u1eeb 100% nguy\u00ean li\u1ec7u l\u00e0 \u0111inh l\u0103ng (r\u1ec5, g\u1ed1c) v\u00e0 s\u1ea5y phun th\u00e0nh b\u1ed9t b\u1eb1ng thi\u1ebft b\u1ecb c\u00f4ng ngh\u1ec7 ti\u00ean ti\u1ebfn. S\u1ea3n ph\u1ea9m \u0111\u01b0\u1ee3c s\u1ea3n xu\u1ea5t t\u1ea1i nh\u00e0 m\u00e1y C\u00f4ng ty CP D\u01b0\u1ee3c M\u1ef9 Ph\u1ea9m CVI, \u0111\u1ea1t ti\u00eau chu\u1ea9n GMP.<\/p>\n<p>Cao \u0110inh l\u0103ng l\u00e0 th\u00e0nh ph\u1ea7n ch\u00ednh c\u1ee7a thu\u1ed1c ho\u1ea1t huy\u1ebft d\u01b0\u1ee1ng n\u00e3o<\/p>\n<p>T\u00c1C D\u1ee4NG: B\u1ed5 kh\u00ed huy\u1ebft, ho\u1ea1t huy\u1ebft d\u01b0\u1ee1ng n\u00e3o.<\/p>\n<p>HO\u1ea0T HUY\u1ebeT D\u01af\u1ee0NG N\u00c3O l\u00e0m t\u0103ng ch\u1ee9c n\u0103ng h\u1ec7 th\u1ea7n kinh trung \u01b0\u01a1ng, t\u0103ng ho\u1ea1t h\u00f3a v\u1ecf n\u00e3o, l\u00e0m t\u0103ng tr\u00ed nh\u1edb v\u00e0 kh\u00f4i ph\u1ee5c tr\u00ed nh\u1edb, gi\u1ea3m c\u00e1c bi\u1ec3u hi\u1ec7n c\u1ee7a suy tu\u1ea7n ho\u00e0n n\u00e3o nh\u01b0: \u0111au \u0111\u1ea7u, ch\u00f3ng m\u1eb7t, r\u1ed1i lo\u1ea1n ti\u1ec1n \u0111\u00ecnh, gi\u1ea3m tr\u00ed nh\u1edb v\u00e0 \u0111\u1ed9 minh m\u1eabn.<\/p>\n<p>HO\u1ea0T HUY\u1ebeT D\u01af\u1ee0NG N\u00c3O c\u1ea3i thi\u1ec7n c\u00e1c ch\u1ec9 s\u1ed1 v\u1ec1 l\u01b0u huy\u1ebft n\u00e3o, l\u00e0m t\u0103ng l\u01b0u l\u01b0\u1ee3ng tu\u1ea7n ho\u00e0n n\u00e3o, gi\u1ea3m tr\u01b0\u01a1ng l\u1ef1c m\u1ea1ch m\u00e1u n\u00e3o, l\u00e0m t\u0103ng cung c\u1ea5p m\u00e1u cho n\u00e3o, ph\u1ee5c h\u1ed3i l\u1ea1i c\u00e1c ch\u1ee9c n\u0103ng ho\u1ea1t \u0111\u1ed9ng c\u1ee7a n\u00e3o b\u1ed9.<\/p>\n<p>HO\u1ea0T HUY\u1ebeT D\u01af\u1ee0NG N\u00c3O c\u00f3 t\u00e1c d\u1ee5ng kh\u00e1ng M.A.O l\u00e0m h\u1ed3i v\u01b0\u1ee3ng Dopamin n\u00e3o l\u00e0m gi\u1ea3m tri\u1ec7u ch\u1ee9ng run c\u1ee7a b\u1ec7nh Parkinson.<\/p>\n<p>HO\u1ea0T HUY\u1ebeT D\u01af\u1ee0NG N\u00c3O l\u00e0m t\u0103ng l\u1ef1c b\u00f3p tay, s\u1ee9c k\u00e9o v\u00e0 kh\u1ea3 n\u0103ng ph\u1ed1i h\u1ee3p \u0111\u1ed9ng t\u00e1c ch\u00ednh x\u00e1c c\u1ee7a b\u1ec7nh nh\u00e2n Parkinson.<\/p>\n<p>HO\u1ea0T HUY\u1ebeT D\u01af\u1ee0NG N\u00c3O th\u00edch h\u1ee3p v\u1edbi ng\u01b0\u1eddi ho\u1ea1t \u0111\u1ed9ng tr\u00ed \u00f3c c\u0103ng th\u1eb3ng b\u1ecb suy gi\u1ea3m tr\u00ed nh\u1edb, k\u00e9m t\u1eadp trung, m\u1ec7t m\u1ecfi.<\/p>\n<p>CH\u1ec8 \u0110\u1ecaNH: Ph\u00f2ng v\u00e0 \u0111i\u1ec1u tr\u1ecb c\u00e1c b\u1ec7nh sau:<\/p>\n<p>1. Suy gi\u1ea3m tr\u00ed nh\u1edb, c\u0103ng th\u1eb3ng th\u1ea7n kinh, k\u00e9m t\u1eadp trung.<\/p>\n<p>2. Thi\u1ec3u n\u0103ng tu\u1ea7n ho\u00e0n n\u00e3o, h\u1ed9i ch\u1ee9ng ti\u1ec1n \u0111\u00ecnh v\u1edbi c\u00e1c bi\u1ec3u hi\u1ec7n: \u0111au \u0111\u1ea7u, hoa m\u1eaft, ch\u00f3ng m\u1eb7t, m\u1ea5t ng\u1ee7, m\u1ea5t th\u0103ng b\u1eb1ng.<\/p>\n<p>3. Gi\u1ea3m ch\u1ee9c n\u0103ng n\u00e3o b\u1ed9: gi\u1ea3m tr\u00ed nh\u1edb, suy nh\u01b0\u1ee3c th\u1ea7n kinh, di ch\u1ee9ng n\u00e3o.<\/p>\n<p>4. Ch\u1ee9ng run gi\u1eadt c\u1ee7a b\u1ec7nh nh\u00e2n Parkinson.<\/p>\n<p>CH\u1ed0NG Ch\u1ec9 \u0111\u1ecbnh: \u2013\u00a0Th\u1ef1c ph\u1ea9m n\u00e0y kh\u00f4ng ph\u1ea3i l\u00e0 thu\u1ed1c, kh\u00f4ng c\u00f3 t\u00e1c d\u1ee5ng thay th\u1ebf thu\u1ed1c ch\u1eefa b\u1ec7nh; Kh\u00f4ng s\u1eed d\u1ee5ng cho ng\u01b0\u1eddi m\u1eabn c\u1ea3m, ki\u00eang k\u1ef5 v\u1edbi b\u1ea7y k\u1ef3 th\u00e0nh ph\u1ea7n c\u1ee7a s\u1ea3n ph\u1ea9m.<br \/>\n&#8211; Kh\u00f4ng d\u00f9ng cho ph\u1ee5 n\u1eef c\u00f3 thai.<br \/>\n&#8211; Ng\u01b0\u1eddi c\u00f3 r\u1ed1i lo\u1ea1n v\u1ec1 m\u00e1u, rong kinh, ng\u01b0\u1eddi \u0111ang xu\u1ea5t huy\u1ebft.<\/p>\n<p>C\u00c1CH S\u1eec D\u1ee4NG: d\u00f9ng h\u00e0ng ng\u00e0y, 1 g\u00f3i pha v\u1edbi 250-300ml n\u01b0\u1edbc n\u00f3ng, khu\u1ea5y tan v\u00e0 th\u01b0\u1edfng th\u1ee9c.<\/p>\n<p>B\u1ea2O QU\u1ea2N: k\u00edn, n\u01a1i kh\u00f4 r\u00e1o<\/p>\n<p>LI\u00caN H\u1ec6: Ph\u1ea1m Ti\u1ebfn Du\u1eadt \u2013\u00a0zalo\/sdt\u00a0 \u00a0 09 1616 0436<\/p>\n<p><img fetchpriority=\"high\" decoding=\"async\" class=\"alignnone size-medium wp-image-1751\" src=\"http:\/\/b2c.fairs.vn\/wp-content\/uploads\/2024\/03\/1682061567284_256035456_IMG-6117-ec156f-600-450-300x225.jpg\" alt=\"\" width=\"300\" height=\"225\" srcset=\"https:\/\/b2c.fairs.vn\/wp-content\/uploads\/2024\/03\/1682061567284_256035456_IMG-6117-ec156f-600-450-300x225.jpg 300w, https:\/\/b2c.fairs.vn\/wp-content\/uploads\/2024\/03\/1682061567284_256035456_IMG-6117-ec156f-600-450-150x113.jpg 150w, https:\/\/b2c.fairs.vn\/wp-content\/uploads\/2024\/03\/1682061567284_256035456_IMG-6117-ec156f-600-450.jpg 600w\" sizes=\"(max-width: 300px) 100vw, 300px\" \/> <img decoding=\"async\" class=\"alignnone size-medium wp-image-1752\" src=\"http:\/\/b2c.fairs.vn\/wp-content\/uploads\/2024\/03\/1682061567310_622709941_So-che-Dinh-lang-1ea2db-600-450-300x225.jpg\" alt=\"\" width=\"300\" height=\"225\" srcset=\"https:\/\/b2c.fairs.vn\/wp-content\/uploads\/2024\/03\/1682061567310_622709941_So-che-Dinh-lang-1ea2db-600-450-300x225.jpg 300w, https:\/\/b2c.fairs.vn\/wp-content\/uploads\/2024\/03\/1682061567310_622709941_So-che-Dinh-lang-1ea2db-600-450-150x113.jpg 150w, https:\/\/b2c.fairs.vn\/wp-content\/uploads\/2024\/03\/1682061567310_622709941_So-che-Dinh-lang-1ea2db-600-450.jpg 600w\" sizes=\"(max-width: 300px) 100vw, 300px\" \/> <img decoding=\"async\" class=\"alignnone size-medium wp-image-1754\" src=\"http:\/\/b2c.fairs.vn\/wp-content\/uploads\/2024\/03\/1682061645340_328685172_GCN-GACP-VGHDinh-lang-la-nho-2af39f-600-450-300x225.jpg\" alt=\"\" width=\"300\" height=\"225\" srcset=\"https:\/\/b2c.fairs.vn\/wp-content\/uploads\/2024\/03\/1682061645340_328685172_GCN-GACP-VGHDinh-lang-la-nho-2af39f-600-450-300x225.jpg 300w, https:\/\/b2c.fairs.vn\/wp-content\/uploads\/2024\/03\/1682061645340_328685172_GCN-GACP-VGHDinh-lang-la-nho-2af39f-600-450-150x113.jpg 150w, https:\/\/b2c.fairs.vn\/wp-content\/uploads\/2024\/03\/1682061645340_328685172_GCN-GACP-VGHDinh-lang-la-nho-2af39f-600-450.jpg 600w\" sizes=\"(max-width: 300px) 100vw, 300px\" \/> <img loading=\"lazy\" decoding=\"async\" class=\"alignnone size-medium wp-image-1755\" src=\"http:\/\/b2c.fairs.vn\/wp-content\/uploads\/2024\/03\/1700127701331_543567176_A_inh-lA_ng-VA\u00a9-Gia-2-225x300.jpg\" alt=\"\" width=\"225\" height=\"300\" srcset=\"https:\/\/b2c.fairs.vn\/wp-content\/uploads\/2024\/03\/1700127701331_543567176_A_inh-lA_ng-VA\u00a9-Gia-2-225x300.jpg 225w, https:\/\/b2c.fairs.vn\/wp-content\/uploads\/2024\/03\/1700127701331_543567176_A_inh-lA_ng-VA\u00a9-Gia-2-150x200.jpg 150w, https:\/\/b2c.fairs.vn\/wp-content\/uploads\/2024\/03\/1700127701331_543567176_A_inh-lA_ng-VA\u00a9-Gia-2-1200x1600.jpg 1200w, https:\/\/b2c.fairs.vn\/wp-content\/uploads\/2024\/03\/1700127701331_543567176_A_inh-lA_ng-VA\u00a9-Gia-2-768x1024.jpg 768w, https:\/\/b2c.fairs.vn\/wp-content\/uploads\/2024\/03\/1700127701331_543567176_A_inh-lA_ng-VA\u00a9-Gia-2-1152x1536.jpg 1152w, https:\/\/b2c.fairs.vn\/wp-content\/uploads\/2024\/03\/1700127701331_543567176_A_inh-lA_ng-VA\u00a9-Gia-2-1536x2048.jpg 1536w, https:\/\/b2c.fairs.vn\/wp-content\/uploads\/2024\/03\/1700127701331_543567176_A_inh-lA_ng-VA\u00a9-Gia-2-1320x1760.jpg 1320w, https:\/\/b2c.fairs.vn\/wp-content\/uploads\/2024\/03\/1700127701331_543567176_A_inh-lA_ng-VA\u00a9-Gia-2.jpg 1920w\" sizes=\"(max-width: 225px) 100vw, 225px\" \/><\/p>","protected":false},"excerpt":{"rendered":"<p><img loading=\"lazy\" decoding=\"async\" class=\"alignnone size-medium wp-image-1761\" src=\"http:\/\/b2c.fairs.vn\/wp-content\/uploads\/2024\/03\/sp_21-225x300.jpg\" alt=\"\" width=\"225\" height=\"300\" srcset=\"https:\/\/b2c.fairs.vn\/wp-content\/uploads\/2024\/03\/sp_21-225x300.jpg 225w, https:\/\/b2c.fairs.vn\/wp-content\/uploads\/2024\/03\/sp_21-scaled-150x200.jpg 150w, https:\/\/b2c.fairs.vn\/wp-content\/uploads\/2024\/03\/sp_21-scaled-1200x1600.jpg 1200w, https:\/\/b2c.fairs.vn\/wp-content\/uploads\/2024\/03\/sp_21-768x1024.jpg 768w, https:\/\/b2c.fairs.vn\/wp-content\/uploads\/2024\/03\/sp_21-1152x1536.jpg 1152w, https:\/\/b2c.fairs.vn\/wp-content\/uploads\/2024\/03\/sp_21-1536x2048.jpg 1536w, https:\/\/b2c.fairs.vn\/wp-content\/uploads\/2024\/03\/sp_21-1320x1760.jpg 1320w, https:\/\/b2c.fairs.vn\/wp-content\/uploads\/2024\/03\/sp_21-scaled.jpg 1920w\" sizes=\"(max-width: 225px) 100vw, 225px\" \/><\/p>","protected":false},"featured_media":15554,"comment_status":"open","ping_status":"closed","template":"","meta":{"_acf_changed":false},"product_cat":[321,322,22,323],"product_tag":[],"class_list":{"0":"post-1748","1":"product","2":"type-product","3":"status-publish","4":"has-post-thumbnail","6":"product_cat-che","7":"product_cat-che-tuoi-che-bien","8":"product_cat-sanphamthucpham","9":"product_cat-san-pham-tra-tu-thuc-vat-khac","11":"first","12":"instock","13":"shipping-taxable","14":"purchasable","15":"product-type-simple"},"acf":[],"_links":{"self":[{"href":"https:\/\/b2c.fairs.vn\/en\/wp-json\/wp\/v2\/product\/1748","targetHints":{"allow":["GET"]}}],"collection":[{"href":"https:\/\/b2c.fairs.vn\/en\/wp-json\/wp\/v2\/product"}],"about":[{"href":"https:\/\/b2c.fairs.vn\/en\/wp-json\/wp\/v2\/types\/product"}],"replies":[{"embeddable":true,"href":"https:\/\/b2c.fairs.vn\/en\/wp-json\/wp\/v2\/comments?post=1748"}],"version-history":[{"count":0,"href":"https:\/\/b2c.fairs.vn\/en\/wp-json\/wp\/v2\/product\/1748\/revisions"}],"wp:featuredmedia":[{"embeddable":true,"href":"https:\/\/b2c.fairs.vn\/en\/wp-json\/wp\/v2\/media\/15554"}],"wp:attachment":[{"href":"https:\/\/b2c.fairs.vn\/en\/wp-json\/wp\/v2\/media?parent=1748"}],"wp:term":[{"taxonomy":"product_cat","embeddable":true,"href":"https:\/\/b2c.fairs.vn\/en\/wp-json\/wp\/v2\/product_cat?post=1748"},{"taxonomy":"product_tag","embeddable":true,"href":"https:\/\/b2c.fairs.vn\/en\/wp-json\/wp\/v2\/product_tag?post=1748"}],"curies":[{"name":"wp","href":"https:\/\/api.w.org\/{rel}","templated":true}]}}