{"id":17381,"date":"2024-04-17T14:53:59","date_gmt":"2024-04-17T07:53:59","guid":{"rendered":"https:\/\/b2c.fairs.vn\/?post_type=product&#038;p=17381"},"modified":"2024-04-17T14:53:59","modified_gmt":"2024-04-17T07:53:59","slug":"bot-rau-ma-say-lanh","status":"publish","type":"product","link":"https:\/\/b2c.fairs.vn\/en\/product\/bot-rau-ma-say-lanh\/","title":{"rendered":"B\u1ed9t rau m\u00e1 s\u1ea5y l\u1ea1nh"},"content":{"rendered":"<p><strong>B\u1ed9t Rau M\u00e1 Qu\u1ea3ng Thanh<\/strong>\u00a0s\u1ebd gi\u00fap m\u1ed7i ng\u00e0y c\u1ee7a b\u1ea1n l\u00e0 m\u1ed9t ng\u00e0y n\u0103ng l\u01b0\u1ee3ng. V\u1ed1n c\u00f3 t\u00ednh h\u00e0n, t\u00ednh m\u00e1t, rau m\u00e1 l\u00e0 lo\u1ea1i rau c\u00f3 th\u00e0nh ph\u1ea7n dinh d\u01b0\u1ee1ng phong ph\u00fa; \u0111\u01b0\u1ee3c s\u1eed d\u1ee5ng nh\u01b0 m\u1ed9t lo\u1ea1i th\u1ea3o d\u01b0\u1ee3c qu\u00fd gi\u00fap gi\u1ea3m t\u00ecnh tr\u1ea1ng m\u1ec7t m\u1ecfi, lo l\u1eafng. D\u00f9ng rau m\u00e1 th\u01b0\u1eddng xuy\u00ean, b\u1ea1n s\u1ebd s\u1edbm s\u1edf h\u1eefu v\u1ebb ngo\u00e0i t\u01b0\u01a1i t\u1eafn c\u00f9ng m\u1ed9t tinh th\u1ea7n tho\u1ea3i m\u00e1i. B\u1ed9t Rau M\u00e1 Qu\u1ea3ng Thanh l\u00e0 m\u1ed9t th\u1ee9c u\u1ed1ng l\u00e0nh m\u1ea1nh \u0111\u00e3 \u0111\u01b0\u1ee3c h\u00e0ng ngh\u00ecn gia \u0111\u00ecnh tin ch\u1ecdn v\u00e0 s\u1eed d\u1ee5ng<\/p>","protected":false},"excerpt":{"rendered":"<p>B\u1ed9t Rau M\u00e1 Qu\u1ea3ng Thanh\u00a0s\u1ebd gi\u00fap m\u1ed7i ng\u00e0y c\u1ee7a b\u1ea1n l\u00e0 m\u1ed9t ng\u00e0y n\u0103ng l\u01b0\u1ee3ng. V\u1ed1n c\u00f3 t\u00ednh h\u00e0n, t\u00ednh<\/p>","protected":false},"featured_media":17382,"comment_status":"closed","ping_status":"closed","template":"","meta":{"_acf_changed":false},"product_cat":[366,367],"product_tag":[],"class_list":{"0":"post-17381","1":"product","2":"type-product","3":"status-publish","4":"has-post-thumbnail","6":"product_cat-hang-cnnt-cap-qg","7":"product_cat-hang-cnnt-cap-qg-2023","9":"first","10":"instock","11":"shipping-taxable","12":"product-type-simple"},"acf":[],"_links":{"self":[{"href":"https:\/\/b2c.fairs.vn\/en\/wp-json\/wp\/v2\/product\/17381","targetHints":{"allow":["GET"]}}],"collection":[{"href":"https:\/\/b2c.fairs.vn\/en\/wp-json\/wp\/v2\/product"}],"about":[{"href":"https:\/\/b2c.fairs.vn\/en\/wp-json\/wp\/v2\/types\/product"}],"replies":[{"embeddable":true,"href":"https:\/\/b2c.fairs.vn\/en\/wp-json\/wp\/v2\/comments?post=17381"}],"version-history":[{"count":0,"href":"https:\/\/b2c.fairs.vn\/en\/wp-json\/wp\/v2\/product\/17381\/revisions"}],"wp:featuredmedia":[{"embeddable":true,"href":"https:\/\/b2c.fairs.vn\/en\/wp-json\/wp\/v2\/media\/17382"}],"wp:attachment":[{"href":"https:\/\/b2c.fairs.vn\/en\/wp-json\/wp\/v2\/media?parent=17381"}],"wp:term":[{"taxonomy":"product_cat","embeddable":true,"href":"https:\/\/b2c.fairs.vn\/en\/wp-json\/wp\/v2\/product_cat?post=17381"},{"taxonomy":"product_tag","embeddable":true,"href":"https:\/\/b2c.fairs.vn\/en\/wp-json\/wp\/v2\/product_tag?post=17381"}],"curies":[{"name":"wp","href":"https:\/\/api.w.org\/{rel}","templated":true}]}}