{"id":17377,"date":"2024-04-17T14:45:07","date_gmt":"2024-04-17T07:45:07","guid":{"rendered":"https:\/\/b2c.fairs.vn\/?post_type=product&#038;p=17377"},"modified":"2024-04-17T14:45:09","modified_gmt":"2024-04-17T07:45:09","slug":"bot-diep-ca-say-lanh","status":"publish","type":"product","link":"https:\/\/b2c.fairs.vn\/en\/product\/bot-diep-ca-say-lanh\/","title":{"rendered":"B\u1ed9t di\u1ebfp c\u00e1 s\u1ea5y l\u1ea1nh"},"content":{"rendered":"<p><strong>B\u1ed9t Di\u1ebfp C\u00e1 Qu\u1ea3ng Thanh<\/strong>\u00a0c\u00f3 ngu\u1ed3n g\u1ed1c t\u1eeb 100% L\u00e1 Di\u1ebfp C\u00e1 T\u01b0\u01a1i \u0111\u01b0\u1ee3c tr\u1ed3ng v\u00e0 thu ho\u1ea1ch t\u1ea1i trang tr\u1ea1i \u0111\u1ea1t chu\u1ea9n VietGAP. V\u1edbi c\u00f4ng ngh\u1ec7 s\u1ea5y l\u1ea1nh hi\u1ec7n \u0111\u1ea1i, ti\u1ec7t tr\u00f9ng t\u1eadn g\u1ed1c c\u00e1c giun s\u00e1n, vi sinh v\u1eadt g\u00e2y h\u1ea1i, B\u1ed9t Di\u1ebfp C\u00e1 Qu\u1ea3ng Thanh mang \u0111\u1ebfn s\u1ef1 an to\u00e0n cho s\u1ee9c kh\u1ecfe c\u1ee7a b\u1ea1n b\u1eb1ng nh\u1eefng ly n\u01b0\u1edbc rau gi\u1eef \u0111\u01b0\u1ee3c m\u00e0u s\u1eafc, h\u01b0\u01a1ng v\u1ecb v\u00e0 dinh d\u01b0\u1ee1ng nguy\u00ean v\u1eb9n t\u1eeb Di\u1ebfp C\u00e1 T\u01b0\u01a1i. B\u1ea1n s\u1ebd kh\u00f4ng m\u1ea5t qu\u00e1 nhi\u1ec1u th\u1eddi gian v\u00e0 c\u00f4ng s\u1ee9c \u0111\u1ec3 l\u1eb7t, r\u1eeda, \u00e9p, v\u1eaft di\u1ebfp c\u00e1 l\u1ea5y n\u01b0\u1edbc u\u1ed1ng.<br \/>\nM\u1ecdi th\u1ee9 gi\u1edd \u0111\u00e2y \u0111\u00e3 r\u1ea5t TI\u1ec6N L\u1ee2I, TI\u1ebeT KI\u1ec6M v\u00e0 NHANH CH\u00d3NG v\u1edbi B\u1ed9t Di\u1ebfp C\u00e1 Qu\u1ea3ng Thanh.<\/p>","protected":false},"excerpt":{"rendered":"<p>B\u1ed9t Di\u1ebfp C\u00e1 Qu\u1ea3ng Thanh\u00a0c\u00f3 ngu\u1ed3n g\u1ed1c t\u1eeb 100% L\u00e1 Di\u1ebfp C\u00e1 T\u01b0\u01a1i \u0111\u01b0\u1ee3c tr\u1ed3ng v\u00e0 thu ho\u1ea1ch t\u1ea1i trang<\/p>","protected":false},"featured_media":17378,"comment_status":"closed","ping_status":"closed","template":"","meta":{"_acf_changed":false},"product_cat":[366,367],"product_tag":[],"class_list":{"0":"post-17377","1":"product","2":"type-product","3":"status-publish","4":"has-post-thumbnail","6":"product_cat-hang-cnnt-cap-qg","7":"product_cat-hang-cnnt-cap-qg-2023","9":"first","10":"instock","11":"shipping-taxable","12":"product-type-simple"},"acf":[],"_links":{"self":[{"href":"https:\/\/b2c.fairs.vn\/en\/wp-json\/wp\/v2\/product\/17377","targetHints":{"allow":["GET"]}}],"collection":[{"href":"https:\/\/b2c.fairs.vn\/en\/wp-json\/wp\/v2\/product"}],"about":[{"href":"https:\/\/b2c.fairs.vn\/en\/wp-json\/wp\/v2\/types\/product"}],"replies":[{"embeddable":true,"href":"https:\/\/b2c.fairs.vn\/en\/wp-json\/wp\/v2\/comments?post=17377"}],"version-history":[{"count":0,"href":"https:\/\/b2c.fairs.vn\/en\/wp-json\/wp\/v2\/product\/17377\/revisions"}],"wp:featuredmedia":[{"embeddable":true,"href":"https:\/\/b2c.fairs.vn\/en\/wp-json\/wp\/v2\/media\/17378"}],"wp:attachment":[{"href":"https:\/\/b2c.fairs.vn\/en\/wp-json\/wp\/v2\/media?parent=17377"}],"wp:term":[{"taxonomy":"product_cat","embeddable":true,"href":"https:\/\/b2c.fairs.vn\/en\/wp-json\/wp\/v2\/product_cat?post=17377"},{"taxonomy":"product_tag","embeddable":true,"href":"https:\/\/b2c.fairs.vn\/en\/wp-json\/wp\/v2\/product_tag?post=17377"}],"curies":[{"name":"wp","href":"https:\/\/api.w.org\/{rel}","templated":true}]}}