{"id":17373,"date":"2024-04-17T14:24:00","date_gmt":"2024-04-17T07:24:00","guid":{"rendered":"https:\/\/b2c.fairs.vn\/?post_type=product&#038;p=17373"},"modified":"2024-04-17T14:24:00","modified_gmt":"2024-04-17T07:24:00","slug":"bot-la-sen-say-lanh","status":"publish","type":"product","link":"https:\/\/b2c.fairs.vn\/en\/product\/bot-la-sen-say-lanh\/","title":{"rendered":"B\u1ed9t l\u00e1 sen s\u1ea5y l\u1ea1nh"},"content":{"rendered":"<p>&nbsp;<\/p>\n<p>L\u00e1 sen v\u1ed1n l\u00e0 m\u1ed9t trong nh\u1eefng v\u1ecb th\u1ea3o m\u1ed9c qu\u00fd t\u1eeb t\u1ef1 nhi\u00ean, kh\u00f4ng ch\u1ec9 c\u00f3 t\u00e1c d\u1ee5ng h\u1ed7 tr\u1ee3 gi\u1ea5c ng\u1ee7, b\u1ed9t l\u00e1 sen c\u00f2n gi\u00fap l\u00e0m gi\u1ea3m m\u1ee1 m\u00e1u, h\u1ed7 tr\u1ee3 c\u00e2n n\u1eb7ng&#8230; m\u00e0 c\u00f2n c\u00f3 nhi\u1ec1u l\u1ee3i \u00edch cho s\u1ee9c kh\u1ecfe.<\/p>","protected":false},"excerpt":{"rendered":"<p>&nbsp; L\u00e1 sen v\u1ed1n l\u00e0 m\u1ed9t trong nh\u1eefng v\u1ecb th\u1ea3o m\u1ed9c qu\u00fd t\u1eeb t\u1ef1 nhi\u00ean, kh\u00f4ng ch\u1ec9 c\u00f3 t\u00e1c d\u1ee5ng<\/p>","protected":false},"featured_media":17374,"comment_status":"closed","ping_status":"closed","template":"","meta":{"_acf_changed":false},"product_cat":[366,367],"product_tag":[],"class_list":{"0":"post-17373","1":"product","2":"type-product","3":"status-publish","4":"has-post-thumbnail","6":"product_cat-hang-cnnt-cap-qg","7":"product_cat-hang-cnnt-cap-qg-2023","9":"first","10":"instock","11":"shipping-taxable","12":"product-type-simple"},"acf":[],"_links":{"self":[{"href":"https:\/\/b2c.fairs.vn\/en\/wp-json\/wp\/v2\/product\/17373","targetHints":{"allow":["GET"]}}],"collection":[{"href":"https:\/\/b2c.fairs.vn\/en\/wp-json\/wp\/v2\/product"}],"about":[{"href":"https:\/\/b2c.fairs.vn\/en\/wp-json\/wp\/v2\/types\/product"}],"replies":[{"embeddable":true,"href":"https:\/\/b2c.fairs.vn\/en\/wp-json\/wp\/v2\/comments?post=17373"}],"version-history":[{"count":0,"href":"https:\/\/b2c.fairs.vn\/en\/wp-json\/wp\/v2\/product\/17373\/revisions"}],"wp:featuredmedia":[{"embeddable":true,"href":"https:\/\/b2c.fairs.vn\/en\/wp-json\/wp\/v2\/media\/17374"}],"wp:attachment":[{"href":"https:\/\/b2c.fairs.vn\/en\/wp-json\/wp\/v2\/media?parent=17373"}],"wp:term":[{"taxonomy":"product_cat","embeddable":true,"href":"https:\/\/b2c.fairs.vn\/en\/wp-json\/wp\/v2\/product_cat?post=17373"},{"taxonomy":"product_tag","embeddable":true,"href":"https:\/\/b2c.fairs.vn\/en\/wp-json\/wp\/v2\/product_tag?post=17373"}],"curies":[{"name":"wp","href":"https:\/\/api.w.org\/{rel}","templated":true}]}}