{"id":17369,"date":"2024-04-17T14:17:28","date_gmt":"2024-04-17T07:17:28","guid":{"rendered":"https:\/\/b2c.fairs.vn\/?post_type=product&#038;p=17369"},"modified":"2024-04-17T14:17:29","modified_gmt":"2024-04-17T07:17:29","slug":"bot-can-tay-say-lanh","status":"publish","type":"product","link":"https:\/\/b2c.fairs.vn\/en\/product\/bot-can-tay-say-lanh\/","title":{"rendered":"B\u1ed9t c\u1ea7n t\u00e2y s\u1ea5y l\u1ea1nh"},"content":{"rendered":"<p>C\u1ea7n t\u00e2y kh\u00f4ng ch\u1ec9 l\u00e0 n\u01b0\u1edbc u\u1ed1ng xu h\u01b0\u1edbng t\u1ee9c th\u00ec m\u00e0 \u0111\u00e2y l\u00e0 lo\u1ea1i th\u1ee9c u\u1ed1ng c\u00f3 gi\u00e1 tr\u1ecb dinh d\u01b0\u1ee1ng b\u1ec1n v\u1eefng, gi\u1ea3i quy\u1ebft c\u00e1c r\u1eafc r\u1ed1i th\u01b0\u1eddng g\u1eb7p c\u1ee7a c\u01a1 th\u1ec3.<\/p>\n<p>Trong c\u1ea7n t\u00e2y ch\u1ee9a r\u1ea5t nhi\u1ec1u ch\u1ea5t dinh d\u01b0\u1ee1ng n\u00ean ngo\u00e0i cung c\u1ea5p n\u01b0\u1edbc, ch\u1ea5t x\u01a1 cho c\u01a1 th\u1ec3, c\u1ea7n t\u00e2y c\u00f2n mang l\u1ea1i r\u1ea5t nhi\u1ec1u l\u1ee3i \u00edch kh\u00e1c nh\u01b0 h\u1ed7 tr\u1ee3 \u1ed5n \u0111\u1ecbnh huy\u1ebft \u00e1p, h\u1ed7 tr\u1ee3 h\u1ec7 ti\u00eau h\u00f3a, h\u1ed7 tr\u1ee3 \u0111\u1eb9p da. C\u00f2n ch\u1edd g\u00ec m\u00e0 kh\u00f4ng n\u00e2ng c\u1ea5p b\u1ea3n th\u00e2n &#8220;Da \u0111\u1eb9p d\u00e1ng xinh&#8221; c\u00f9ng b\u1ed9t c\u1ea7n t\u00e2y Qu\u1ea3ng Thanh.<\/p>","protected":false},"excerpt":{"rendered":"<p>C\u1ea7n t\u00e2y kh\u00f4ng ch\u1ec9 l\u00e0 n\u01b0\u1edbc u\u1ed1ng xu h\u01b0\u1edbng t\u1ee9c th\u00ec m\u00e0 \u0111\u00e2y l\u00e0 lo\u1ea1i th\u1ee9c u\u1ed1ng c\u00f3 gi\u00e1 tr\u1ecb<\/p>","protected":false},"featured_media":17370,"comment_status":"closed","ping_status":"closed","template":"","meta":{"_acf_changed":false},"product_cat":[366,367],"product_tag":[],"class_list":{"0":"post-17369","1":"product","2":"type-product","3":"status-publish","4":"has-post-thumbnail","6":"product_cat-hang-cnnt-cap-qg","7":"product_cat-hang-cnnt-cap-qg-2023","9":"first","10":"instock","11":"shipping-taxable","12":"product-type-simple"},"acf":[],"_links":{"self":[{"href":"https:\/\/b2c.fairs.vn\/en\/wp-json\/wp\/v2\/product\/17369","targetHints":{"allow":["GET"]}}],"collection":[{"href":"https:\/\/b2c.fairs.vn\/en\/wp-json\/wp\/v2\/product"}],"about":[{"href":"https:\/\/b2c.fairs.vn\/en\/wp-json\/wp\/v2\/types\/product"}],"replies":[{"embeddable":true,"href":"https:\/\/b2c.fairs.vn\/en\/wp-json\/wp\/v2\/comments?post=17369"}],"version-history":[{"count":0,"href":"https:\/\/b2c.fairs.vn\/en\/wp-json\/wp\/v2\/product\/17369\/revisions"}],"wp:featuredmedia":[{"embeddable":true,"href":"https:\/\/b2c.fairs.vn\/en\/wp-json\/wp\/v2\/media\/17370"}],"wp:attachment":[{"href":"https:\/\/b2c.fairs.vn\/en\/wp-json\/wp\/v2\/media?parent=17369"}],"wp:term":[{"taxonomy":"product_cat","embeddable":true,"href":"https:\/\/b2c.fairs.vn\/en\/wp-json\/wp\/v2\/product_cat?post=17369"},{"taxonomy":"product_tag","embeddable":true,"href":"https:\/\/b2c.fairs.vn\/en\/wp-json\/wp\/v2\/product_tag?post=17369"}],"curies":[{"name":"wp","href":"https:\/\/api.w.org\/{rel}","templated":true}]}}