{"id":17353,"date":"2024-04-17T14:02:48","date_gmt":"2024-04-17T07:02:48","guid":{"rendered":"https:\/\/b2c.fairs.vn\/?post_type=product&#038;p=17353"},"modified":"2024-04-17T14:02:51","modified_gmt":"2024-04-17T07:02:51","slug":"bot-chum-ngay-say-lanh","status":"publish","type":"product","link":"https:\/\/b2c.fairs.vn\/en\/product\/bot-chum-ngay-say-lanh\/","title":{"rendered":"B\u1ed9t ch\u00f9m ng\u00e2y s\u1ea5y l\u1ea1nh"},"content":{"rendered":"<p>Ch\u00f9m ng\u00e2y \u0111\u01b0\u1ee3c m\u1ec7nh danh l\u00e0 si\u00eau th\u1ef1c ph\u1ea9m th\u1ebf gi\u1edbi, ch\u00f9m ng\u00e2y \u0111\u01b0\u1ee3c bi\u1ebft \u0111\u1ebfn l\u00e0 lo\u1ea1i c\u00e2y ch\u1ee9a nhi\u1ec1u Vitamin v\u00e0 kho\u00e1ng ch\u1ea5t. L\u00e1 c\u1ee7a c\u00e2y ch\u00f9m ng\u00e2y c\u00f3 ch\u1ee9a 46 lo\u1ea1i ch\u1ea5t ch\u1ed1ng oxy h\u00f3a, \u0111\u1eb7c bi\u1ec7t l\u00e0 vitamin C v\u00e0 vitamin A. Ch\u00f9m Ng\u00e2y cung c\u1ea5p h\u00e0m l\u01b0\u1ee3ng ch\u1ea5t dinh d\u01b0\u1ee1ng d\u1ed3i d\u00e0o c\u00f9ng nhi\u1ec1u c\u00f4ng d\u1ee5ng h\u1eefu \u00edch cho s\u1ee9c kh\u1ecfe. Ch\u00f9m ng\u00e2y l\u00e0 m\u1ed9t l\u1ef1a ch\u1ecdn ho\u00e0n h\u1ea3o khi c\u1ea7n b\u1ed5 sung dinh d\u01b0\u1ee1ng, thay th\u1ebf nhi\u1ec1u lo\u1ea1i th\u1ef1c ph\u1ea9m kh\u00e1c nh\u01b0 c\u00e1, th\u1ecbt, rau, c\u1ee7, qu\u1ea3, hoa.<\/p>","protected":false},"excerpt":{"rendered":"<p>Ch\u00f9m ng\u00e2y \u0111\u01b0\u1ee3c m\u1ec7nh danh l\u00e0 si\u00eau th\u1ef1c ph\u1ea9m th\u1ebf gi\u1edbi, ch\u00f9m ng\u00e2y \u0111\u01b0\u1ee3c bi\u1ebft \u0111\u1ebfn l\u00e0 lo\u1ea1i c\u00e2y ch\u1ee9a<\/p>","protected":false},"featured_media":17358,"comment_status":"closed","ping_status":"closed","template":"","meta":{"_acf_changed":false},"product_cat":[366,367],"product_tag":[],"class_list":{"0":"post-17353","1":"product","2":"type-product","3":"status-publish","4":"has-post-thumbnail","6":"product_cat-hang-cnnt-cap-qg","7":"product_cat-hang-cnnt-cap-qg-2023","9":"first","10":"instock","11":"shipping-taxable","12":"product-type-simple"},"acf":[],"_links":{"self":[{"href":"https:\/\/b2c.fairs.vn\/en\/wp-json\/wp\/v2\/product\/17353","targetHints":{"allow":["GET"]}}],"collection":[{"href":"https:\/\/b2c.fairs.vn\/en\/wp-json\/wp\/v2\/product"}],"about":[{"href":"https:\/\/b2c.fairs.vn\/en\/wp-json\/wp\/v2\/types\/product"}],"replies":[{"embeddable":true,"href":"https:\/\/b2c.fairs.vn\/en\/wp-json\/wp\/v2\/comments?post=17353"}],"version-history":[{"count":0,"href":"https:\/\/b2c.fairs.vn\/en\/wp-json\/wp\/v2\/product\/17353\/revisions"}],"wp:featuredmedia":[{"embeddable":true,"href":"https:\/\/b2c.fairs.vn\/en\/wp-json\/wp\/v2\/media\/17358"}],"wp:attachment":[{"href":"https:\/\/b2c.fairs.vn\/en\/wp-json\/wp\/v2\/media?parent=17353"}],"wp:term":[{"taxonomy":"product_cat","embeddable":true,"href":"https:\/\/b2c.fairs.vn\/en\/wp-json\/wp\/v2\/product_cat?post=17353"},{"taxonomy":"product_tag","embeddable":true,"href":"https:\/\/b2c.fairs.vn\/en\/wp-json\/wp\/v2\/product_tag?post=17353"}],"curies":[{"name":"wp","href":"https:\/\/api.w.org\/{rel}","templated":true}]}}