{"id":17346,"date":"2024-04-17T11:13:10","date_gmt":"2024-04-17T04:13:10","guid":{"rendered":"https:\/\/b2c.fairs.vn\/?post_type=product&#038;p=17346"},"modified":"2024-04-17T11:13:11","modified_gmt":"2024-04-17T04:13:11","slug":"san-pham-nhac-cu-truyen-thong","status":"publish","type":"product","link":"https:\/\/b2c.fairs.vn\/en\/product\/san-pham-nhac-cu-truyen-thong\/","title":{"rendered":"S\u1ea3n ph\u1ea9m nh\u1ea1c c\u1ee5 truy\u1ec1n th\u1ed1ng"},"content":{"rendered":"<p>Kh\u1edfi nghi\u1ec7p t\u1eeb c\u01a1 s\u1edf s\u1ea3n xu\u1ea5t \u0111\u00e0n c\u1ee7a c\u1ee5 Tr\u01b0\u01a1ng H\u1eefu Ch\u00e2u (nay \u0111\u00e3 m\u1ea5t) v\u1edbi th\u01b0\u01a1ng hi\u1ec7u \u0111\u00e0n guitar T\u00e2n Ch\u00e2u \u0111\u1ea7u ti\u00ean t\u1eeb n\u0103m 1954, \u0111\u1ebfn nay C\u00f4ng ty TNHH MTV Nh\u1ea1c c\u1ee5 T\u00e2n Ch\u00e2u (C\u00f4ng ty T\u00e2n Ch\u00e2u) \u0111\u00e3 s\u1ea3n xu\u1ea5t th\u00e0nh c\u00f4ng h\u00e0ng ng\u00e0n c\u00e2y \u0111\u00e0n v\u00e0 c\u00e1c lo\u1ea1i nh\u1ea1c c\u1ee5 d\u00e2n t\u1ed9c cung \u1ee9ng ra th\u1ecb tr\u01b0\u1eddng trong v\u00e0 ngo\u00e0i n\u01b0\u1edbc, \u0111\u1ed3ng th\u1eddi g\u00f3p ph\u1ea7n b\u1ea3o t\u1ed3n v\u00e0 ph\u00e1t tri\u1ec3n ngh\u1ec1 truy\u1ec1n th\u1ed1ng Hu\u1ebf.<\/p>\n<p>L\u00e0 doanh nghi\u1ec7p (DN) s\u1ea3n xu\u1ea5t \u0111\u00e0n duy nh\u1ea5t \u1edf Hu\u1ebf v\u1edbi nhi\u1ec1u ch\u1ee7ng lo\u1ea1i \u0111\u00e0n, nh\u01b0 guitar, m\u0103ng \u0111\u00f4 lin, \u0111\u00e0n b\u1ea7u, \u0111\u00e0n nguy\u1ec7t v\u00e0 c\u00e1c lo\u1ea1i nh\u1ea1c c\u1ee5, hi\u1ec7n th\u01b0\u01a1ng hi\u1ec7u \u0111\u00e0n T\u00e2n Ch\u00e2u \u0111\u00e3 c\u00f3 m\u1eb7t t\u1ea1i nhi\u1ec1u t\u1ec9nh, th\u00e0nh trong n\u01b0\u1edbc nh\u01b0 L\u00e2m \u0110\u1ed3ng, V\u0169ng T\u00e0u, Gia Lai, \u0110\u00e0 N\u1eb5ng\u2026, m\u1ed7i n\u0103m ti\u00eau th\u1ee5 tr\u00ean 1.200 c\u00e2y \u0111\u00e0n c\u00e1c lo\u1ea1i, gi\u00e1 m\u1ed7i c\u00e2y dao \u0111\u1ed9ng t\u1eeb 700.000 \u0111\u1ed3ng -10 tri\u1ec7u \u0111\u1ed3ng.<\/p>\n<p>S\u1ea3n xu\u1ea5t \u0111\u00e0n \u0111\u00f2i h\u1ecfi s\u1ef1 c\u00f4ng phu, c\u1ea9n th\u1eadn v\u00e0 y\u00eau ngh\u1ec1. Ng\u01b0\u1eddi ch\u1ebf t\u1ea1o \u0111\u00e0n kh\u00f4ng ch\u1ec9 c\u1ea7n tay ngh\u1ec1 gi\u1ecfi m\u00e0 c\u1ea7n ph\u1ea3i c\u00f3 ni\u1ec1m \u0111am m\u00ea th\u1ef1c s\u1ef1 v\u1edbi ngh\u1ec1. \u201c\u0110\u00f3ng \u0111\u01b0\u1ee3c m\u1ed9t c\u00e2y \u0111\u00e0n guitar, \u0111\u00e0n b\u1ea7u hay c\u00e1c lo\u1ea1i nh\u1ea1c c\u1ee5 kh\u00f4ng kh\u00f3 nh\u01b0ng \u0111\u00f2i h\u1ecfi s\u1ef1 t\u1ec9 m\u1ec9, c\u1ea9n th\u1eadn v\u00e0 \u0111\u1ed9 ch\u00ednh x\u00e1c cao. B\u1edfi, ngo\u00e0i ngo\u1ea1i h\u00ecnh \u0111\u1eb9p, trang nh\u00e3 v\u00e0 m\u00e0u s\u1eafc h\u00e0i h\u00f2a, \u0111\u00e0n ph\u1ea3i c\u00f3 \u00e2m thanh hay v\u00e0 \u0111\u1ed9 b\u1ec1n v\u0129nh c\u1eedu\u201d, Ph\u00f3 Gi\u00e1m \u0111\u1ed1c C\u00f4ng ty T\u00e2n Ch\u00e2u, b\u00e0 Tr\u1ea7n Th\u1ecb Tuy\u1ebft H\u1ed3ng chia s\u1ebb.<\/p>","protected":false},"excerpt":{"rendered":"<p>Kh\u1edfi nghi\u1ec7p t\u1eeb c\u01a1 s\u1edf s\u1ea3n xu\u1ea5t \u0111\u00e0n c\u1ee7a c\u1ee5 Tr\u01b0\u01a1ng H\u1eefu Ch\u00e2u (nay \u0111\u00e3 m\u1ea5t) v\u1edbi th\u01b0\u01a1ng hi\u1ec7u \u0111\u00e0n<\/p>","protected":false},"featured_media":17347,"comment_status":"closed","ping_status":"closed","template":"","meta":{"_acf_changed":false},"product_cat":[366,398,336,337,397],"product_tag":[],"class_list":{"0":"post-17346","1":"product","2":"type-product","3":"status-publish","4":"has-post-thumbnail","6":"product_cat-hang-cnnt-cap-qg","7":"product_cat-san-pham-cnnt-tb-cap-qg-2021","8":"product_cat-san-pham-thu-cong-my-nghe","9":"product_cat-thu-cong-my-nghe-gia-dung-trang-tri","10":"product_cat-thu-cong-my-nghe-khac","12":"first","13":"instock","14":"shipping-taxable","15":"product-type-simple"},"acf":[],"_links":{"self":[{"href":"https:\/\/b2c.fairs.vn\/en\/wp-json\/wp\/v2\/product\/17346","targetHints":{"allow":["GET"]}}],"collection":[{"href":"https:\/\/b2c.fairs.vn\/en\/wp-json\/wp\/v2\/product"}],"about":[{"href":"https:\/\/b2c.fairs.vn\/en\/wp-json\/wp\/v2\/types\/product"}],"replies":[{"embeddable":true,"href":"https:\/\/b2c.fairs.vn\/en\/wp-json\/wp\/v2\/comments?post=17346"}],"version-history":[{"count":0,"href":"https:\/\/b2c.fairs.vn\/en\/wp-json\/wp\/v2\/product\/17346\/revisions"}],"wp:featuredmedia":[{"embeddable":true,"href":"https:\/\/b2c.fairs.vn\/en\/wp-json\/wp\/v2\/media\/17347"}],"wp:attachment":[{"href":"https:\/\/b2c.fairs.vn\/en\/wp-json\/wp\/v2\/media?parent=17346"}],"wp:term":[{"taxonomy":"product_cat","embeddable":true,"href":"https:\/\/b2c.fairs.vn\/en\/wp-json\/wp\/v2\/product_cat?post=17346"},{"taxonomy":"product_tag","embeddable":true,"href":"https:\/\/b2c.fairs.vn\/en\/wp-json\/wp\/v2\/product_tag?post=17346"}],"curies":[{"name":"wp","href":"https:\/\/api.w.org\/{rel}","templated":true}]}}