{"id":17283,"date":"2024-04-17T10:04:13","date_gmt":"2024-04-17T03:04:13","guid":{"rendered":"https:\/\/b2c.fairs.vn\/?post_type=product&#038;p=17283"},"modified":"2024-04-17T10:04:13","modified_gmt":"2024-04-17T03:04:13","slug":"lo-te-trang-do-co-cao-dan-may-tre","status":"publish","type":"product","link":"https:\/\/b2c.fairs.vn\/en\/product\/lo-te-trang-do-co-cao-dan-may-tre\/","title":{"rendered":"L\u1ecd t\u1ebf tr\u1eafng \u0111\u1ecf c\u1ed5 cao \u0111an m\u00e2y tre"},"content":{"rendered":"<p>S\u1ea3n ph\u1ea9m \u0111\u01b0\u1ee3c thi\u1ebft k\u1ebf g\u1ecdn nh\u1eb9, ti\u1ec7n d\u1ee5ng v\u00e0 \u0111\u01b0\u1ee3c l\u00e0m t\u1eeb nguy\u00ean li\u1ec7u t\u1ebf t\u1ef1 nhi\u00ean th\u00e2n thi\u1ec7n v\u1edbi m\u00f4i tr\u01b0\u1eddng, d\u00f9ng \u0111\u1ec3 trang tr\u00ed, c\u1eafm hoa trong nh\u00e0, trong v\u0103n ph\u00f2ng, trong kh\u00e1ch s\u1ea1n, c\u00e1c khu du l\u1ecbch.<\/p>","protected":false},"excerpt":{"rendered":"<p>S\u1ea3n ph\u1ea9m \u0111\u01b0\u1ee3c thi\u1ebft k\u1ebf g\u1ecdn nh\u1eb9, ti\u1ec7n d\u1ee5ng v\u00e0 \u0111\u01b0\u1ee3c l\u00e0m t\u1eeb nguy\u00ean li\u1ec7u t\u1ebf t\u1ef1 nhi\u00ean th\u00e2n thi\u1ec7n<\/p>","protected":false},"featured_media":17284,"comment_status":"closed","ping_status":"closed","template":"","meta":{"_acf_changed":false},"product_cat":[394,366,398,336,337],"product_tag":[],"class_list":{"0":"post-17283","1":"product","2":"type-product","3":"status-publish","4":"has-post-thumbnail","6":"product_cat-may-tre-dan","7":"product_cat-hang-cnnt-cap-qg","8":"product_cat-san-pham-cnnt-tb-cap-qg-2021","9":"product_cat-san-pham-thu-cong-my-nghe","10":"product_cat-thu-cong-my-nghe-gia-dung-trang-tri","12":"first","13":"instock","14":"shipping-taxable","15":"product-type-simple"},"acf":[],"_links":{"self":[{"href":"https:\/\/b2c.fairs.vn\/en\/wp-json\/wp\/v2\/product\/17283","targetHints":{"allow":["GET"]}}],"collection":[{"href":"https:\/\/b2c.fairs.vn\/en\/wp-json\/wp\/v2\/product"}],"about":[{"href":"https:\/\/b2c.fairs.vn\/en\/wp-json\/wp\/v2\/types\/product"}],"replies":[{"embeddable":true,"href":"https:\/\/b2c.fairs.vn\/en\/wp-json\/wp\/v2\/comments?post=17283"}],"version-history":[{"count":0,"href":"https:\/\/b2c.fairs.vn\/en\/wp-json\/wp\/v2\/product\/17283\/revisions"}],"wp:featuredmedia":[{"embeddable":true,"href":"https:\/\/b2c.fairs.vn\/en\/wp-json\/wp\/v2\/media\/17284"}],"wp:attachment":[{"href":"https:\/\/b2c.fairs.vn\/en\/wp-json\/wp\/v2\/media?parent=17283"}],"wp:term":[{"taxonomy":"product_cat","embeddable":true,"href":"https:\/\/b2c.fairs.vn\/en\/wp-json\/wp\/v2\/product_cat?post=17283"},{"taxonomy":"product_tag","embeddable":true,"href":"https:\/\/b2c.fairs.vn\/en\/wp-json\/wp\/v2\/product_tag?post=17283"}],"curies":[{"name":"wp","href":"https:\/\/api.w.org\/{rel}","templated":true}]}}