{"id":17269,"date":"2024-04-17T09:54:41","date_gmt":"2024-04-17T02:54:41","guid":{"rendered":"https:\/\/b2c.fairs.vn\/?post_type=product&#038;p=17269"},"modified":"2024-04-17T09:54:41","modified_gmt":"2024-04-17T02:54:41","slug":"bo-san-pham-tui-deo-dan-may-tre-khay-bay-duc-dan-may-tre-chau-hoa-qua-dan-may-tre-khay-thuyen-dan-may-tre","status":"publish","type":"product","link":"https:\/\/b2c.fairs.vn\/en\/product\/bo-san-pham-tui-deo-dan-may-tre-khay-bay-duc-dan-may-tre-chau-hoa-qua-dan-may-tre-khay-thuyen-dan-may-tre\/","title":{"rendered":"B\u1ed9 s\u1ea3n ph\u1ea9m: T\u00fai \u0111eo \u0111an m\u00e2y tre, khay b\u1ea7y d\u1ee5c \u0111an m\u00e2y tre, ch\u1eadu hoa qu\u1ea3 \u0111an m\u00e2y tre, khay thuy\u1ec1n \u0111an m\u00e2y tre"},"content":{"rendered":"<p>L\u00e0ng Ph\u00fa Vinh, x\u00e3 Ph\u00fa Ngh\u0129a, huy\u1ec7n Ch\u01b0\u01a1ng M\u1ef9, c\u00e1ch trung t\u00e2m H\u00e0 N\u1ed9i kho\u1ea3ng 25km l\u00e0 n\u01a1i c\u00f3 ngh\u1ec1 m\u00e2y tre \u0111an n\u1ed5i ti\u1ebfng v\u1edbi b\u1ec1 d\u00e0y l\u1ecbch s\u1eed g\u1ea7n 400 n\u0103m. Xu\u1ea5t ph\u00e1t t\u1eeb nhu c\u1ea7u cu\u1ed9c s\u1ed1ng, ng\u01b0\u1eddi d\u00e2n Ph\u00fa Vinh \u0111\u00e3 s\u00e1ng t\u1ea1o, t\u1eadn d\u1ee5ng nh\u1eefng nguy\u00ean li\u1ec7u s\u1eb5n c\u00f3 nh\u01b0 m\u00e2y, tre \u0111\u1ec3 s\u1ea3n xu\u1ea5t nh\u1eefng s\u1ea3n ph\u1ea9m th\u00f4ng d\u1ee5ng v\u1edbi m\u1ee5c \u0111\u00edch s\u1eed d\u1ee5ng trong gia \u0111\u00ecnh. Ti\u1ebfp n\u1ed1i truy\u1ec1n th\u1ed1ng c\u1ee7a l\u00e0ng, n\u0103m 2005 C\u00f4ng ty TNHH m\u1ef9 ngh\u1ec7 Hoa S\u01a1n (C\u00f4ng ty Hoa S\u01a1n) \u0111\u01b0\u1ee3c th\u00e0nh l\u1eadp \u0111\u1ec3 gi\u1edbi thi\u1ec7u, qu\u1ea3ng b\u00e1 s\u1ea3n ph\u1ea9m m\u00e2y tre \u0111an mang h\u1ed3n c\u1ed1t d\u00e2n t\u1ed9c ra th\u1ecb tr\u01b0\u1eddng qu\u1ed1c t\u1ebf.<\/p>\n<p>V\u1edbi \u0111\u00f4i b\u00e0n tay kh\u00e9o l\u00e9o, c\u00e1c ngh\u1ec7 nh\u00e2n c\u1ee7a c\u00f4ng ty Hoa S\u01a1n \u0111\u00e3 s\u00e1ng t\u1ea1o ra h\u00e0ng tr\u0103m m\u1eabu m\u00e3 s\u1ea3n ph\u1ea9m kh\u00e1c nhau t\u1eeb nh\u1eefng \u0111\u0129a, khay, l\u1ecd hoa..cho \u0111\u1ebfn nh\u1eefng b\u1ee9c tranh \u0111an b\u1eb1ng m\u00e2y, b\u00e0n gh\u1ebf, gi\u01b0\u1eddng, t\u1ee7, khung \u1ea3nh\u2026xu\u1ea5t kh\u1ea9u \u0111i nhi\u1ec1u n\u01b0\u1edbc tr\u00ean th\u1ebf gi\u1edbi. Ngo\u00e0i ra \u0111\u00e2y c\u0169ng l\u00e0 m\u1ed9t \u0111i\u1ec3m du l\u1ecbch l\u00e0ng ngh\u1ec1 m\u00e0 d\u00f2ng du kh\u00e1ch qu\u1ed1c t\u1ebf \u0111\u1ebfn ng\u00e0y m\u1ed9t \u0111\u00f4ng.<\/p>\n<p>\u0110\u1ec3 t\u1ea1o ra nh\u1eefng s\u1ea3n ph\u1ea9m \u0111\u01b0\u1ee3c kh\u00e1ch h\u00e0ng trong n\u01b0\u1edbc v\u00e0 qu\u1ed1c t\u1ebf \u01b0a chu\u1ed9ng, s\u1ea3n ph\u1ea9m m\u00e2y tre \u0111an v\u00f4 c\u00f9ng c\u1ea7u k\u1ef3, bao g\u1ed3m nhi\u1ec1u cung \u0111o\u1ea1n t\u1eeb ch\u1ecdn nguy\u00ean li\u1ec7u, tu\u1ed1t, ph\u01a1i, ch\u1ebb nen, s\u1ea5y\u2026Sau \u0111\u00f3 nguy\u00ean li\u1ec7u s\u1ebd \u0111\u01b0\u1ee3c lu\u1ed9c trong n\u01b0\u1edbc s\u00f4i ho\u1eb7c s\u1ea5y kh\u00f3i r\u01a1m \u0111\u1ec3 c\u00f3 m\u00e0u \u0111\u1eb9p t\u1ef1 nhi\u00ean, cu\u1ed1i c\u00f9ng m\u1edbi \u0111\u1ebfn tay ng\u01b0\u1eddi th\u1ee3 \u0111an th\u00e0nh s\u1ea3n ph\u1ea9m.<\/p>","protected":false},"excerpt":{"rendered":"<p>L\u00e0ng Ph\u00fa Vinh, x\u00e3 Ph\u00fa Ngh\u0129a, huy\u1ec7n Ch\u01b0\u01a1ng M\u1ef9, c\u00e1ch trung t\u00e2m H\u00e0 N\u1ed9i kho\u1ea3ng 25km l\u00e0 n\u01a1i c\u00f3 ngh\u1ec1<\/p>","protected":false},"featured_media":17270,"comment_status":"closed","ping_status":"closed","template":"","meta":{"_acf_changed":false},"product_cat":[394,366,398,336,337],"product_tag":[],"class_list":{"0":"post-17269","1":"product","2":"type-product","3":"status-publish","4":"has-post-thumbnail","6":"product_cat-may-tre-dan","7":"product_cat-hang-cnnt-cap-qg","8":"product_cat-san-pham-cnnt-tb-cap-qg-2021","9":"product_cat-san-pham-thu-cong-my-nghe","10":"product_cat-thu-cong-my-nghe-gia-dung-trang-tri","12":"first","13":"instock","14":"shipping-taxable","15":"product-type-simple"},"acf":[],"_links":{"self":[{"href":"https:\/\/b2c.fairs.vn\/en\/wp-json\/wp\/v2\/product\/17269","targetHints":{"allow":["GET"]}}],"collection":[{"href":"https:\/\/b2c.fairs.vn\/en\/wp-json\/wp\/v2\/product"}],"about":[{"href":"https:\/\/b2c.fairs.vn\/en\/wp-json\/wp\/v2\/types\/product"}],"replies":[{"embeddable":true,"href":"https:\/\/b2c.fairs.vn\/en\/wp-json\/wp\/v2\/comments?post=17269"}],"version-history":[{"count":0,"href":"https:\/\/b2c.fairs.vn\/en\/wp-json\/wp\/v2\/product\/17269\/revisions"}],"wp:featuredmedia":[{"embeddable":true,"href":"https:\/\/b2c.fairs.vn\/en\/wp-json\/wp\/v2\/media\/17270"}],"wp:attachment":[{"href":"https:\/\/b2c.fairs.vn\/en\/wp-json\/wp\/v2\/media?parent=17269"}],"wp:term":[{"taxonomy":"product_cat","embeddable":true,"href":"https:\/\/b2c.fairs.vn\/en\/wp-json\/wp\/v2\/product_cat?post=17269"},{"taxonomy":"product_tag","embeddable":true,"href":"https:\/\/b2c.fairs.vn\/en\/wp-json\/wp\/v2\/product_tag?post=17269"}],"curies":[{"name":"wp","href":"https:\/\/api.w.org\/{rel}","templated":true}]}}