{"id":17258,"date":"2024-04-17T09:41:06","date_gmt":"2024-04-17T02:41:06","guid":{"rendered":"https:\/\/b2c.fairs.vn\/?post_type=product&#038;p=17258"},"modified":"2024-04-23T15:45:49","modified_gmt":"2024-04-23T08:45:49","slug":"hop-luc-giac-son-mai-ve-hoa-lan","status":"publish","type":"product","link":"https:\/\/b2c.fairs.vn\/en\/product\/hop-luc-giac-son-mai-ve-hoa-lan\/","title":{"rendered":"H\u1ed8P L\u1ee4C GI\u00c1C S\u01a0N M\u00c0I V\u1ebc HOA LAN"},"content":{"rendered":"<p>L\u00e0 s\u1ea3n ph\u1ea9m \u0111\u01b0\u1ee3c l\u00e0m t\u1eeb c\u1ed1t g\u1ed7 MDF theo ph\u01b0\u01a1ng ph\u00e1p s\u01a1n m\u00e0i truy\u1ec1n th\u1ed1ng k\u1ebft h\u1ee3p v\u1edbi tranng tr\u00ed m\u00e0u hi\u1ec7n \u0111\u1ea1i, k\u1ebft h\u1ee3p ch\u1ea5t li\u1ec7u s\u01a1n \u0111\u1eafp n\u1ed5i l\u00e0m \u0111i\u1ec3m nh\u1ea5n, t\u1ea1o s\u1ef1 g\u1ea7n g\u0169i v\u1edbi thi\u00ean nhi\u00ean. H\u1ed9p s\u01a1n m\u00e0i l\u1ee5c gi\u00e1c v\u1ebd hoa lan \u0111\u01b0\u1ee3c s\u1eed d\u1ee5ng \u0111\u1ef1ng b\u00e1nh k\u1eb9o, trong ph\u00f2ng kh\u00e1ch ho\u1eb7c ph\u00f2ng \u0103n\u2026 S\u1ea3n ph\u1ea9m c\u00f3 gi\u00e1 tr\u1ecb v\u0103n h\u00f3a cao v\u00e0 c\u00f3 th\u1ec3 s\u1ea3n xu\u1ea5t \u0111\u1ea1i tr\u00e0 d\u00f9ng cho xu\u1ea5t kh\u1ea9u v\u00e0 trong n\u01b0\u1edbc<\/p>","protected":false},"excerpt":{"rendered":"<p>L\u00e0 s\u1ea3n ph\u1ea9m \u0111\u01b0\u1ee3c l\u00e0m t\u1eeb c\u1ed1t g\u1ed7 MDF theo ph\u01b0\u01a1ng ph\u00e1p s\u01a1n m\u00e0i truy\u1ec1n th\u1ed1ng k\u1ebft h\u1ee3p v\u1edbi tranng<\/p>","protected":false},"featured_media":17261,"comment_status":"closed","ping_status":"closed","template":"","meta":{"_acf_changed":false},"product_cat":[366,398,336,337,397],"product_tag":[],"class_list":{"0":"post-17258","1":"product","2":"type-product","3":"status-publish","4":"has-post-thumbnail","6":"product_cat-hang-cnnt-cap-qg","7":"product_cat-san-pham-cnnt-tb-cap-qg-2021","8":"product_cat-san-pham-thu-cong-my-nghe","9":"product_cat-thu-cong-my-nghe-gia-dung-trang-tri","10":"product_cat-thu-cong-my-nghe-khac","12":"first","13":"instock","14":"shipping-taxable","15":"product-type-simple"},"acf":[],"_links":{"self":[{"href":"https:\/\/b2c.fairs.vn\/en\/wp-json\/wp\/v2\/product\/17258","targetHints":{"allow":["GET"]}}],"collection":[{"href":"https:\/\/b2c.fairs.vn\/en\/wp-json\/wp\/v2\/product"}],"about":[{"href":"https:\/\/b2c.fairs.vn\/en\/wp-json\/wp\/v2\/types\/product"}],"replies":[{"embeddable":true,"href":"https:\/\/b2c.fairs.vn\/en\/wp-json\/wp\/v2\/comments?post=17258"}],"version-history":[{"count":0,"href":"https:\/\/b2c.fairs.vn\/en\/wp-json\/wp\/v2\/product\/17258\/revisions"}],"wp:featuredmedia":[{"embeddable":true,"href":"https:\/\/b2c.fairs.vn\/en\/wp-json\/wp\/v2\/media\/17261"}],"wp:attachment":[{"href":"https:\/\/b2c.fairs.vn\/en\/wp-json\/wp\/v2\/media?parent=17258"}],"wp:term":[{"taxonomy":"product_cat","embeddable":true,"href":"https:\/\/b2c.fairs.vn\/en\/wp-json\/wp\/v2\/product_cat?post=17258"},{"taxonomy":"product_tag","embeddable":true,"href":"https:\/\/b2c.fairs.vn\/en\/wp-json\/wp\/v2\/product_tag?post=17258"}],"curies":[{"name":"wp","href":"https:\/\/api.w.org\/{rel}","templated":true}]}}