{"id":1722,"date":"2024-03-18T13:56:45","date_gmt":"2024-03-18T06:56:45","guid":{"rendered":"https:\/\/b2c.fairs.vn\/?post_type=product&#038;p=1722"},"modified":"2024-04-23T10:06:18","modified_gmt":"2024-04-23T03:06:18","slug":"gac-phau-thuat-7cm-x-11cm-x-12-lop","status":"publish","type":"product","link":"https:\/\/b2c.fairs.vn\/en\/product\/gac-phau-thuat-7cm-x-11cm-x-12-lop\/","title":{"rendered":"G\u1ea1c ph\u1eabu thu\u1eadt 7cm x 11cm x 12 l\u1edbp"},"content":{"rendered":"<div>\n<div>\n<p>G\u1ea1c \u0111\u01b0\u1ee3c d\u1ec7t t\u1eeb s\u1ee3i 100% cotton. M\u1eadt \u0111\u1ed9 18-20 s\u1ee3i\/inch, Tri s\u1ed1 s\u1ee3i CD 32\/1. Tr\u1ecdng l\u01b0\u1ee3ng 25-30 grams\/m2. \u0110\u01b0\u1ee3c t\u1ea9y tr\u1eafng v\u1eb1ng oxy gi\u00e0, kh\u00f4ng c\u00f3 \u0111\u1ed9c t\u1ed1. T\u1ea9y tr\u1eafng b\u1eb1ng oxy gi\u00e0, kh\u00f4ng c\u00f3 \u0111\u1ed9c t\u1ed1. Kh\u00f4ng ch\u1ee9a ch\u1ea5t g\u00e2y d\u1ecb \u1ee9ng, kh\u00f4ng c\u00f3 tinh b\u1ed9t, kh\u00f4ng c\u00f3 x\u01a1 m\u00f9n h\u00f2a tan trong n\u01b0\u1edbc v\u00e0 d\u1ecbch ph\u1ee7 t\u1ea1ng.<\/p>\n<p>&nbsp;<\/p>\n<p>&nbsp;<\/p>\n<p>&#8211; Size: 7cm x 11cm x 12 l\u1edbp, v\u00f4 tr\u00f9ng c\u1ea3n quang<\/p>\n<p>&nbsp;<\/p>\n<p>&#8211; Th\u00e0nh ph\u1ea7n :\u00a0 +100% cotton t\u1ea9y tr\u1eafng, \u0111\u00e3 \u0111\u01b0\u1ee3c gi\u1eb7t s\u1ea1ch.<\/p>\n<p>&nbsp;<\/p>\n<p>+M\u1ec1m m\u1ea1i, \u0111\u1ed9 th\u1ea5m\u00a0 h\u00fat cao, kh\u00f4ng \u0111\u1ed9c t\u1ed1 v\u00e0 kh\u00f4ng g\u00e2y d\u1ecb \u1ee9ng.<\/p>\n<p>&nbsp;<\/p>\n<p>&#8211; C\u00f4ng d\u1ee5ng :\u00a0 \u00a0D\u00f9ng c\u1ea7m m\u00e1u, \u0111\u1eafp v\u1ebft th\u01b0\u01a1ng, v\u1ebft m\u1ed5 r\u1ea5t an to\u00e0n v\u00e0 ti\u1ec7n l\u1ee3i.<\/p>\n<p>&nbsp;<\/p>\n<p>&#8211; Ch\u1ee9ng nh\u1eadn:<\/p>\n<p>+ ISO 9001 : 2015<\/p>\n<p>+ ISO 13485: 2016<\/p>\n<p>+ CE<\/p>\n<p>+ FDA Registered<\/p>\n<p>+ GMP<\/p>\n<p>&nbsp;<\/p>\n<p>&#8211; Ch\u00fa \u00fd: S\u1eed d\u1ee5ng an to\u00e0n khi bao g\u00f3i kh\u00f4ng b\u1ecb r\u00e1ch \u2013 h\u1edf.<\/p>\n<p>&nbsp;<\/p>\n<p>&#8211; H\u1ea1n s\u1eed d\u1ee5ng: 2 n\u0103m<\/p>\n<p>&nbsp;<\/p>\n<p>&#8211; K\u00edch th\u01b0\u1edbc s\u1ea3n ph\u1ea9m:<\/p>\n<p>&nbsp;<\/p>\n<p>10cm x 10cm x 12 l\u1edbp<\/p>\n<p>10cm x 10cm x 8 l\u1edbp<\/p>\n<p>10cm x 10cm x 6 l\u1edbp<\/p>\n<p>10cm x 10cm x 4 l\u1edbp<\/p>\n<p>10cm x 10cm x 12 l\u1edbp<\/p>\n<p>7,5cm x 7,5cm x 8 l\u1edbp<\/p>\n<p>7,5cm x 7,5cm x 6 l\u1edbp<\/p>\n<p>7,5cm x 11cm x 12 l\u1edbp<\/p>\n<\/div>\n<\/div>\n<div>\n<div>\n<h3 class=\"text-xl my-5 font-bold\">Th\u00f4ng s\u1ed1 k\u1ef9 thu\u1eadt<\/h3>\n<div>\n<div class=\"my-2 py-2\">\u0110\u1ed9 pH\u00a0<span class=\"mlr-1\">:<\/span><span class=\"ml-1\">trung t\u00ednh<\/span><\/div>\n<div class=\"my-2 py-2\">\u0110\u1ed9 tr\u1eafng\u00a0<span class=\"mlr-1\">:<\/span><span class=\"ml-1\">&gt;= 80% +\/- 10%<\/span><\/div>\n<div class=\"my-2 py-2\">Mu\u1ed1i kim lo\u1ea1i<span class=\"mlr-1\">:<\/span><span class=\"ml-1\">kh\u00f4ng qu\u00e1 h\u00e0m l\u01b0\u1ee3ng cho ph\u00e9p<\/span><\/div>\n<div class=\"my-2 py-2\">\u0110\u1ea1t ti\u00eau chu\u1ea9n<span class=\"mlr-1\">:<\/span><span class=\"ml-1\">D\u01b0\u1ee3c \u0111i\u1ec3n Vi\u1ec7t Nam III<\/span><\/div>\n<div class=\"my-2 py-2\">\u0110\u1ed9 ng\u1eadm n\u01b0\u1edbc<span class=\"mlr-1\">:<\/span><span class=\"ml-1\">&gt;= 5gr n\u01b0\u1edbc\/ 1gr g\u1ea1c<\/span><\/div>\n<div class=\"my-2 py-2\">Ch\u1ea5t tan trong n\u01b0\u1edbc<span class=\"mlr-1\">:<\/span><span class=\"ml-1\">&lt; 0.5%<\/span><\/div>\n<div class=\"my-2 py-2\">T\u1ed1c \u0111\u1ed9 h\u00fat n\u01b0\u1edbc<span class=\"mlr-1\">:<\/span><span class=\"ml-1\">&lt;= 5 gi\u00e2y<\/span><\/div>\n<div class=\"my-2 py-2\">H\u00e0m l\u01b0\u1ee3ng ch\u1ea5t b\u00e9o<span class=\"mlr-1\">:<\/span><span class=\"ml-1\">&lt;= 0.5%<\/span><\/div>\n<\/div>\n<\/div>\n<\/div>","protected":false},"excerpt":{"rendered":"<p>G\u1ea1c \u0111\u01b0\u1ee3c d\u1ec7t t\u1eeb s\u1ee3i 100% cotton. M\u1eadt \u0111\u1ed9 18-20 s\u1ee3i\/inch, Tri s\u1ed1 s\u1ee3i CD 32\/1. Tr\u1ecdng l\u01b0\u1ee3ng 25-30 grams\/m2. \u0110\u01b0\u1ee3c t\u1ea9y tr\u1eafng v\u1eb1ng oxy gi\u00e0, kh\u00f4ng c\u00f3 \u0111\u1ed9c t\u1ed1. T\u1ea9y tr\u1eafng b\u1eb1ng oxy gi\u00e0, kh\u00f4ng c\u00f3 \u0111\u1ed9c t\u1ed1. Kh\u00f4ng ch\u1ee9a ch\u1ea5t g\u00e2y d\u1ecb \u1ee9ng, kh\u00f4ng c\u00f3 tinh b\u1ed9t, kh\u00f4ng c\u00f3 x\u01a1 m\u00f9n h\u00f2a tan trong n\u01b0\u1edbc v\u00e0 d\u1ecbch ph\u1ee7 t\u1ea1ng.<\/p>","protected":false},"featured_media":1723,"comment_status":"open","ping_status":"closed","template":"","meta":{"_acf_changed":false},"product_cat":[519,346],"product_tag":[],"class_list":{"0":"post-1722","1":"product","2":"type-product","3":"status-publish","4":"has-post-thumbnail","6":"product_cat-suc-khoe-va-sac-dep","7":"product_cat-vat-tu-y-te","9":"first","10":"instock","11":"shipping-taxable","12":"product-type-simple"},"acf":[],"_links":{"self":[{"href":"https:\/\/b2c.fairs.vn\/en\/wp-json\/wp\/v2\/product\/1722","targetHints":{"allow":["GET"]}}],"collection":[{"href":"https:\/\/b2c.fairs.vn\/en\/wp-json\/wp\/v2\/product"}],"about":[{"href":"https:\/\/b2c.fairs.vn\/en\/wp-json\/wp\/v2\/types\/product"}],"replies":[{"embeddable":true,"href":"https:\/\/b2c.fairs.vn\/en\/wp-json\/wp\/v2\/comments?post=1722"}],"version-history":[{"count":0,"href":"https:\/\/b2c.fairs.vn\/en\/wp-json\/wp\/v2\/product\/1722\/revisions"}],"wp:featuredmedia":[{"embeddable":true,"href":"https:\/\/b2c.fairs.vn\/en\/wp-json\/wp\/v2\/media\/1723"}],"wp:attachment":[{"href":"https:\/\/b2c.fairs.vn\/en\/wp-json\/wp\/v2\/media?parent=1722"}],"wp:term":[{"taxonomy":"product_cat","embeddable":true,"href":"https:\/\/b2c.fairs.vn\/en\/wp-json\/wp\/v2\/product_cat?post=1722"},{"taxonomy":"product_tag","embeddable":true,"href":"https:\/\/b2c.fairs.vn\/en\/wp-json\/wp\/v2\/product_tag?post=1722"}],"curies":[{"name":"wp","href":"https:\/\/api.w.org\/{rel}","templated":true}]}}