{"id":1718,"date":"2024-03-18T07:07:29","date_gmt":"2024-03-18T07:07:29","guid":{"rendered":"https:\/\/b2c.fairs.vn\/?post_type=product&#038;p=1718"},"modified":"2024-03-26T09:48:10","modified_gmt":"2024-03-26T02:48:10","slug":"hat-mix-dinh-duong","status":"publish","type":"product","link":"https:\/\/b2c.fairs.vn\/en\/product\/hat-mix-dinh-duong\/","title":{"rendered":"H\u1ea1t mix dinh d\u01b0\u1ee1ng"},"content":{"rendered":"<p>H\u1ea0T MIX DINH D\u01af\u1ee0NG MINHDUONGFOOD<\/p>\n<p>H\u0169 s\u1ea3n ph\u1ea9m mix 6\u00a0lo\u1ea1i h\u1ea1t cao c\u1ea5p: h\u1ea1t b\u00ed xanh, h\u1ea1t \u0111i\u1ec1u, h\u1ea1t h\u1ea1nh nh\u00e2n, h\u1ea1t d\u1ebb c\u01b0\u1eddi, h\u1ea1t macca, h\u1ea1t sen<\/p>\n<p>S\u1ea3n ph\u1ea9m \u0111\u01b0\u1ee3c \u0111\u00f3ng trong h\u0169 nh\u1ef1a cap c\u1ea5p, sang tr\u1ecdng, thi\u1ebft k\u1ebf b\u1eaft m\u1eaft ph\u00f9 h\u1ee3p \u0111\u1ec3 l\u00e0m qu\u00e0 bi\u1ebfu t\u1eb7ng. \u0110\u00e2y l\u00e0 m\u00f3n \u0103n ngon, b\u1ed5 d\u01b0\u1ee1ng d\u00e0nh cho gia \u0111i\u00ecnh, b\u1ea1n b\u00e8 v\u00e0 \u0111\u1ed3ng nghi\u1ec7p khi ng\u1ed3i qu\u00e2y qu\u1ea7n b\u00ean nhau.<\/p>\n<p>C\u00f4ng d\u1ee5ng c\u1ee7a c\u00e1c lo\u1ea1i h\u1ea1t dinh d\u01b0\u1ee1ng:<\/p>\n<p>+ Cung c\u1ea5p protein v\u00e0 kho\u00e1ng ch\u1ea5t d\u1ed3i d\u00e0o<\/p>\n<p>+ Gi\u1ea3m nguy c\u01a1 m\u1eafc b\u1ec7nh tim m\u1ea1ch v\u00e0 huy\u1ebft \u00e1p<\/p>\n<p>+ H\u1ed7 tr\u1ee3 ti\u00eau h\u00f3a<\/p>\n<p>+ T\u0103ng c\u01b0\u1eddng ch\u1ea5t ch\u1ed1ng oxy h\u00f3a<\/p>\n<p>+ H\u1ed7 tr\u1ee3 gi\u1ea3m c\u00e2n l\u00e0nh m\u1ea1nh, hi\u1ec7u qu\u1ea3<\/p>\n<p>+ Gi\u00fap h\u1ec7 x\u01b0\u01a1ng ch\u1eafc kh\u1ecfe<\/p>\n<p>T\u00ean s\u1ea3n ph\u1ea9m: H\u1ea1t mix dinh d\u01b0\u1ee1ng<\/p>\n<p>Th\u01b0\u01a1ng hi\u1ec7u: Minh D\u01b0\u01a1ng<\/p>\n<p>Th\u00e0nh ph\u1ea7n:\u00a0h\u1ea1t b\u00ed xanh, h\u1ea1t \u0111i\u1ec1u, h\u1ea1t h\u1ea1nh nh\u00e2n, h\u1ea1t d\u1ebb c\u01b0\u1eddi, h\u1ea1t macca, h\u1ea1t sen<\/p>\n<p>H\u1ea1n s\u1eed d\u1ee5ng: 12 th\u00e1ng k\u1ec3 t\u1eeb NSX<\/p>\n<p>H\u01b0\u1edbng d\u1eabn s\u1eed d\u1ee5ng: S\u1ea3n ph\u1ea9m \u0111\u01b0\u1ee3c s\u1eed d\u1ee5ng \u0103n li\u1ec1n kh\u00f4ng qua ch\u1ebf bi\u1ebfn.<\/p>\n<p>H\u01b0\u1edbng d\u1eabn b\u1ea3o qu\u1ea3n: \u0110\u1ec3 n\u01a1i kh\u00f4 r\u00e1o, s\u1ea1ch s\u1ebd, tho\u00e1ng m\u00e1t. Tr\u00e1nh \u00e1nh n\u1eafng tr\u1ef1c ti\u1ebfp t\u1eeb m\u1eb7t tr\u1eddi.<\/p>\n<p>Th\u00f4ng tin c\u1ea3nh b\u00e1o an to\u00e0n, v\u1ec7 sinh: Kh\u00f4ng s\u1eed d\u1ee5ng s\u1ea3n ph\u1ea9m c\u00f3 m\u00e0u s\u1eafc v\u00e0 m\u00f9i v\u1ecb b\u1ea5t th\u01b0\u1eddng<\/p>","protected":false},"excerpt":{"rendered":"<p>H\u1ea0T MIX DINH D\u01af\u1ee0NG MINHDUONGFOOD<\/p>\n<p>H\u0169 s\u1ea3n ph\u1ea9m mix 6\u00a0lo\u1ea1i h\u1ea1t cao c\u1ea5p: h\u1ea1t b\u00ed xanh, h\u1ea1t \u0111i\u1ec1u, h\u1ea1t h\u1ea1nh nh\u00e2n, h\u1ea1t d\u1ebb c\u01b0\u1eddi, h\u1ea1t macca, h\u1ea1t sen<\/p>\n<p>S\u1ea3n ph\u1ea9m \u0111\u01b0\u1ee3c \u0111\u00f3ng trong h\u0169 nh\u1ef1a cap c\u1ea5p, sang tr\u1ecdng, thi\u1ebft k\u1ebf b\u1eaft m\u1eaft ph\u00f9 h\u1ee3p \u0111\u1ec3 l\u00e0m qu\u00e0 bi\u1ebfu t\u1eb7ng. \u0110\u00e2y l\u00e0 m\u00f3n \u0103n ngon, b\u1ed5 d\u01b0\u1ee1ng d\u00e0nh cho gia \u0111i\u00ecnh, b\u1ea1n b\u00e8 v\u00e0 \u0111\u1ed3ng nghi\u1ec7p khi ng\u1ed3i qu\u00e2y qu\u1ea7n b\u00ean nhau.<\/p>\n<p>C\u00f4ng d\u1ee5ng c\u1ee7a c\u00e1c lo\u1ea1i h\u1ea1t dinh d\u01b0\u1ee1ng:<\/p>\n<p>+ Cung c\u1ea5p protein v\u00e0 kho\u00e1ng ch\u1ea5t d\u1ed3i d\u00e0o<\/p>\n<p>+ Gi\u1ea3m nguy c\u01a1 m\u1eafc b\u1ec7nh tim m\u1ea1ch v\u00e0 huy\u1ebft \u00e1p<\/p>\n<p>+ H\u1ed7 tr\u1ee3 ti\u00eau h\u00f3a<\/p>\n<p>+ T\u0103ng c\u01b0\u1eddng ch\u1ea5t ch\u1ed1ng oxy h\u00f3a<\/p>\n<p>+ H\u1ed7 tr\u1ee3 gi\u1ea3m c\u00e2n l\u00e0nh m\u1ea1nh, hi\u1ec7u qu\u1ea3<\/p>\n<p>+ Gi\u00fap h\u1ec7 x\u01b0\u01a1ng ch\u1eafc kh\u1ecfe<\/p>\n<p>T\u00ean s\u1ea3n ph\u1ea9m: H\u1ea1t mix dinh d\u01b0\u1ee1ng<\/p>\n<p>Th\u01b0\u01a1ng hi\u1ec7u: Minh D\u01b0\u01a1ng<\/p>\n<p>Th\u00e0nh ph\u1ea7n:\u00a0h\u1ea1t b\u00ed xanh, h\u1ea1t \u0111i\u1ec1u, h\u1ea1t h\u1ea1nh nh\u00e2n, h\u1ea1t d\u1ebb c\u01b0\u1eddi, h\u1ea1t macca, h\u1ea1t sen<\/p>\n<p>H\u1ea1n s\u1eed d\u1ee5ng: 12 th\u00e1ng k\u1ec3 t\u1eeb NSX<\/p>\n<p>H\u01b0\u1edbng d\u1eabn s\u1eed d\u1ee5ng: S\u1ea3n ph\u1ea9m \u0111\u01b0\u1ee3c s\u1eed d\u1ee5ng \u0103n li\u1ec1n kh\u00f4ng qua ch\u1ebf bi\u1ebfn.<\/p>\n<p>H\u01b0\u1edbng d\u1eabn b\u1ea3o qu\u1ea3n: \u0110\u1ec3 n\u01a1i kh\u00f4 r\u00e1o, s\u1ea1ch s\u1ebd, tho\u00e1ng m\u00e1t. Tr\u00e1nh \u00e1nh n\u1eafng tr\u1ef1c ti\u1ebfp t\u1eeb m\u1eb7t tr\u1eddi.<\/p>\n<p>Th\u00f4ng tin c\u1ea3nh b\u00e1o an to\u00e0n, v\u1ec7 sinh: Kh\u00f4ng s\u1eed d\u1ee5ng s\u1ea3n ph\u1ea9m c\u00f3 m\u00e0u s\u1eafc v\u00e0 m\u00f9i v\u1ecb b\u1ea5t th\u01b0\u1eddng<\/p>","protected":false},"featured_media":1727,"comment_status":"open","ping_status":"closed","template":"","meta":{"_acf_changed":false},"product_cat":[316,22,313],"product_tag":[],"class_list":{"0":"post-1718","1":"product","2":"type-product","3":"status-publish","4":"has-post-thumbnail","6":"product_cat-che-bien-tu-rau-cu-qua-hat","7":"product_cat-sanphamthucpham","8":"product_cat-thuc-pham-che-bien","10":"first","11":"instock","12":"shipping-taxable","13":"purchasable","14":"product-type-simple"},"acf":[],"_links":{"self":[{"href":"https:\/\/b2c.fairs.vn\/en\/wp-json\/wp\/v2\/product\/1718","targetHints":{"allow":["GET"]}}],"collection":[{"href":"https:\/\/b2c.fairs.vn\/en\/wp-json\/wp\/v2\/product"}],"about":[{"href":"https:\/\/b2c.fairs.vn\/en\/wp-json\/wp\/v2\/types\/product"}],"replies":[{"embeddable":true,"href":"https:\/\/b2c.fairs.vn\/en\/wp-json\/wp\/v2\/comments?post=1718"}],"version-history":[{"count":0,"href":"https:\/\/b2c.fairs.vn\/en\/wp-json\/wp\/v2\/product\/1718\/revisions"}],"wp:featuredmedia":[{"embeddable":true,"href":"https:\/\/b2c.fairs.vn\/en\/wp-json\/wp\/v2\/media\/1727"}],"wp:attachment":[{"href":"https:\/\/b2c.fairs.vn\/en\/wp-json\/wp\/v2\/media?parent=1718"}],"wp:term":[{"taxonomy":"product_cat","embeddable":true,"href":"https:\/\/b2c.fairs.vn\/en\/wp-json\/wp\/v2\/product_cat?post=1718"},{"taxonomy":"product_tag","embeddable":true,"href":"https:\/\/b2c.fairs.vn\/en\/wp-json\/wp\/v2\/product_tag?post=1718"}],"curies":[{"name":"wp","href":"https:\/\/api.w.org\/{rel}","templated":true}]}}