{"id":1717,"date":"2024-03-18T13:55:05","date_gmt":"2024-03-18T06:55:05","guid":{"rendered":"https:\/\/b2c.fairs.vn\/?post_type=product&#038;p=1717"},"modified":"2024-04-23T10:06:22","modified_gmt":"2024-04-23T03:06:22","slug":"bang-cuon","status":"publish","type":"product","link":"https:\/\/b2c.fairs.vn\/en\/product\/bang-cuon\/","title":{"rendered":"B\u0103ng cu\u1ed9n"},"content":{"rendered":"<div>\n<div>\n<p>C\u00f4ng d\u1ee5ng: d\u00f9ng b\u0103ng b\u00f3 v\u1ebft th\u01b0\u01a1ng<\/p>\n<p>S\u1ea3n ph\u1ea9m \u0111\u01b0\u1ee3c d\u1ec7t t\u1eeb s\u1ee3i 100% cotton c\u00f3 \u0111\u1ed9 th\u1ea5m h\u00fat r\u1ea5t cao, kh\u00f4ng c\u00f3 \u0111\u1ed9c t\u1ed1. Kh\u00f4ng ch\u1ee9a ch\u1ea5t g\u00e2y d\u1ecb \u1ee9ng, kh\u00f4ng c\u00f3 tinh b\u1ed9t ho\u1eb7c Dextrin, kh\u00f4ng c\u00f3 x\u01a1 m\u00f9n h\u00f2a tan trong n\u01b0\u1edbc v\u00e0 d\u1ecbch ph\u1ee7 t\u1ea1ng<\/p>\n<p>\u0110\u1ea1t ti\u00eau chu\u1ea9n ISO 9001:2015; ISO 13485:2016; Ch\u1ee9ng nh\u1eadn FDA c\u1ee7a Hoa K\u1ef3; ch\u1ee9ng nh\u1eadn GMP,CE<\/p>\n<\/div>\n<\/div>\n<div>\n<div>\n<h3 class=\"text-xl my-5 font-bold\">Th\u00f4ng s\u1ed1 k\u1ef9 thu\u1eadt<\/h3>\n<div>\n<div class=\"my-2 py-2\">\u0110\u1ed9 pH<span class=\"mlr-1\">:<\/span><span class=\"ml-1\">trung t\u00ednh<\/span><\/div>\n<div class=\"my-2 py-2\">\u0110\u1ed9 tr\u1eafng<span class=\"mlr-1\">:<\/span><span class=\"ml-1\">\u00a0&gt;=80% +\/- 10%<\/span><\/div>\n<div class=\"my-2 py-2\">Mu\u1ed1i kim lo\u1ea1i<span class=\"mlr-1\">:<\/span><span class=\"ml-1\">kh\u00f4ng qu\u00e1 h\u00e0m l\u01b0\u1ee3ng cho ph\u00e9p<\/span><\/div>\n<div class=\"my-2 py-2\">\u0110\u1ed9 ng\u1eadm n\u01b0\u1edbc\u00a0<span class=\"mlr-1\">:<\/span><span class=\"ml-1\">&gt;=5gr n\u01b0\u1edbc\/1gr g\u1ea1c<\/span><\/div>\n<div class=\"my-2 py-2\">Ch\u1ea5t tan trong n\u01b0\u1edbc\u00a0<span class=\"mlr-1\">:<\/span><span class=\"ml-1\">&lt;0.5%<\/span><\/div>\n<div class=\"my-2 py-2\">H\u00e0m l\u01b0\u1ee3ng ch\u1ea5t b\u00e9o<span class=\"mlr-1\">:<\/span><span class=\"ml-1\">kh\u00f4ng v\u01b0\u1ee3t qu\u00e1 0,5%<\/span><\/div>\n<div class=\"my-2 py-2\">T\u1ed1c \u0111\u1ed9 h\u00fat n\u01b0\u1edbc\u00a0<span class=\"mlr-1\">:<\/span><span class=\"ml-1\">=&lt; 5 gi\u00e2y<\/span><\/div>\n<\/div>\n<\/div>\n<\/div>","protected":false},"excerpt":{"rendered":"<div>\n<div>\n<p>C\u00f4ng d\u1ee5ng: d\u00f9ng b\u0103ng b\u00f3 v\u1ebft th\u01b0\u01a1ng<\/p>\n<p>S\u1ea3n ph\u1ea9m \u0111\u01b0\u1ee3c d\u1ec7t t\u1eeb s\u1ee3i 100% cotton c\u00f3 \u0111\u1ed9 th\u1ea5m h\u00fat r\u1ea5t cao, kh\u00f4ng c\u00f3 \u0111\u1ed9c t\u1ed1. Kh\u00f4ng ch\u1ee9a ch\u1ea5t g\u00e2y d\u1ecb \u1ee9ng, kh\u00f4ng c\u00f3 tinh b\u1ed9t ho\u1eb7c Dextrin, kh\u00f4ng c\u00f3 x\u01a1 m\u00f9n h\u00f2a tan trong n\u01b0\u1edbc v\u00e0 d\u1ecbch ph\u1ee7 t\u1ea1ng<\/p>\n<\/div>\n<\/div>","protected":false},"featured_media":1719,"comment_status":"open","ping_status":"closed","template":"","meta":{"_acf_changed":false},"product_cat":[519,346],"product_tag":[],"class_list":{"0":"post-1717","1":"product","2":"type-product","3":"status-publish","4":"has-post-thumbnail","6":"product_cat-suc-khoe-va-sac-dep","7":"product_cat-vat-tu-y-te","9":"first","10":"instock","11":"shipping-taxable","12":"product-type-simple"},"acf":[],"_links":{"self":[{"href":"https:\/\/b2c.fairs.vn\/en\/wp-json\/wp\/v2\/product\/1717","targetHints":{"allow":["GET"]}}],"collection":[{"href":"https:\/\/b2c.fairs.vn\/en\/wp-json\/wp\/v2\/product"}],"about":[{"href":"https:\/\/b2c.fairs.vn\/en\/wp-json\/wp\/v2\/types\/product"}],"replies":[{"embeddable":true,"href":"https:\/\/b2c.fairs.vn\/en\/wp-json\/wp\/v2\/comments?post=1717"}],"version-history":[{"count":0,"href":"https:\/\/b2c.fairs.vn\/en\/wp-json\/wp\/v2\/product\/1717\/revisions"}],"wp:featuredmedia":[{"embeddable":true,"href":"https:\/\/b2c.fairs.vn\/en\/wp-json\/wp\/v2\/media\/1719"}],"wp:attachment":[{"href":"https:\/\/b2c.fairs.vn\/en\/wp-json\/wp\/v2\/media?parent=1717"}],"wp:term":[{"taxonomy":"product_cat","embeddable":true,"href":"https:\/\/b2c.fairs.vn\/en\/wp-json\/wp\/v2\/product_cat?post=1717"},{"taxonomy":"product_tag","embeddable":true,"href":"https:\/\/b2c.fairs.vn\/en\/wp-json\/wp\/v2\/product_tag?post=1717"}],"curies":[{"name":"wp","href":"https:\/\/api.w.org\/{rel}","templated":true}]}}