{"id":1713,"date":"2024-03-18T13:53:28","date_gmt":"2024-03-18T06:53:28","guid":{"rendered":"https:\/\/b2c.fairs.vn\/?post_type=product&#038;p=1713"},"modified":"2024-04-23T10:06:26","modified_gmt":"2024-04-23T03:06:26","slug":"bong-y-te","status":"publish","type":"product","link":"https:\/\/b2c.fairs.vn\/en\/product\/bong-y-te\/","title":{"rendered":"B\u00f4ng y t\u1ebf"},"content":{"rendered":"<div>\n<div>\n<p>C\u00f4ng d\u1ee5ng: D\u00f9ng trong y t\u1ebf v\u00e0 s\u1eed d\u1ee5ng cho gia \u0111\u00ecnh<\/p>\n<p>S\u1ea3n xu\u1ea5t t\u1eeb nguy\u00ean li\u1ec7u b\u00f4ng x\u01a1 thi\u00ean nhi\u00ean 100% cotton. B\u00f4ng tr\u1eafng, kh\u00f4ng m\u00f9i, m\u1ec1m m\u1ecbn, dai, kh\u00f4ng b\u1ecb t\u01a1i v\u00e0 c\u00f3 \u0111\u1ed9 th\u1ea5m h\u00fat r\u1ea5t cao, kh\u00f4ng l\u1eabn t\u1ea1p ch\u1ea5t. Kh\u00f4ng \u0111\u1ed9c t\u1ed1 v\u00e0 kh\u00f4ng g\u00e2y d\u1ecb \u1ee9ng, kh\u00f4ng c\u00f3 tinh b\u1ed9t, kh\u00f4ng c\u00f3 x\u01a1 m\u00f9n h\u00f2a tan trong n\u01b0\u1edbc v\u00e0 d\u1ecbch ph\u1ee7 t\u1ea1ng.<br \/>\n\u0110\u1ea1t ti\u00eau chu\u1ea9n ISO 9001:2015; ISO 13485:2016; Ch\u1ee9ng nh\u1eadn FDA c\u1ee7a Hoa K\u1ef3; Ch\u1ee9ng nh\u1eadn th\u1ef1c h\u00e0nh s\u1ea3n xu\u1ea5t t\u1ed1t GMP,CE<\/p>\n<\/div>\n<\/div>\n<div>\n<div>\n<h3 class=\"text-xl my-5 font-bold\">Th\u00f4ng s\u1ed1 k\u1ef9 thu\u1eadt<\/h3>\n<div>\n<div class=\"my-2 py-2\">\u0110\u1ed9 \u1ea9m\u00a0<span class=\"mlr-1\">:<\/span><span class=\"ml-1\">\u2264 8%<\/span><\/div>\n<div class=\"my-2 py-2\">T\u1ed1c \u0111\u1ed9 h\u00fat n\u01b0\u1edbc<span class=\"mlr-1\">:<\/span><span class=\"ml-1\">=&lt; 5 gi\u00e2y<\/span><\/div>\n<div class=\"my-2 py-2\">H\u00e0m l\u01b0\u1ee3ng ch\u1ea5t b\u00e9o<span class=\"mlr-1\">:<\/span><span class=\"ml-1\">Kh\u00f4ng v\u01b0\u1ee3t qu\u00e1 0.5%<\/span><\/div>\n<div class=\"my-2 py-2\">\u0110\u1ed9 acid v\u00e0 \u0111\u1ed9 ki\u1ec1m\u00a0<span class=\"mlr-1\">:<\/span><span class=\"ml-1\">Trung t\u00ednh<\/span><\/div>\n<div class=\"my-2 py-2\">C\u00e1c ch\u1ea5t tan trong n\u01b0\u1edbc<span class=\"mlr-1\">:<\/span><span class=\"ml-1\">\u2264 0,5%<\/span><\/div>\n<\/div>\n<\/div>\n<\/div>","protected":false},"excerpt":{"rendered":"<p>C\u00f4ng d\u1ee5ng: D\u00f9ng trong y t\u1ebf v\u00e0 s\u1eed d\u1ee5ng cho gia \u0111\u00ecnh<\/p>\n<p>S\u1ea3n xu\u1ea5t t\u1eeb nguy\u00ean li\u1ec7u b\u00f4ng x\u01a1 thi\u00ean nhi\u00ean 100% cotton. B\u00f4ng tr\u1eafng, kh\u00f4ng m\u00f9i, m\u1ec1m m\u1ecbn, dai, kh\u00f4ng b\u1ecb t\u01a1i v\u00e0 c\u00f3 \u0111\u1ed9 th\u1ea5m h\u00fat r\u1ea5t cao, kh\u00f4ng l\u1eabn t\u1ea1p ch\u1ea5t. Kh\u00f4ng \u0111\u1ed9c t\u1ed1 v\u00e0 kh\u00f4ng g\u00e2y d\u1ecb \u1ee9ng, kh\u00f4ng c\u00f3 tinh b\u1ed9t, kh\u00f4ng c\u00f3 x\u01a1 m\u00f9n h\u00f2a tan trong n\u01b0\u1edbc v\u00e0 d\u1ecbch ph\u1ee7 t\u1ea1ng.<\/p>","protected":false},"featured_media":1714,"comment_status":"open","ping_status":"closed","template":"","meta":{"_acf_changed":false},"product_cat":[519,346],"product_tag":[],"class_list":{"0":"post-1713","1":"product","2":"type-product","3":"status-publish","4":"has-post-thumbnail","6":"product_cat-suc-khoe-va-sac-dep","7":"product_cat-vat-tu-y-te","9":"first","10":"instock","11":"shipping-taxable","12":"product-type-simple"},"acf":[],"_links":{"self":[{"href":"https:\/\/b2c.fairs.vn\/en\/wp-json\/wp\/v2\/product\/1713","targetHints":{"allow":["GET"]}}],"collection":[{"href":"https:\/\/b2c.fairs.vn\/en\/wp-json\/wp\/v2\/product"}],"about":[{"href":"https:\/\/b2c.fairs.vn\/en\/wp-json\/wp\/v2\/types\/product"}],"replies":[{"embeddable":true,"href":"https:\/\/b2c.fairs.vn\/en\/wp-json\/wp\/v2\/comments?post=1713"}],"version-history":[{"count":0,"href":"https:\/\/b2c.fairs.vn\/en\/wp-json\/wp\/v2\/product\/1713\/revisions"}],"wp:featuredmedia":[{"embeddable":true,"href":"https:\/\/b2c.fairs.vn\/en\/wp-json\/wp\/v2\/media\/1714"}],"wp:attachment":[{"href":"https:\/\/b2c.fairs.vn\/en\/wp-json\/wp\/v2\/media?parent=1713"}],"wp:term":[{"taxonomy":"product_cat","embeddable":true,"href":"https:\/\/b2c.fairs.vn\/en\/wp-json\/wp\/v2\/product_cat?post=1713"},{"taxonomy":"product_tag","embeddable":true,"href":"https:\/\/b2c.fairs.vn\/en\/wp-json\/wp\/v2\/product_tag?post=1713"}],"curies":[{"name":"wp","href":"https:\/\/api.w.org\/{rel}","templated":true}]}}