{"id":17113,"date":"2024-04-16T16:31:17","date_gmt":"2024-04-16T09:31:17","guid":{"rendered":"https:\/\/b2c.fairs.vn\/?post_type=product&#038;p=17113"},"modified":"2024-04-16T16:31:18","modified_gmt":"2024-04-16T09:31:18","slug":"bo-san-pham-ban-ghe-ghep-gom","status":"publish","type":"product","link":"https:\/\/b2c.fairs.vn\/en\/product\/bo-san-pham-ban-ghe-ghep-gom\/","title":{"rendered":"B\u1ed8 S\u1ea2N PH\u1ea8M B\u00c0N GH\u1ebe GH\u00c9P G\u1ed0M"},"content":{"rendered":"<p>B\u1ed9 b\u00e0n \u0103n gia \u0111\u00ecnh l\u00e0m t\u1eeb khung s\u1eaft k\u1ef9 ngh\u1ec7 s\u01a1n t\u0129nh \u0111i\u1ec7n, m\u1eb7t b\u00e0n \u0111\u01b0\u1ee3c l\u00e1t gh\u00e9p c\u00e1c hoa v\u0103n, h\u1ecda ti\u1ebft b\u1eb1ng g\u1ed1m s\u1ee9. S\u1ea3n ph\u1ea9m v\u1edbi t\u00ednh n\u0103ng ch\u1ee7 y\u1ebfu d\u00f9ng l\u00e0m b\u00e0n \u0103n trong gia \u0111\u00ecnh.<\/p>","protected":false},"excerpt":{"rendered":"<p>B\u1ed9 b\u00e0n \u0103n gia \u0111\u00ecnh l\u00e0m t\u1eeb khung s\u1eaft k\u1ef9 ngh\u1ec7 s\u01a1n t\u0129nh \u0111i\u1ec7n, m\u1eb7t b\u00e0n \u0111\u01b0\u1ee3c l\u00e1t gh\u00e9p c\u00e1c<\/p>","protected":false},"featured_media":17115,"comment_status":"closed","ping_status":"closed","template":"","meta":{"_acf_changed":false},"product_cat":[520,400,366,447],"product_tag":[],"class_list":{"0":"post-17113","1":"product","2":"type-product","3":"status-publish","4":"has-post-thumbnail","6":"product_cat-nha-cua-doi-song","7":"product_cat-noi-that","8":"product_cat-hang-cnnt-cap-qg","9":"product_cat-san-pham-cnnt-tb-cap-qg-2017","11":"first","12":"instock","13":"shipping-taxable","14":"product-type-simple"},"acf":[],"_links":{"self":[{"href":"https:\/\/b2c.fairs.vn\/en\/wp-json\/wp\/v2\/product\/17113","targetHints":{"allow":["GET"]}}],"collection":[{"href":"https:\/\/b2c.fairs.vn\/en\/wp-json\/wp\/v2\/product"}],"about":[{"href":"https:\/\/b2c.fairs.vn\/en\/wp-json\/wp\/v2\/types\/product"}],"replies":[{"embeddable":true,"href":"https:\/\/b2c.fairs.vn\/en\/wp-json\/wp\/v2\/comments?post=17113"}],"version-history":[{"count":0,"href":"https:\/\/b2c.fairs.vn\/en\/wp-json\/wp\/v2\/product\/17113\/revisions"}],"wp:featuredmedia":[{"embeddable":true,"href":"https:\/\/b2c.fairs.vn\/en\/wp-json\/wp\/v2\/media\/17115"}],"wp:attachment":[{"href":"https:\/\/b2c.fairs.vn\/en\/wp-json\/wp\/v2\/media?parent=17113"}],"wp:term":[{"taxonomy":"product_cat","embeddable":true,"href":"https:\/\/b2c.fairs.vn\/en\/wp-json\/wp\/v2\/product_cat?post=17113"},{"taxonomy":"product_tag","embeddable":true,"href":"https:\/\/b2c.fairs.vn\/en\/wp-json\/wp\/v2\/product_tag?post=17113"}],"curies":[{"name":"wp","href":"https:\/\/api.w.org\/{rel}","templated":true}]}}