{"id":17107,"date":"2024-04-16T16:08:23","date_gmt":"2024-04-16T09:08:23","guid":{"rendered":"https:\/\/b2c.fairs.vn\/?post_type=product&#038;p=17107"},"modified":"2024-04-16T16:08:50","modified_gmt":"2024-04-16T09:08:50","slug":"tinh-dau-que-50ml","status":"publish","type":"product","link":"https:\/\/b2c.fairs.vn\/en\/product\/tinh-dau-que-50ml\/","title":{"rendered":"Tinh d\u1ea7u qu\u1ebf 50ml"},"content":{"rendered":"<div class=\"product-info-detailed\">\n<div class=\"tab-content\">\n<div id=\"description\" class=\"tab-pane active\" role=\"tabpanel\">\n<div class=\"block-content SummaryDetail\">\n<p><strong>Tinh d\u1ea7u Qu\u1ebf<\/strong>\u00a0\u0111\u01b0\u1ee3c chi\u1ebft xu\u1ea5t t\u1eeb v\u1ecf c\u1ee7a c\u00e2y qu\u1ebf. Ng\u01b0\u1eddi ta \u0111em v\u1ecf \u0111\u1eadp n\u00e1t r\u1ed3i ng\u00e2m trong n\u01b0\u1edbc bi\u1ec3n, sau \u0111\u00f3 ch\u01b0ng c\u1ea5t \u0111\u1ec3 thu \u0111\u01b0\u1ee3c lo\u1ea1i tinh d\u1ea7u th\u01a1m nguy\u00ean ch\u1ea5t.<br \/>\nTinh d\u1ea7u Qu\u1ebf c\u00f3 m\u00e0u v\u00e0ng v\u00e0 h\u01b0\u01a1ng th\u01a1m m\u1ea1nh \u0111\u1eb7c tr\u01b0ng. M\u00f9i th\u01a1m \u1ea5m n\u1ed3ng c\u1ee7a tinh d\u1ea7u n\u00e0y xua tan c\u1ea3m gi\u00e1c m\u1ec7t m\u1ecfi, gi\u00fap th\u01b0 gi\u00e3n nhanh, \u0111i\u1ec1u tr\u1ecb c\u1ea3m c\u00fam v\u00e0 kh\u1eed tr\u00f9ng kh\u00f4ng kh\u00ed hi\u1ec7u qu\u1ea3.<\/p>\n<p>\ud83d\udc4cQu\u1ebf V\u0103n Y\u00ean- Y\u00ean B\u00e1i<\/p>\n<p>\ud83d\udc49Tinh d\u1ea7u qu\u1ebf nguy\u00ean ch\u1ea5t c\u00f3 t\u00ednh n\u00f3ng, c\u00f3 kh\u1ea3 n\u0103ng kh\u1eed tr\u00f9ng v\u00e0 s\u00e1t khu\u1ea9n t\u1ed1t, tr\u1ecb ho, d\u1ec5 ti\u00eau h\u00f3a, long \u0111\u1eddm v\u00e0 d\u1ec5 th\u1edf, l\u00e0m c\u1eaft c\u00e1c c\u01a1n ho k\u00e9o d\u00e0i.<\/p>\n<p>\ud83d\udc49\u0110i\u1ec1u tr\u1ecb c\u00e1c ch\u1ee9ng b\u1ec7nh v\u1ec1 \u0111au \u0111\u1ea7u, \u0111\u00e1nh tan c\u00e1c v\u1ebft b\u1ea7m t\u00edm, gi\u00fap l\u01b0u th\u00f4ng m\u00e1u, gi\u00fap t\u00e1i t\u1ea1o da, ch\u1ed1ng l\u00e3o h\u00f3a.<\/p>\n<p>Tinh d\u1ea7u qu\u1ebf nguy\u00ean ch\u1ea5t c\u00f3 t\u00e1c d\u1ee5ng t<\/p>\n<p>h\u00f4ng kinh m\u1ea1ch, b\u1ed5 d\u01b0\u1ee1ng h\u1ed3i sinh, di\u1ec7t khu\u1ea9n, ch\u1ed1ng n\u00f4n v\u00e0 gi\u1ea3i \u0111\u1ed9c c\u01a1 th\u1ec3,t\u0103ng tu\u1ea7n ho\u00e0n m\u00e1u, tr\u1ecb c\u1ea3m l\u1ea1nh, t\u00ea bu\u1ed1t c\u01a1 x\u01b0\u01a1ng, \u0111au \u0111\u1ea7u.<br \/>\n\u2668\ufe0fX\u00f4ng v\u1edbi \u0111\u00e8n x\u00f4ng tinh d\u1ea7u:<br \/>\nCh\u01b0a bao gi\u1edd ng\u01b0\u1eddi ta l\u1ea1i \u01b0a chu\u1ed9ng \u0111\u00e8n x\u00f4ng tinh d\u1ea7u \u0111\u1ebfn v\u1eady, ch\u1ec9 c\u1ea7n nh\u1ecf v\u00e0o \u0111\u00e8n x\u00f4ng tinh d\u1ea7u v\u00e0i gi\u1ecdt d\u1ea7u qu\u1ebf nguy\u00ean ch\u1ea5t.<br \/>\nNh\u1edd nhi\u1ec7t \u0111\u1ed9 c\u1ee7a \u0111\u00e8n m\u00e0 tinh d\u1ea7u v\u00e0 n\u01b0\u1edbc s\u1ebd \u0111\u01b0\u1ee3c b\u1ed1c l\u00ean v\u00e0 nhanh ch\u00f3ng ph\u00e1t t\u00e1n kh\u1eafp ph\u00f2ng, tinh d\u1ea7u d\u1ec5 d\u00e0ng \u00e1t \u0111i t\u1ea5t c\u1ea3 nh\u1eefng m\u00f9i kh\u00f3 ch\u1ecbu kh\u00e1c, n\u00f3 c\u00f2n gi\u00fap s\u00e1t khu\u1ea9n kh\u00f4ng kh\u00ed, t\u0103ng c\u01b0\u1eddng h\u1ec7 h\u00f4 h\u1ea5p.<\/p>\n<p dir=\"ltr\">Quy c\u00e1ch \u0111\u00f3ng g\u00f3i: Chai 50ml<\/p>\n<p dir=\"ltr\">H\u1ea1n s\u1eed d\u1ee5ng ghi tr\u00ean v\u1ecf h\u1ed9p.<\/p>\n<\/div>\n<\/div>\n<\/div>\n<\/div>\n<div class=\"block-related\">\n<div class=\"block-title\"><\/div>\n<\/div>","protected":false},"excerpt":{"rendered":"<p>Tinh d\u1ea7u Qu\u1ebf\u00a0\u0111\u01b0\u1ee3c chi\u1ebft xu\u1ea5t t\u1eeb v\u1ecf c\u1ee7a c\u00e2y qu\u1ebf. Ng\u01b0\u1eddi ta \u0111em v\u1ecf \u0111\u1eadp n\u00e1t r\u1ed3i ng\u00e2m trong n\u01b0\u1edbc<\/p>","protected":false},"featured_media":17109,"comment_status":"closed","ping_status":"closed","template":"","meta":{"_acf_changed":false},"product_cat":[332,366,398,335],"product_tag":[],"class_list":{"0":"post-17107","1":"product","2":"type-product","3":"status-publish","4":"has-post-thumbnail","6":"product_cat-san-pham-duoc-lieu-va-san-pham-tu-duoc-lieu","7":"product_cat-hang-cnnt-cap-qg","8":"product_cat-san-pham-cnnt-tb-cap-qg-2021","9":"product_cat-tinh-dau-va-thao-duoc-khac","11":"first","12":"instock","13":"shipping-taxable","14":"product-type-simple"},"acf":[],"_links":{"self":[{"href":"https:\/\/b2c.fairs.vn\/en\/wp-json\/wp\/v2\/product\/17107","targetHints":{"allow":["GET"]}}],"collection":[{"href":"https:\/\/b2c.fairs.vn\/en\/wp-json\/wp\/v2\/product"}],"about":[{"href":"https:\/\/b2c.fairs.vn\/en\/wp-json\/wp\/v2\/types\/product"}],"replies":[{"embeddable":true,"href":"https:\/\/b2c.fairs.vn\/en\/wp-json\/wp\/v2\/comments?post=17107"}],"version-history":[{"count":0,"href":"https:\/\/b2c.fairs.vn\/en\/wp-json\/wp\/v2\/product\/17107\/revisions"}],"wp:featuredmedia":[{"embeddable":true,"href":"https:\/\/b2c.fairs.vn\/en\/wp-json\/wp\/v2\/media\/17109"}],"wp:attachment":[{"href":"https:\/\/b2c.fairs.vn\/en\/wp-json\/wp\/v2\/media?parent=17107"}],"wp:term":[{"taxonomy":"product_cat","embeddable":true,"href":"https:\/\/b2c.fairs.vn\/en\/wp-json\/wp\/v2\/product_cat?post=17107"},{"taxonomy":"product_tag","embeddable":true,"href":"https:\/\/b2c.fairs.vn\/en\/wp-json\/wp\/v2\/product_tag?post=17107"}],"curies":[{"name":"wp","href":"https:\/\/api.w.org\/{rel}","templated":true}]}}