{"id":17088,"date":"2024-04-16T14:38:24","date_gmt":"2024-04-16T07:38:24","guid":{"rendered":"https:\/\/b2c.fairs.vn\/?post_type=product&#038;p=17088"},"modified":"2024-04-16T14:38:25","modified_gmt":"2024-04-16T07:38:25","slug":"long-nhan-dat-thuy","status":"publish","type":"product","link":"https:\/\/b2c.fairs.vn\/en\/product\/long-nhan-dat-thuy\/","title":{"rendered":"Long nh\u00e3n \u0110\u1ea1t Th\u1ee7y"},"content":{"rendered":"<div id=\"cong-dung\">\n<p>\u00a0 L\u00e0 m\u00f3n \u0103n v\u1eb7t, th\u01a1m ngon, d\u1ebbo ng\u1ecdt ch\u1eafc ch\u1eafn khi\u1ebfn b\u1ea1n kh\u00f4ng th\u1ec3 qu\u00ean.<\/p>\n<p>L\u00e0 m\u00f3n th\u1ef1c ph\u1ea9m kh\u00f4ng th\u1ec3 thi\u1ebfu cho nh\u1eefng ng\u01b0\u1eddi n\u1ed9i tr\u1ee3 ch\u1ebf bi\u1ebfn c\u00e1c m\u00f3n \u0103n b\u1ed5 d\u01b0\u1ee1ng cho gia \u0111\u00ecnh: n\u1ea5u ch\u00e8 long nh\u00e3n, canh g\u00e0 h\u1ea7m, l\u00e0m m\u1ee9t&#8230;<\/p>\n<p>D\u00f9ng \u0111\u1ec3 ng\u00e2m r\u01b0\u1ee3u: r\u01b0\u1ee3u long nh\u00e3n c\u00f3 v\u1ecb th\u01a1m ngon \u0111\u1eb7c bi\u1ec7t v\u00e0 r\u1ea5t t\u1ed1t cho s\u1ee9c kh\u1ecfe<\/p>\n<p>L\u00e0 v\u1ecb thu\u1ed1c qu\u00fd cho \u0111\u00f4ng y: ch\u1eefa gi\u1ea3m tr\u00ed nh\u1edb, lo\u1ea1n nh\u1ecbp tim, thi\u1ebfu m\u00e1u, m\u1ea5t ng\u1ee7&#8230;<\/p>\n<p>L\u00e0 m\u00f3n qu\u00e0 t\u1eb7ng qu\u00ea h\u01b0\u01a1ng \u00fd ngh\u0129a d\u00e0nh cho \u00f4ng b\u00e0, b\u1ed1 m\u1eb9, ng\u01b0\u1eddi th\u00e2n<\/p>\n<\/div>","protected":false},"excerpt":{"rendered":"<p>\u00a0 L\u00e0 m\u00f3n \u0103n v\u1eb7t, th\u01a1m ngon, d\u1ebbo ng\u1ecdt ch\u1eafc ch\u1eafn khi\u1ebfn b\u1ea1n kh\u00f4ng th\u1ec3 qu\u00ean. L\u00e0 m\u00f3n th\u1ef1c ph\u1ea9m<\/p>","protected":false},"featured_media":17089,"comment_status":"closed","ping_status":"closed","template":"","meta":{"_acf_changed":false},"product_cat":[316,366,367,22,313],"product_tag":[],"class_list":{"0":"post-17088","1":"product","2":"type-product","3":"status-publish","4":"has-post-thumbnail","6":"product_cat-che-bien-tu-rau-cu-qua-hat","7":"product_cat-hang-cnnt-cap-qg","8":"product_cat-hang-cnnt-cap-qg-2023","9":"product_cat-sanphamthucpham","10":"product_cat-thuc-pham-che-bien","12":"first","13":"instock","14":"shipping-taxable","15":"product-type-simple"},"acf":[],"_links":{"self":[{"href":"https:\/\/b2c.fairs.vn\/en\/wp-json\/wp\/v2\/product\/17088","targetHints":{"allow":["GET"]}}],"collection":[{"href":"https:\/\/b2c.fairs.vn\/en\/wp-json\/wp\/v2\/product"}],"about":[{"href":"https:\/\/b2c.fairs.vn\/en\/wp-json\/wp\/v2\/types\/product"}],"replies":[{"embeddable":true,"href":"https:\/\/b2c.fairs.vn\/en\/wp-json\/wp\/v2\/comments?post=17088"}],"version-history":[{"count":0,"href":"https:\/\/b2c.fairs.vn\/en\/wp-json\/wp\/v2\/product\/17088\/revisions"}],"wp:featuredmedia":[{"embeddable":true,"href":"https:\/\/b2c.fairs.vn\/en\/wp-json\/wp\/v2\/media\/17089"}],"wp:attachment":[{"href":"https:\/\/b2c.fairs.vn\/en\/wp-json\/wp\/v2\/media?parent=17088"}],"wp:term":[{"taxonomy":"product_cat","embeddable":true,"href":"https:\/\/b2c.fairs.vn\/en\/wp-json\/wp\/v2\/product_cat?post=17088"},{"taxonomy":"product_tag","embeddable":true,"href":"https:\/\/b2c.fairs.vn\/en\/wp-json\/wp\/v2\/product_tag?post=17088"}],"curies":[{"name":"wp","href":"https:\/\/api.w.org\/{rel}","templated":true}]}}