{"id":17057,"date":"2024-04-16T09:14:13","date_gmt":"2024-04-16T02:14:13","guid":{"rendered":"https:\/\/b2c.fairs.vn\/?post_type=product&#038;p=17057"},"modified":"2024-04-16T15:42:25","modified_gmt":"2024-04-16T08:42:25","slug":"vai-dui-100-to-tam-cao-cap","status":"publish","type":"product","link":"https:\/\/b2c.fairs.vn\/en\/product\/vai-dui-100-to-tam-cao-cap\/","title":{"rendered":"V\u1ea3i \u0111\u0169i 100% t\u01a1 t\u1eb1m cao c\u1ea5p"},"content":{"rendered":"<p><strong>V\u1ea3i \u0111\u0169i 100% t\u01a1 t\u1eb1m t\u1ef1 nhi\u00ean<\/strong><\/p>\n<div class=\"x11i5rnm xat24cr x1mh8g0r x1vvkbs xtlvy1s x126k92a\">\n<div dir=\"auto\">V\u1ea3i \u0110\u0169i nh\u00ecn th\u00f4, m\u1ed9c m\u1ea1c, x\u00f9 x\u00ec nh\u01b0ng kh\u00f4ng r\u00e1p \u0111\u00f3 l\u00e0 ch\u1ea5t li\u1ec7u m\u1edbi \u0111\u1ec3 c\u00e1c nh\u00e0 thi\u1ebft k\u1ebf tr\u00ean th\u1ebf gi\u1edbi ch\u1ecdn tho\u1ea3 s\u1ee9c s\u00e1ng t\u1ea1o ra thi\u1ebft k\u1ebf cao c\u1ea5p, ph\u00f3ng tho\u00e1ng v\u00e0 qu\u00fd gi\u00e1.<\/div>\n<div dir=\"auto\"><\/div>\n<\/div>\n<div class=\"x11i5rnm xat24cr x1mh8g0r x1vvkbs xtlvy1s x126k92a\">\n<div dir=\"auto\">\u0110\u0169i \u0111\u01b0\u1ee3c l\u00e0m t\u1eeb k\u00e9n t\u1eb1m v\u00f9ng tr\u1ed3ng d\u00e2u nu\u00f4i t\u1eb1m V\u0169 Th\u01b0 \u2013 Th\u00e1i B\u00ecnh. Sau \u0111\u00f3 \u0111\u01b0\u1ee3c n\u1ea5u s\u00f4i m\u1ec1m s\u1ee3i r\u1ed3i \u0111\u01b0\u1ee3c b\u00e0n tay ngh\u1ec7 nh\u00e2n HTX L\u1ee5a \u0110\u0169i Nam Cao k\u00e9o s\u1ee3i trong n\u01b0\u1edbc l\u1ea1nh, m\u1ed7i ng\u00e0y k\u00e9o ch\u1ec9 \u0111\u01b0\u1ee3c 70g \u2013 100g. T\u1ea1o n\u00ean s\u1ee3i to nh\u1ecf \u0111\u1ec3 d\u1ec7t ra t\u1ea5m V\u1ea3i.<\/div>\n<div dir=\"auto\"><\/div>\n<div dir=\"auto\">V\u1ea3i \u0111\u0169i nhi\u1ec1u m\u00e0u cho kh\u00e1ch h\u00e0ng l\u1ef1a ch\u1ecdn. HTX c\u00f3 may \u0111o ph\u00f9 h\u1ee3p v\u1edbi y\u00eau c\u1ea7u c\u1ee7a kh\u00e1ch h\u00e0ng \u0111\u1ec3 t\u1ea1o ra c\u00e1c s\u1ea3n ph\u1ea9m nh\u01b0 V\u00e1y, \u00c1o, Qu\u1ea7n, \u00c1o d\u00e0i,\u2026<\/div>\n<\/div>\n<div dir=\"auto\"><\/div>\n<div dir=\"auto\">Kh\u1ed5 80cm<\/div>\n<div dir=\"auto\">\n<p><strong>H\u01b0\u1edbng d\u1eabn\u00a0s\u1eed d\u1ee5ng v\u00e0 b\u1ea3o qu\u1ea3n s\u1ea3n ph\u1ea9m:<\/strong><\/p>\n<p>\u2013 N\u00ean gi\u1eb7t kh\u00f4, ho\u1eb7c gi\u1eb7t b\u1eb1ng tay v\u1edbi d\u1ea7u g\u1ed9i \u0111\u1ea7u (nh\u1ecf 1 \u00edt gi\u1ea5m v\u00e0o n\u01b0\u1edbc gi\u1eb7t cu\u1ed1i \u0111\u1ec3 gi\u1eef m\u00e0u s\u1ea3n ph\u1ea9m);<\/p>\n<p>\u2013 Kh\u00f4ng gi\u1eb7t chung v\u1edbi s\u1ea3n ph\u1ea9m kh\u00e1c;<\/p>\n<p>\u2013 Kh\u00f4ng ph\u01a1i tr\u1ef1c ti\u1ebfp d\u01b0\u1edbi \u00e1nh n\u1eafng m\u1eb7t tr\u1eddi;<\/p>\n<p>\u2013 N\u00ean d\u00f9ng b\u00e0n l\u00e0 h\u01a1i v\u00e0 l\u00e0 \u1ee7i khi c\u00f2n \u1ea9m.<\/p>\n<\/div>","protected":false},"excerpt":{"rendered":"<p>V\u1ea3i \u0111\u0169i 100% t\u01a1 t\u1eb1m t\u1ef1 nhi\u00ean V\u1ea3i \u0110\u0169i nh\u00ecn th\u00f4, m\u1ed9c m\u1ea1c, x\u00f9 x\u00ec nh\u01b0ng kh\u00f4ng r\u00e1p \u0111\u00f3 l\u00e0<\/p>","protected":false},"featured_media":17058,"comment_status":"closed","ping_status":"closed","template":"","meta":{"_acf_changed":false},"product_cat":[336,338],"product_tag":[],"class_list":{"0":"post-17057","1":"product","2":"type-product","3":"status-publish","4":"has-post-thumbnail","6":"product_cat-san-pham-thu-cong-my-nghe","7":"product_cat-vai-may-mac","9":"first","10":"instock","11":"shipping-taxable","12":"purchasable","13":"product-type-simple"},"acf":[],"_links":{"self":[{"href":"https:\/\/b2c.fairs.vn\/en\/wp-json\/wp\/v2\/product\/17057","targetHints":{"allow":["GET"]}}],"collection":[{"href":"https:\/\/b2c.fairs.vn\/en\/wp-json\/wp\/v2\/product"}],"about":[{"href":"https:\/\/b2c.fairs.vn\/en\/wp-json\/wp\/v2\/types\/product"}],"replies":[{"embeddable":true,"href":"https:\/\/b2c.fairs.vn\/en\/wp-json\/wp\/v2\/comments?post=17057"}],"version-history":[{"count":0,"href":"https:\/\/b2c.fairs.vn\/en\/wp-json\/wp\/v2\/product\/17057\/revisions"}],"wp:featuredmedia":[{"embeddable":true,"href":"https:\/\/b2c.fairs.vn\/en\/wp-json\/wp\/v2\/media\/17058"}],"wp:attachment":[{"href":"https:\/\/b2c.fairs.vn\/en\/wp-json\/wp\/v2\/media?parent=17057"}],"wp:term":[{"taxonomy":"product_cat","embeddable":true,"href":"https:\/\/b2c.fairs.vn\/en\/wp-json\/wp\/v2\/product_cat?post=17057"},{"taxonomy":"product_tag","embeddable":true,"href":"https:\/\/b2c.fairs.vn\/en\/wp-json\/wp\/v2\/product_tag?post=17057"}],"curies":[{"name":"wp","href":"https:\/\/api.w.org\/{rel}","templated":true}]}}