{"id":17054,"date":"2024-04-16T09:07:00","date_gmt":"2024-04-16T02:07:00","guid":{"rendered":"https:\/\/b2c.fairs.vn\/?post_type=product&#038;p=17054"},"modified":"2024-04-16T09:07:00","modified_gmt":"2024-04-16T02:07:00","slug":"khan-mat-to-tam","status":"publish","type":"product","link":"https:\/\/b2c.fairs.vn\/en\/product\/khan-mat-to-tam\/","title":{"rendered":"Kh\u0103n m\u1eb7t t\u01a1 t\u1eb1m"},"content":{"rendered":"<p>Kh\u0103n m\u1eb7t t\u01a1 t\u1eb1m \u0111\u01b0\u1ee3c l\u00e0m t\u1eeb 100% l\u1ee5a t\u1ef1 nhi\u00ean, nguy\u00ean b\u1ea3n t\u1eeb kh\u00e2u s\u1ea3n xu\u1ea5t n\u00ean qu\u00fd kh\u00e1ch ho\u00e0n to\u00e0n an t\u00e2m v\u1ec1 ch\u1ea5t l\u01b0\u1ee3ng c\u0169ng nh\u01b0 t\u00ednh an to\u00e0n cho l\u00e0n da.<\/p>\n<p>V\u1edbi h\u00e0m l\u01b0\u1ee3ng protein s\u1eb5n c\u00f3 trong l\u1ee5a c\u00f9ng nh\u1eefng axit amin \u0111\u01b0\u1ee3c t\u1ea1o th\u00e0nh gi\u00fap cho kh\u0103n m\u1eb7t lu\u00f4n gi\u1eef \u0111\u01b0\u1ee3c s\u1ef1 m\u1ec1m m\u1ea1i v\u1ed1n c\u00f3. \u0110\u1ed3ng th\u1eddi c\u00f3 t\u00e1c d\u1ee5ng c\u1ea3i thi\u1ec7n l\u00e0n da m\u1ed9t c\u00e1ch \u0111\u00e1ng k\u1ec3 ch\u1ec9 m\u1ed9t th\u1eddi gian ng\u1eafn sau khi s\u1eed d\u1ee5ng.<\/p>\n<p>Kh\u0103n \u0111\u01b0\u1ee3c l\u00e0m t\u1eeb l\u1ee5a t\u01a1 t\u1eb1m 100% c\u00f3 t\u00e1c d\u1ee5ng l\u00e0m s\u1ea1ch b\u1ee5i b\u1ea9n; b\u00e3 nh\u1eddn t\u00edch t\u1ee5 tr\u00ean da m\u1ed9t c\u00e1ch hi\u1ec7u qu\u1ea3. L\u1ea5y \u0111i c\u00e1c t\u1ebf b\u00e0o ch\u1ebft c\u00f2n s\u00f3t l\u1ea1i sau m\u1ed7i l\u1ea7n r\u1eeda m\u1eb7t t\u1ea9y trang.<\/p>","protected":false},"excerpt":{"rendered":"<p>Kh\u0103n m\u1eb7t t\u01a1 t\u1eb1m \u0111\u01b0\u1ee3c l\u00e0m t\u1eeb 100% l\u1ee5a t\u1ef1 nhi\u00ean, nguy\u00ean b\u1ea3n t\u1eeb kh\u00e2u s\u1ea3n xu\u1ea5t n\u00ean qu\u00fd kh\u00e1ch<\/p>","protected":false},"featured_media":17055,"comment_status":"closed","ping_status":"closed","template":"","meta":{"_acf_changed":false},"product_cat":[520,400],"product_tag":[],"class_list":{"0":"post-17054","1":"product","2":"type-product","3":"status-publish","4":"has-post-thumbnail","6":"product_cat-nha-cua-doi-song","7":"product_cat-noi-that","9":"first","10":"instock","11":"shipping-taxable","12":"purchasable","13":"product-type-simple"},"acf":[],"_links":{"self":[{"href":"https:\/\/b2c.fairs.vn\/en\/wp-json\/wp\/v2\/product\/17054","targetHints":{"allow":["GET"]}}],"collection":[{"href":"https:\/\/b2c.fairs.vn\/en\/wp-json\/wp\/v2\/product"}],"about":[{"href":"https:\/\/b2c.fairs.vn\/en\/wp-json\/wp\/v2\/types\/product"}],"replies":[{"embeddable":true,"href":"https:\/\/b2c.fairs.vn\/en\/wp-json\/wp\/v2\/comments?post=17054"}],"version-history":[{"count":0,"href":"https:\/\/b2c.fairs.vn\/en\/wp-json\/wp\/v2\/product\/17054\/revisions"}],"wp:featuredmedia":[{"embeddable":true,"href":"https:\/\/b2c.fairs.vn\/en\/wp-json\/wp\/v2\/media\/17055"}],"wp:attachment":[{"href":"https:\/\/b2c.fairs.vn\/en\/wp-json\/wp\/v2\/media?parent=17054"}],"wp:term":[{"taxonomy":"product_cat","embeddable":true,"href":"https:\/\/b2c.fairs.vn\/en\/wp-json\/wp\/v2\/product_cat?post=17054"},{"taxonomy":"product_tag","embeddable":true,"href":"https:\/\/b2c.fairs.vn\/en\/wp-json\/wp\/v2\/product_tag?post=17054"}],"curies":[{"name":"wp","href":"https:\/\/api.w.org\/{rel}","templated":true}]}}