{"id":17051,"date":"2024-04-16T09:05:45","date_gmt":"2024-04-16T02:05:45","guid":{"rendered":"https:\/\/b2c.fairs.vn\/?post_type=product&#038;p=17051"},"modified":"2024-04-16T09:05:45","modified_gmt":"2024-04-16T02:05:45","slug":"ken-massage-to-tam","status":"publish","type":"product","link":"https:\/\/b2c.fairs.vn\/en\/product\/ken-massage-to-tam\/","title":{"rendered":"K\u00c9N MASSAGE T\u01a0 T\u1eb0M"},"content":{"rendered":"<p>K\u00e9n t\u1eb1m \u0111\u1eb7c bi\u1ec7t c\u00f3 t\u00e1c d\u1ee5ng cho da m\u1eb7t trong vi\u1ec7c tr\u1ecb m\u1ee5n \u0111\u1ea7u \u0111en, l\u00e0m s\u1ea1ch da. Ngo\u00e0i ra, c\u00f2n gi\u00fap\u00a0 ch\u1ed1ng l\u00e3o h\u00f3a v\u00e0 h\u1ea1n ch\u1ebf nh\u1eefng n\u1ebfp nh\u0103n tr\u00ean m\u1eb7t. Theo nhi\u1ec1u nghi\u00ean c\u1ee9u, d\u00f9ng k\u00e9n t\u1eb1m \u0111\u1ec3 massage tr\u1ef1c ti\u1ebfp tr\u00ean da m\u1eb7t gi\u00fap cho vi\u1ec7c trao \u0111\u1ed5i ch\u1ea5t.\u00a0 Dinh d\u01b0\u1ee1ng t\u1eeb k\u00e9n t\u1eb1m th\u1ea9m th\u1ea5u v\u00e0o da t\u1ed1t h\u01a1n, l\u00e0m cho da b\u1ea1n tr\u1edf n\u00ean m\u1ec1m, b\u00f3ng v\u00e0 t\u0103ng \u0111\u1ed9 \u0111\u00e0n h\u1ed3i. K\u00e9n t\u1eb1m \u0111\u01b0\u1ee3c xem l\u00e0 1 c\u00e1ch l\u00e0m da m\u1eb7t tr\u1eafng m\u1ecbn.<\/p>\n<p><em><strong>B\u01b0\u1edbc 1<\/strong><\/em><\/p>\n<p>K\u00e9n th\u01b0\u1eddng \u1edf d\u1ea1ng kh\u00f4 n\u00ean tr\u01b0\u1edbc khi s\u1eed d\u1ee5ng ch\u00fang ta c\u1ea7n ng\u00e2m t\u1ea7m 2 vi\u00ean k\u00e9n v\u00e0o trong 1 b\u00e1t n\u01b0\u1edbc \u1ea5m (kho\u1ea3ng 70 \u0111\u1ed9). \u0110\u1ec3 t\u1eeb 2-3 ph\u00fat cho k\u00e9n m\u1ec1m ra.<\/p>\n<p><em><strong>B\u01b0\u1edbc 2<\/strong><\/em><\/p>\n<p>R\u1eeda m\u1eb7t th\u1eadt s\u1ea1ch.<\/p>\n<p><em><strong>B\u01b0\u1edbc 3<\/strong><\/em><\/p>\n<p>L\u1ea5y k\u00e9n khi \u0111\u00e3 m\u1ec1m ra kh\u1ecfi b\u00e1t n\u01b0\u1edbc \u1ea5m, v\u1ea9y cho r\u00e1o n\u01b0\u1edbc. \u0110\u1ec3 ng\u00f3n tay v\u00e0o trong l\u1ed7 h\u1ed5ng c\u1ee7a k\u00e9n. Sau \u0111\u00f3 massage tr\u1ef1c ti\u1ebfp l\u00ean da m\u1eb7t b\u1ea1n. N\u00ean ch\u00fa \u00fd massage nhi\u1ec1u \u1edf nh\u1eefng n\u01a1i nh\u01b0: V\u00f9ng ch\u1eef T, tr\u00e1n, \u0111u\u00f4i m\u1eaft ho\u1eb7c \u1edf nh\u1eefng n\u01a1i c\u00f3 nhi\u1ec1u m\u1ee5n \u0111\u1ea7u \u0111en. Massage theo h\u00ecnh xo\u1eafn \u1ed1c, nh\u1eb9 nh\u00e0ng \u0111\u1ec3 k\u00e9n ti\u1ebft ra ch\u1ea5t Protein Sericin (nh\u01b0 \u0111\u00e3 \u0111\u1ec1 c\u1eadp \u1edf tr\u00ean).<\/p>\n<p><em><strong>B\u01b0\u1edbc 4<\/strong><\/em><\/p>\n<p>Sau khi massage \u0111\u01b0\u1ee3c 5 ph\u00fat th\u00ec b\u1ea1n \u0111\u1ec3 cho da m\u1eb7t m\u00ecnh kh\u00f4 t\u1ef1 nhi\u00ean, kh\u00f4ng c\u1ea7n r\u1eeda m\u1eb7t l\u1ea1i. N\u1ebfu b\u1ea1n c\u1ea3m th\u1ea5y k\u00e9n ch\u01b0a b\u1eadn qu\u00e1 th\u00ec c\u00f3 th\u1ec3 \u0111\u1ec3 n\u01a1i tho\u00e1ng cho k\u00e9n kh\u00f4 l\u1ea1i v\u00e0 c\u00f3 th\u1ec3 s\u1eed d\u1ee5ng ti\u1ebfp l\u1ea7n th\u1ee9 2. V\u00ec 1 k\u00e9n c\u00f3 th\u1ec3 s\u1eed d\u1ee5ng \u0111\u01b0\u1ee3c t\u1ed1i \u0111a 2 l\u1ea7n.<\/p>","protected":false},"excerpt":{"rendered":"<p>K\u00e9n t\u1eb1m \u0111\u1eb7c bi\u1ec7t c\u00f3 t\u00e1c d\u1ee5ng cho da m\u1eb7t trong vi\u1ec7c tr\u1ecb m\u1ee5n \u0111\u1ea7u \u0111en, l\u00e0m s\u1ea1ch da. Ngo\u00e0i<\/p>","protected":false},"featured_media":17052,"comment_status":"closed","ping_status":"closed","template":"","meta":{"_acf_changed":false},"product_cat":[519],"product_tag":[],"class_list":{"0":"post-17051","1":"product","2":"type-product","3":"status-publish","4":"has-post-thumbnail","6":"product_cat-suc-khoe-va-sac-dep","8":"first","9":"instock","10":"shipping-taxable","11":"purchasable","12":"product-type-simple"},"acf":[],"_links":{"self":[{"href":"https:\/\/b2c.fairs.vn\/en\/wp-json\/wp\/v2\/product\/17051","targetHints":{"allow":["GET"]}}],"collection":[{"href":"https:\/\/b2c.fairs.vn\/en\/wp-json\/wp\/v2\/product"}],"about":[{"href":"https:\/\/b2c.fairs.vn\/en\/wp-json\/wp\/v2\/types\/product"}],"replies":[{"embeddable":true,"href":"https:\/\/b2c.fairs.vn\/en\/wp-json\/wp\/v2\/comments?post=17051"}],"version-history":[{"count":0,"href":"https:\/\/b2c.fairs.vn\/en\/wp-json\/wp\/v2\/product\/17051\/revisions"}],"wp:featuredmedia":[{"embeddable":true,"href":"https:\/\/b2c.fairs.vn\/en\/wp-json\/wp\/v2\/media\/17052"}],"wp:attachment":[{"href":"https:\/\/b2c.fairs.vn\/en\/wp-json\/wp\/v2\/media?parent=17051"}],"wp:term":[{"taxonomy":"product_cat","embeddable":true,"href":"https:\/\/b2c.fairs.vn\/en\/wp-json\/wp\/v2\/product_cat?post=17051"},{"taxonomy":"product_tag","embeddable":true,"href":"https:\/\/b2c.fairs.vn\/en\/wp-json\/wp\/v2\/product_tag?post=17051"}],"curies":[{"name":"wp","href":"https:\/\/api.w.org\/{rel}","templated":true}]}}