{"id":17048,"date":"2024-04-16T09:04:10","date_gmt":"2024-04-16T02:04:10","guid":{"rendered":"https:\/\/b2c.fairs.vn\/?post_type=product&#038;p=17048"},"modified":"2024-04-16T15:42:34","modified_gmt":"2024-04-16T08:42:34","slug":"chan-lua-to-tam-hai-mat-lua","status":"publish","type":"product","link":"https:\/\/b2c.fairs.vn\/en\/product\/chan-lua-to-tam-hai-mat-lua\/","title":{"rendered":"CH\u0102N L\u1ee4A T\u01a0 T\u1eb0M (hai m\u1eb7t l\u1ee5a)"},"content":{"rendered":"<div class=\"x11i5rnm xat24cr x1mh8g0r x1vvkbs xtlvy1s x126k92a\">\n<div dir=\"auto\">Th\u1eddi ti\u1ebft thu se l\u1ea1nh c\u1ea7n chi\u1ebfc ch\u0103n m\u1ecfng nh\u1eb9 nh\u01b0ng \u0111\u1ee7 ti\u00eau ch\u00ed c\u00f4ng n\u0103ng: \u0110\u00f4ng \u1ea5m, h\u00e8 m\u00e1t, thu ph\u1ea3i nh\u1eb9 nh\u00e0ng. Ch\u1ec9 c\u00f3 ch\u0103n l\u1ee5a m\u1edbi \u0111\u1ee7 ti\u00eau ch\u00ed th\u1eddi ti\u1ebft 4 m\u00f9a nh\u01b0 v\u1eady.<\/div>\n<div dir=\"auto\"><\/div>\n<\/div>\n<div class=\"x11i5rnm xat24cr x1mh8g0r x1vvkbs xtlvy1s x126k92a\">\n<div dir=\"auto\">Ch\u0103n kh\u00e2u tay t\u1ec9 m\u1ec9 t\u1eebng \u0111\u01b0\u1eddng kim m\u0169i ch\u1ec9, th\u1eddi gian 10-15 ng\u00e0y ho\u00e0n th\u00e0nh 1c ch\u0103n, \u0111o Th\u01b0\u1edbc c\u1eaft v\u1ea3i h\u1ebft 17-18 m v\u1ea3i l\u1edbn h\u01a1n nhi\u1ec1u so v\u1edbi may b\u1ed9 \u0111\u1ed3 v\u1eady m\u00e0 gi\u00e1 b\u00e1n ch\u1ec9 b\u1eb1ng 1c v\u00e1y. Nh\u01b0ng kh\u00f4ng ph\u1ea3i v\u00ec v\u1eady m\u00e0 ngh\u0129 \u0111\u1eaft ngh\u0129 r\u1ebb Hanhsilk mong mu\u1ed1n ng\u01b0\u1eddi Vi\u1ec7t \u0111\u01b0\u1ee3c ch\u1ea1m l\u1ee5a Vi\u1ec7t Th\u1eadt v\u00e0 quan tr\u1ecdng h\u01a1n h\u1ebft th\u1eddi \u0111i\u1ec3m n\u00e0y gi\u00fap b\u00e0 con n\u00f4ng d\u00e2n, nh\u1eefng ng\u01b0\u1eddi l\u00e0m ngh\u1ec1 th\u1ee7 c\u00f4ng t\u01a1 l\u1ee5a c\u00f3 vi\u1ec7c l\u00e0m \u1ed5n \u0111\u1ecbnh.<\/div>\n<div dir=\"auto\"><\/div>\n<\/div>\n<div class=\"x11i5rnm xat24cr x1mh8g0r x1vvkbs xtlvy1s x126k92a\">\n<div dir=\"auto\">Ch\u1ea5t li\u1ec7u: v\u1ea3i 100% t\u01a1 t\u1eb1m Vi\u1ec7t Nam<\/div>\n<div dir=\"auto\"><\/div>\n<div dir=\"auto\">K\u00edch th\u01b0\u1edbc: 2m3 x 2m4<\/div>\n<\/div>","protected":false},"excerpt":{"rendered":"<p>Th\u1eddi ti\u1ebft thu se l\u1ea1nh c\u1ea7n chi\u1ebfc ch\u0103n m\u1ecfng nh\u1eb9 nh\u01b0ng \u0111\u1ee7 ti\u00eau ch\u00ed c\u00f4ng n\u0103ng: \u0110\u00f4ng \u1ea5m, h\u00e8 m\u00e1t,<\/p>","protected":false},"featured_media":17049,"comment_status":"closed","ping_status":"closed","template":"","meta":{"_acf_changed":false},"product_cat":[520,400],"product_tag":[],"class_list":{"0":"post-17048","1":"product","2":"type-product","3":"status-publish","4":"has-post-thumbnail","6":"product_cat-nha-cua-doi-song","7":"product_cat-noi-that","9":"first","10":"instock","11":"shipping-taxable","12":"purchasable","13":"product-type-simple"},"acf":[],"_links":{"self":[{"href":"https:\/\/b2c.fairs.vn\/en\/wp-json\/wp\/v2\/product\/17048","targetHints":{"allow":["GET"]}}],"collection":[{"href":"https:\/\/b2c.fairs.vn\/en\/wp-json\/wp\/v2\/product"}],"about":[{"href":"https:\/\/b2c.fairs.vn\/en\/wp-json\/wp\/v2\/types\/product"}],"replies":[{"embeddable":true,"href":"https:\/\/b2c.fairs.vn\/en\/wp-json\/wp\/v2\/comments?post=17048"}],"version-history":[{"count":0,"href":"https:\/\/b2c.fairs.vn\/en\/wp-json\/wp\/v2\/product\/17048\/revisions"}],"wp:featuredmedia":[{"embeddable":true,"href":"https:\/\/b2c.fairs.vn\/en\/wp-json\/wp\/v2\/media\/17049"}],"wp:attachment":[{"href":"https:\/\/b2c.fairs.vn\/en\/wp-json\/wp\/v2\/media?parent=17048"}],"wp:term":[{"taxonomy":"product_cat","embeddable":true,"href":"https:\/\/b2c.fairs.vn\/en\/wp-json\/wp\/v2\/product_cat?post=17048"},{"taxonomy":"product_tag","embeddable":true,"href":"https:\/\/b2c.fairs.vn\/en\/wp-json\/wp\/v2\/product_tag?post=17048"}],"curies":[{"name":"wp","href":"https:\/\/api.w.org\/{rel}","templated":true}]}}