{"id":17041,"date":"2024-04-16T08:59:24","date_gmt":"2024-04-16T01:59:24","guid":{"rendered":"https:\/\/b2c.fairs.vn\/?post_type=product&#038;p=17041"},"modified":"2024-04-16T09:16:10","modified_gmt":"2024-04-16T02:16:10","slug":"vai-lua-det-may","status":"publish","type":"product","link":"https:\/\/b2c.fairs.vn\/en\/product\/vai-lua-det-may\/","title":{"rendered":"V\u1ea2I L\u1ee4A D\u1ec6T M\u00c1Y"},"content":{"rendered":"<div class=\"x11i5rnm xat24cr x1mh8g0r x1vvkbs xtlvy1s x126k92a\">\n<div dir=\"auto\">S\u1ea3n ph\u1ea9m v\u1ea3i c\u1ee7a HTX L\u00e0ng ngh\u1ec1 L\u1ee5a \u0111\u0169i Nam Cao Th\u00e1i B\u00ecnh v\u1edbi 100% t\u1eeb t\u01a1 t\u1eb1m t\u1ef1 nhi\u00ean \u0111\u1ea1t nh\u1eefng ti\u00eau chu\u1ea9n cao m\u00e0 kh\u00f4ng ch\u1ea5t li\u1ec7u n\u00e0o kh\u00e1c c\u00f3 \u0111\u01b0\u1ee3c:<\/div>\n<div dir=\"auto\">\n<div dir=\"auto\"><span class=\"x3nfvp2 x1j61x8r x1fcty0u xdj266r xhhsvwb xat24cr xgzva0m xxymvpz xlup9mm x1kky2od\"><img decoding=\"async\" class=\"xz74otr\" src=\"https:\/\/static.xx.fbcdn.net\/images\/emoji.php\/v9\/t86\/1.5\/16\/1f4cd.png\" alt=\"\ud83d\udccd\" width=\"16\" height=\"16\" \/><\/span>\u00a0Th\u1ea5m h\u00fat m\u1ed3 h\u00f4i, nh\u01b0ng l\u1ea1i h\u1ea1n ch\u1ebf \u0111\u01b0\u1ee3c m\u00f9i c\u01a1 th\u1ec3.<\/div>\n<div dir=\"auto\"><span class=\"x3nfvp2 x1j61x8r x1fcty0u xdj266r xhhsvwb xat24cr xgzva0m xxymvpz xlup9mm x1kky2od\"><img decoding=\"async\" class=\"xz74otr\" src=\"https:\/\/static.xx.fbcdn.net\/images\/emoji.php\/v9\/t86\/1.5\/16\/1f4cd.png\" alt=\"\ud83d\udccd\" width=\"16\" height=\"16\" \/><\/span>\u00a0M\u00e1t m\u1ebb v\u00e0o m\u00f9a h\u00e8 v\u00e0 \u1ea4m \u00e1p v\u00e0o m\u00f9a \u0111\u00f4ng.<\/div>\n<div dir=\"auto\"><span class=\"x3nfvp2 x1j61x8r x1fcty0u xdj266r xhhsvwb xat24cr xgzva0m xxymvpz xlup9mm x1kky2od\"><img decoding=\"async\" class=\"xz74otr\" src=\"https:\/\/static.xx.fbcdn.net\/images\/emoji.php\/v9\/t86\/1.5\/16\/1f4cd.png\" alt=\"\ud83d\udccd\" width=\"16\" height=\"16\" \/>\u00a0Gi\u1eb7t d\u1ec5 d\u00e0ng, nhanh kh\u00f4 m\u1ecfng nh\u1eb9.<\/span><\/div>\n<div dir=\"auto\"><span class=\"x3nfvp2 x1j61x8r x1fcty0u xdj266r xhhsvwb xat24cr xgzva0m xxymvpz xlup9mm x1kky2od\"><img decoding=\"async\" class=\"xz74otr\" src=\"https:\/\/static.xx.fbcdn.net\/images\/emoji.php\/v9\/t86\/1.5\/16\/1f4cd.png\" alt=\"\ud83d\udccd\" width=\"16\" height=\"16\" \/><\/span>\u00a0Ch\u1ec9 c\u1ea7n b\u1ea3o qu\u1ea3n \u0111\u00fang, v\u1ea3i l\u1ee5a r\u1ea5t b\u1ec1n v\u1edbi th\u1eddi gian.<\/div>\n<div dir=\"auto\"><span class=\"x3nfvp2 x1j61x8r x1fcty0u xdj266r xhhsvwb xat24cr xgzva0m xxymvpz xlup9mm x1kky2od\"><img decoding=\"async\" class=\"xz74otr\" src=\"https:\/\/static.xx.fbcdn.net\/images\/emoji.php\/v9\/t86\/1.5\/16\/1f4cd.png\" alt=\"\ud83d\udccd\" width=\"16\" height=\"16\" \/><\/span>\u00a0V\u00ec 100% t\u1ef1 nhi\u00ean n\u00ean v\u00f4 c\u00f9ng s\u1ea1ch, c\u00f3 t\u00ednh kh\u00e1ng khu\u1ea9n, ng\u0103n ng\u1eeba k\u00edch \u1ee9ng da \u0111\u1eb7c bi\u1ec7t ph\u00f9 h\u1ee3p v\u1edbi l\u00e0n da nh\u1ea1y c\u1ea3m c\u1ee7a tr\u1ebb nh\u1ecf.<\/div>\n<div dir=\"auto\"><span class=\"x3nfvp2 x1j61x8r x1fcty0u xdj266r xhhsvwb xat24cr xgzva0m xxymvpz xlup9mm x1kky2od\"><img decoding=\"async\" class=\"xz74otr\" src=\"https:\/\/static.xx.fbcdn.net\/images\/emoji.php\/v9\/t86\/1.5\/16\/1f4cd.png\" alt=\"\ud83d\udccd\" width=\"16\" height=\"16\" \/><\/span>\u00a0Th\u00e2n thi\u1ec7n v\u1edbi m\u00f4i tr\u01b0\u1eddng.<\/div>\n<div dir=\"auto\"><span class=\"x3nfvp2 x1j61x8r x1fcty0u xdj266r xhhsvwb xat24cr xgzva0m xxymvpz xlup9mm x1kky2od\"><img decoding=\"async\" class=\"xz74otr\" src=\"https:\/\/static.xx.fbcdn.net\/images\/emoji.php\/v9\/t86\/1.5\/16\/1f4cd.png\" alt=\"\ud83d\udccd\" width=\"16\" height=\"16\" \/><\/span>\u00a0Mang t\u00ednh th\u1ea9m m\u1ef9 v\u00e0 \u0111\u1ed9c \u0111\u00e1o cao.<\/div>\n<div dir=\"auto\"><\/div>\n<\/div>\n<\/div>\n<div dir=\"auto\">\n<div class=\"x11i5rnm xat24cr x1mh8g0r x1vvkbs xtlvy1s x126k92a\">\n<div dir=\"auto\">V\u1ea3i L\u1ee5a d\u1ec7t m\u00e1y ch\u1ea5t li\u1ec7u 100% T\u01a1 T\u1eb1m t\u1ef1 nhi\u00ean Vi\u1ec7t Nam<\/div>\n<\/div>\n<div class=\"x11i5rnm xat24cr x1mh8g0r x1vvkbs xtlvy1s x126k92a\">\n<div dir=\"auto\">Kh\u1ed5 v\u1ea3i: 90cm<\/div>\n<\/div>\n<\/div>","protected":false},"excerpt":{"rendered":"<p>S\u1ea3n ph\u1ea9m v\u1ea3i c\u1ee7a HTX L\u00e0ng ngh\u1ec1 L\u1ee5a \u0111\u0169i Nam Cao Th\u00e1i B\u00ecnh v\u1edbi 100% t\u1eeb t\u01a1 t\u1eb1m t\u1ef1 nhi\u00ean<\/p>","protected":false},"featured_media":17043,"comment_status":"closed","ping_status":"closed","template":"","meta":{"_acf_changed":false},"product_cat":[336,338],"product_tag":[],"class_list":{"0":"post-17041","1":"product","2":"type-product","3":"status-publish","4":"has-post-thumbnail","6":"product_cat-san-pham-thu-cong-my-nghe","7":"product_cat-vai-may-mac","9":"first","10":"instock","11":"shipping-taxable","12":"purchasable","13":"product-type-simple"},"acf":[],"_links":{"self":[{"href":"https:\/\/b2c.fairs.vn\/en\/wp-json\/wp\/v2\/product\/17041","targetHints":{"allow":["GET"]}}],"collection":[{"href":"https:\/\/b2c.fairs.vn\/en\/wp-json\/wp\/v2\/product"}],"about":[{"href":"https:\/\/b2c.fairs.vn\/en\/wp-json\/wp\/v2\/types\/product"}],"replies":[{"embeddable":true,"href":"https:\/\/b2c.fairs.vn\/en\/wp-json\/wp\/v2\/comments?post=17041"}],"version-history":[{"count":0,"href":"https:\/\/b2c.fairs.vn\/en\/wp-json\/wp\/v2\/product\/17041\/revisions"}],"wp:featuredmedia":[{"embeddable":true,"href":"https:\/\/b2c.fairs.vn\/en\/wp-json\/wp\/v2\/media\/17043"}],"wp:attachment":[{"href":"https:\/\/b2c.fairs.vn\/en\/wp-json\/wp\/v2\/media?parent=17041"}],"wp:term":[{"taxonomy":"product_cat","embeddable":true,"href":"https:\/\/b2c.fairs.vn\/en\/wp-json\/wp\/v2\/product_cat?post=17041"},{"taxonomy":"product_tag","embeddable":true,"href":"https:\/\/b2c.fairs.vn\/en\/wp-json\/wp\/v2\/product_tag?post=17041"}],"curies":[{"name":"wp","href":"https:\/\/api.w.org\/{rel}","templated":true}]}}