{"id":17020,"date":"2024-04-15T17:34:58","date_gmt":"2024-04-15T10:34:58","guid":{"rendered":"https:\/\/b2c.fairs.vn\/?post_type=product&#038;p=17020"},"modified":"2024-04-15T17:34:58","modified_gmt":"2024-04-15T10:34:58","slug":"toi-den-huu-co","status":"publish","type":"product","link":"https:\/\/b2c.fairs.vn\/en\/product\/toi-den-huu-co\/","title":{"rendered":"T\u1ecfi \u0111en h\u1eefu c\u01a1"},"content":{"rendered":"<p>T\u1eceI \u0110EN H\u1eeeU C\u01a0 C\u00d3 T\u00c1C D\u1ee4NG:<\/p>\n<ul>\n<li>\u1ed4n \u0111\u1ecbnh huy\u1ebft \u00e1p<\/li>\n<li>Ki\u1ec3m so\u00e1t l\u01b0\u1ee3ng \u0111\u01b0\u1eddng<\/li>\n<li>B\u1ea3o v\u1ec7 gan<\/li>\n<li>Ch\u1ed1ng l\u00e3o h\u00f3a<\/li>\n<li>Ph\u00f2ng ch\u1ed1ng b\u1ec7nh tim m\u1ea1ch<\/li>\n<li>Gi\u1ea3m l\u01b0\u1ee3ng m\u1ee1 trong m\u00e1u<\/li>\n<li>Ph\u00f2ng ng\u1eeba ung thu<\/li>\n<li>T\u0103ng s\u1ee9c \u0111\u1ec1 kh\u00e1ng<\/li>\n<li>Ng\u0103n ng\u1eeba x\u01a1 c\u1ee9ng \u0111\u1ed9ng m\u1ea1ch<\/li>\n<li>T\u0103ng kh\u1ea3 n\u0103ng sinh l\u00fd<\/li>\n<\/ul>\n<p>H\u01af\u1edaNG D\u1eaaN B\u1ea2O QU\u1ea2N:<\/p>\n<ul>\n<li>B\u1ea3o qu\u1ea3n n\u01a1i kh\u00f4 r\u00e1o tho\u00e1ng m\u00e1t. Tr\u00e1nh \u00e1nh n\u1eafng tr\u1ef1c ti\u1ebfp<\/li>\n<\/ul>","protected":false},"excerpt":{"rendered":"<p>T\u1eceI \u0110EN H\u1eeeU C\u01a0 C\u00d3 T\u00c1C D\u1ee4NG: \u1ed4n \u0111\u1ecbnh huy\u1ebft \u00e1p Ki\u1ec3m so\u00e1t l\u01b0\u1ee3ng \u0111\u01b0\u1eddng B\u1ea3o v\u1ec7 gan Ch\u1ed1ng l\u00e3o<\/p>","protected":false},"featured_media":17021,"comment_status":"closed","ping_status":"closed","template":"","meta":{"_acf_changed":false},"product_cat":[316,332,22,313,333],"product_tag":[],"class_list":{"0":"post-17020","1":"product","2":"type-product","3":"status-publish","4":"has-post-thumbnail","6":"product_cat-che-bien-tu-rau-cu-qua-hat","7":"product_cat-san-pham-duoc-lieu-va-san-pham-tu-duoc-lieu","8":"product_cat-sanphamthucpham","9":"product_cat-thuc-pham-che-bien","10":"product_cat-thuc-pham-chuc-nang-thuoc-duoc-lieu-thuoc-y-hoc-co-truyen","12":"first","13":"instock","14":"shipping-taxable","15":"product-type-simple"},"acf":[],"_links":{"self":[{"href":"https:\/\/b2c.fairs.vn\/en\/wp-json\/wp\/v2\/product\/17020","targetHints":{"allow":["GET"]}}],"collection":[{"href":"https:\/\/b2c.fairs.vn\/en\/wp-json\/wp\/v2\/product"}],"about":[{"href":"https:\/\/b2c.fairs.vn\/en\/wp-json\/wp\/v2\/types\/product"}],"replies":[{"embeddable":true,"href":"https:\/\/b2c.fairs.vn\/en\/wp-json\/wp\/v2\/comments?post=17020"}],"version-history":[{"count":0,"href":"https:\/\/b2c.fairs.vn\/en\/wp-json\/wp\/v2\/product\/17020\/revisions"}],"wp:featuredmedia":[{"embeddable":true,"href":"https:\/\/b2c.fairs.vn\/en\/wp-json\/wp\/v2\/media\/17021"}],"wp:attachment":[{"href":"https:\/\/b2c.fairs.vn\/en\/wp-json\/wp\/v2\/media?parent=17020"}],"wp:term":[{"taxonomy":"product_cat","embeddable":true,"href":"https:\/\/b2c.fairs.vn\/en\/wp-json\/wp\/v2\/product_cat?post=17020"},{"taxonomy":"product_tag","embeddable":true,"href":"https:\/\/b2c.fairs.vn\/en\/wp-json\/wp\/v2\/product_tag?post=17020"}],"curies":[{"name":"wp","href":"https:\/\/api.w.org\/{rel}","templated":true}]}}