{"id":17017,"date":"2024-04-15T17:33:50","date_gmt":"2024-04-15T10:33:50","guid":{"rendered":"https:\/\/b2c.fairs.vn\/?post_type=product&#038;p=17017"},"modified":"2024-04-15T17:33:50","modified_gmt":"2024-04-15T10:33:50","slug":"tinh-tam-tra","status":"publish","type":"product","link":"https:\/\/b2c.fairs.vn\/en\/product\/tinh-tam-tra\/","title":{"rendered":"T\u0129nh T\u00e2m Tr\u00e0"},"content":{"rendered":"<p>TH\u00c0NH PH\u1ea6N \u0110\u01af\u1ee2C CHI\u1ebeT XU\u1ea4T T\u1eea:<\/p>\n<ul>\n<li>\u0110inh l\u0103ng: 5%<\/li>\n<li>Kim ti\u1ec1n th\u1ea3o: 5%<\/li>\n<li>Nh\u1ecd nh\u1ed3i: 5%<\/li>\n<li>Di\u1ebfp c\u00e1: 5%<\/li>\n<li>C\u1ecf x\u01b0\u1edbc: 10%<\/li>\n<li>An xoa: 5%<\/li>\n<li>X\u1ea1 \u0111en: 5%<\/li>\n<li>Phan t\u1ea3 di\u1ec7p: 5%<\/li>\n<li>C\u1ed1i xay: 10%<\/li>\n<li>C\u1ecf ng\u1ecdt: 5%<\/li>\n<li>X\u1ea5u h\u1ed5: 10%<\/li>\n<li>Ng\u1ea3i t\u01b0\u1ee3ng: 15%<\/li>\n<li>T\u00e2m sen: 5%<\/li>\n<li>L\u1ea1c ti\u00ean: 20%<\/li>\n<li>S\u00e2m \u0111\u1ea1i h\u00e0nh: 5%<\/li>\n<li>Kim ng\u00e2n: 10%<\/li>\n<li>S\u00e0i \u0111\u1ea5t: 10%<\/li>\n<li>B\u1ed3 c\u00f4ng anh: 5%<\/li>\n<li>V\u1ecdng c\u00e1ch: 5%<\/li>\n<li>Gi\u1ea3o c\u1ed5 lam: 10%<\/li>\n<\/ul>\n<p>H\u01af\u1edaNG D\u1eaaN S\u1eec D\u1ee4NG:<\/p>\n<ul>\n<li>Cho 1 g\u00f3i t\u00fai l\u1ecdc v\u00e0o 500-700ml n\u01b0\u1edbc s\u00f4i<\/li>\n<li>\u0110\u1ee3i 5-7p r\u1ed3i th\u01b0\u1edfng th\u1ee9c, c\u00f3 th\u1ec3 cho th\u00eam n\u01b0\u1edbc hai t\u00f9y th\u00edch.<\/li>\n<\/ul>\n<p>H\u01af\u1edaNG D\u1eaaN B\u1ea2O QU\u1ea2N:<\/p>\n<ul>\n<li>B\u1ea3o qu\u1ea3n n\u01a1i tho\u00e1ng m\u00e1t, tr\u00e1nh \u00e1nh n\u1eafng tr\u1ef1c ti\u1ebfp<\/li>\n<\/ul>","protected":false},"excerpt":{"rendered":"<p>TH\u00c0NH PH\u1ea6N \u0110\u01af\u1ee2C CHI\u1ebeT XU\u1ea4T T\u1eea: \u0110inh l\u0103ng: 5% Kim ti\u1ec1n th\u1ea3o: 5% Nh\u1ecd nh\u1ed3i: 5% Di\u1ebfp c\u00e1: 5% C\u1ecf<\/p>","protected":false},"featured_media":17018,"comment_status":"closed","ping_status":"closed","template":"","meta":{"_acf_changed":false},"product_cat":[332,333],"product_tag":[],"class_list":{"0":"post-17017","1":"product","2":"type-product","3":"status-publish","4":"has-post-thumbnail","6":"product_cat-san-pham-duoc-lieu-va-san-pham-tu-duoc-lieu","7":"product_cat-thuc-pham-chuc-nang-thuoc-duoc-lieu-thuoc-y-hoc-co-truyen","9":"first","10":"instock","11":"shipping-taxable","12":"product-type-simple"},"acf":[],"_links":{"self":[{"href":"https:\/\/b2c.fairs.vn\/en\/wp-json\/wp\/v2\/product\/17017","targetHints":{"allow":["GET"]}}],"collection":[{"href":"https:\/\/b2c.fairs.vn\/en\/wp-json\/wp\/v2\/product"}],"about":[{"href":"https:\/\/b2c.fairs.vn\/en\/wp-json\/wp\/v2\/types\/product"}],"replies":[{"embeddable":true,"href":"https:\/\/b2c.fairs.vn\/en\/wp-json\/wp\/v2\/comments?post=17017"}],"version-history":[{"count":0,"href":"https:\/\/b2c.fairs.vn\/en\/wp-json\/wp\/v2\/product\/17017\/revisions"}],"wp:featuredmedia":[{"embeddable":true,"href":"https:\/\/b2c.fairs.vn\/en\/wp-json\/wp\/v2\/media\/17018"}],"wp:attachment":[{"href":"https:\/\/b2c.fairs.vn\/en\/wp-json\/wp\/v2\/media?parent=17017"}],"wp:term":[{"taxonomy":"product_cat","embeddable":true,"href":"https:\/\/b2c.fairs.vn\/en\/wp-json\/wp\/v2\/product_cat?post=17017"},{"taxonomy":"product_tag","embeddable":true,"href":"https:\/\/b2c.fairs.vn\/en\/wp-json\/wp\/v2\/product_tag?post=17017"}],"curies":[{"name":"wp","href":"https:\/\/api.w.org\/{rel}","templated":true}]}}