{"id":17014,"date":"2024-04-15T17:32:47","date_gmt":"2024-04-15T10:32:47","guid":{"rendered":"https:\/\/b2c.fairs.vn\/?post_type=product&#038;p=17014"},"modified":"2024-04-15T17:32:47","modified_gmt":"2024-04-15T10:32:47","slug":"tra-thao-duoc-thanh-tam-uyen","status":"publish","type":"product","link":"https:\/\/b2c.fairs.vn\/en\/product\/tra-thao-duoc-thanh-tam-uyen\/","title":{"rendered":"Tr\u00e0 th\u1ea3o d\u01b0\u1ee3c Thanh T\u00e2m Uy\u1ec3n"},"content":{"rendered":"<p>TH\u00c0NH PH\u1ea6N \u0110\u01af\u1ee2C CHI\u1ebeT XU\u1ea4T T\u1eea:<\/p>\n<ul>\n<li>R\u00e2u ng\u00f4: 5%<\/li>\n<li>M\u00eda b\u00e1ch gi\u1ea3i: 10%<\/li>\n<li>C\u00e0 gai leo: 10%<\/li>\n<li>Th\u00eca canh: 5%<\/li>\n<li>C\u1ed1i xay: 10%<\/li>\n<li>B\u00f4ng m\u00e3 \u0111\u1ec1: 10%<\/li>\n<li>Nh\u00e2n tr\u1ea7n: 5%<\/li>\n<li>C\u1ecf ng\u1ecdt: 5%<\/li>\n<li>Di\u1ec7p H\u1ea1 Ch\u00e2u: 10%<\/li>\n<li>Ch\u00e8 v\u1eb1ng: 20%<\/li>\n<li>Q\u1ee7a sung: 15%<\/li>\n<li>\u0110\u1ed7 \u0111en: 15%<\/li>\n<li>G\u1ea1o l\u1ee9t huy\u1ebft r\u1ed3ng: 15%<\/li>\n<li>S\u00e2m \u0111\u1ea1i h\u00e0nh: 5%<\/li>\n<\/ul>\n<p>H\u01af\u1edaNG D\u1eaaN S\u1eec D\u1ee4NG:<\/p>\n<ul>\n<li>Cho 1 g\u00f3i t\u00fai l\u1ecdc v\u00e0o 500-700ml n\u01b0\u1edbc s\u00f4i<\/li>\n<li>\u0110\u1ee3i 5-7p r\u1ed3i th\u01b0\u1edfng th\u1ee9c, c\u00f3 th\u1ec3 cho th\u00eam n\u01b0\u1edbc hai t\u00f9y th\u00edch.<\/li>\n<\/ul>\n<p>H\u01af\u1edaNG D\u1eaaN B\u1ea2O QU\u1ea2N:<\/p>\n<ul>\n<li>B\u1ea3o qu\u1ea3n n\u01a1i tho\u00e1ng m\u00e1t, tr\u00e1nh \u00e1nh n\u1eafng tr\u1ef1c ti\u1ebfp<\/li>\n<\/ul>","protected":false},"excerpt":{"rendered":"<p>TH\u00c0NH PH\u1ea6N \u0110\u01af\u1ee2C CHI\u1ebeT XU\u1ea4T T\u1eea: R\u00e2u ng\u00f4: 5% M\u00eda b\u00e1ch gi\u1ea3i: 10% C\u00e0 gai leo: 10% Th\u00eca canh: 5%<\/p>","protected":false},"featured_media":17015,"comment_status":"closed","ping_status":"closed","template":"","meta":{"_acf_changed":false},"product_cat":[332,333],"product_tag":[],"class_list":{"0":"post-17014","1":"product","2":"type-product","3":"status-publish","4":"has-post-thumbnail","6":"product_cat-san-pham-duoc-lieu-va-san-pham-tu-duoc-lieu","7":"product_cat-thuc-pham-chuc-nang-thuoc-duoc-lieu-thuoc-y-hoc-co-truyen","9":"first","10":"instock","11":"shipping-taxable","12":"product-type-simple"},"acf":[],"_links":{"self":[{"href":"https:\/\/b2c.fairs.vn\/en\/wp-json\/wp\/v2\/product\/17014","targetHints":{"allow":["GET"]}}],"collection":[{"href":"https:\/\/b2c.fairs.vn\/en\/wp-json\/wp\/v2\/product"}],"about":[{"href":"https:\/\/b2c.fairs.vn\/en\/wp-json\/wp\/v2\/types\/product"}],"replies":[{"embeddable":true,"href":"https:\/\/b2c.fairs.vn\/en\/wp-json\/wp\/v2\/comments?post=17014"}],"version-history":[{"count":0,"href":"https:\/\/b2c.fairs.vn\/en\/wp-json\/wp\/v2\/product\/17014\/revisions"}],"wp:featuredmedia":[{"embeddable":true,"href":"https:\/\/b2c.fairs.vn\/en\/wp-json\/wp\/v2\/media\/17015"}],"wp:attachment":[{"href":"https:\/\/b2c.fairs.vn\/en\/wp-json\/wp\/v2\/media?parent=17014"}],"wp:term":[{"taxonomy":"product_cat","embeddable":true,"href":"https:\/\/b2c.fairs.vn\/en\/wp-json\/wp\/v2\/product_cat?post=17014"},{"taxonomy":"product_tag","embeddable":true,"href":"https:\/\/b2c.fairs.vn\/en\/wp-json\/wp\/v2\/product_tag?post=17014"}],"curies":[{"name":"wp","href":"https:\/\/api.w.org\/{rel}","templated":true}]}}