{"id":17011,"date":"2024-04-15T17:31:43","date_gmt":"2024-04-15T10:31:43","guid":{"rendered":"https:\/\/b2c.fairs.vn\/?post_type=product&#038;p=17011"},"modified":"2024-04-15T17:31:44","modified_gmt":"2024-04-15T10:31:44","slug":"dong-y-gia-truyen-vu-bich-ngoc","status":"publish","type":"product","link":"https:\/\/b2c.fairs.vn\/en\/product\/dong-y-gia-truyen-vu-bich-ngoc\/","title":{"rendered":"\u0110\u00f4ng y gia truy\u1ec1n V\u0169 B\u00edch Ng\u1ecdc"},"content":{"rendered":"<p>TH\u00c0NH PH\u1ea6N \u0110\u01af\u1ee2C CHI\u1ebeT XU\u1ea4T T\u1eea:<\/p>\n<ul>\n<li>C\u1ecf ng\u0169 s\u1eafc<\/li>\n<li>C\u00e0 d\u1ea1i<\/li>\n<li>C\u00e1c lo\u1ea1i th\u1ea3o d\u01b0\u1ee3c qu\u00fd kh\u00e1c<\/li>\n<\/ul>\n<p>\u0110\u00d4NG Y GIA TRUY\u1ec0N V\u0168 B\u00cdCH NG\u1eccC C\u00d3 T\u00c1C D\u1ee4NG:<\/p>\n<ul>\n<li>\u0110i\u1ec1u tr\u1ecb vi\u00eam xoang<\/li>\n<li>\u0110i\u1ec1u tr\u1ecb vi\u00eam m\u0169i d\u1ecb \u1ee9ng<\/li>\n<\/ul>\n<p>H\u01af\u1edaNG D\u1eaaN S\u1eec D\u1ee4NG:<\/p>\n<ul>\n<li>\u0110\u1ed1t \u0111i\u1ebfu, b\u1ecbt m\u1ed9t b\u00ean m\u0169i, b\u00ean c\u00f2n l\u1ea1i h\u00edt nh\u1eb9 \u0111i\u1ebfu thu\u1ed1c, sau \u0111\u00f3 cho sang m\u0169i b\u00ean kia v\u00e0 l\u1eb7p l\u1ea1i nh\u01b0 v\u1eady.<\/li>\n<li>Li\u1ec1u d\u00f9ng: 5 ng\u00e0y \u0111\u1ea7u m\u1ed7i ng\u00e0y n\u1eeda \u0111i\u1ebfu, 25 ng\u00e0y ti\u1ebfp theo m\u1ed7i ng\u00e0y 1 \u0111i\u1ebfu, li\u00ean t\u1ee5c trong 1 th\u00e1ng \u0111\u1ec3 \u0111\u1ea1t hi\u1ec7u qu\u1ea3 t\u1ed1t nh\u1ea5t.<\/li>\n<\/ul>\n<p>H\u01af\u1edaNG D\u1eaaN B\u1ea2O QU\u1ea2N:<\/p>\n<ul>\n<li>N\u01a1i tho\u00e1ng m\u00e1t<\/li>\n<li>\u0110i\u1ebfu \u1ea9m th\u00ec mang ra ph\u01a1i n\u1eafng l\u1ea1i \u0111\u1ec3 d\u1ec5 \u0111\u1ed1t<\/li>\n<\/ul>","protected":false},"excerpt":{"rendered":"<p>TH\u00c0NH PH\u1ea6N \u0110\u01af\u1ee2C CHI\u1ebeT XU\u1ea4T T\u1eea: C\u1ecf ng\u0169 s\u1eafc C\u00e0 d\u1ea1i C\u00e1c lo\u1ea1i th\u1ea3o d\u01b0\u1ee3c qu\u00fd kh\u00e1c \u0110\u00d4NG Y GIA<\/p>","protected":false},"featured_media":17012,"comment_status":"closed","ping_status":"closed","template":"","meta":{"_acf_changed":false},"product_cat":[332,333],"product_tag":[],"class_list":{"0":"post-17011","1":"product","2":"type-product","3":"status-publish","4":"has-post-thumbnail","6":"product_cat-san-pham-duoc-lieu-va-san-pham-tu-duoc-lieu","7":"product_cat-thuc-pham-chuc-nang-thuoc-duoc-lieu-thuoc-y-hoc-co-truyen","9":"first","10":"instock","11":"shipping-taxable","12":"product-type-simple"},"acf":[],"_links":{"self":[{"href":"https:\/\/b2c.fairs.vn\/en\/wp-json\/wp\/v2\/product\/17011","targetHints":{"allow":["GET"]}}],"collection":[{"href":"https:\/\/b2c.fairs.vn\/en\/wp-json\/wp\/v2\/product"}],"about":[{"href":"https:\/\/b2c.fairs.vn\/en\/wp-json\/wp\/v2\/types\/product"}],"replies":[{"embeddable":true,"href":"https:\/\/b2c.fairs.vn\/en\/wp-json\/wp\/v2\/comments?post=17011"}],"version-history":[{"count":0,"href":"https:\/\/b2c.fairs.vn\/en\/wp-json\/wp\/v2\/product\/17011\/revisions"}],"wp:featuredmedia":[{"embeddable":true,"href":"https:\/\/b2c.fairs.vn\/en\/wp-json\/wp\/v2\/media\/17012"}],"wp:attachment":[{"href":"https:\/\/b2c.fairs.vn\/en\/wp-json\/wp\/v2\/media?parent=17011"}],"wp:term":[{"taxonomy":"product_cat","embeddable":true,"href":"https:\/\/b2c.fairs.vn\/en\/wp-json\/wp\/v2\/product_cat?post=17011"},{"taxonomy":"product_tag","embeddable":true,"href":"https:\/\/b2c.fairs.vn\/en\/wp-json\/wp\/v2\/product_tag?post=17011"}],"curies":[{"name":"wp","href":"https:\/\/api.w.org\/{rel}","templated":true}]}}