{"id":1686,"date":"2024-03-18T13:41:51","date_gmt":"2024-03-18T06:41:51","guid":{"rendered":"https:\/\/b2c.fairs.vn\/?post_type=product&#038;p=1686"},"modified":"2024-04-23T10:06:36","modified_gmt":"2024-04-23T03:06:36","slug":"khau-trang-an95","status":"publish","type":"product","link":"https:\/\/b2c.fairs.vn\/en\/product\/khau-trang-an95\/","title":{"rendered":"Kh\u1ea9u trang AN95"},"content":{"rendered":"<div>\n<div>\n<p>Kh\u1ea9u trang c\u00f3 c\u00e1c n\u1ebfp g\u1ea5p h\u00ecnh ch\u1eef V c\u00f3 t\u00e1c d\u1ee5ng \u00f4m k\u00edn khu\u00f4n m\u1eb7t khi \u0111eo. Tr\u1edf l\u1ef1c h\u00f4 h\u1ea5p \u0111\u1ea1t theo ti\u00eau chu\u1ea9n NIOSH TEB-APR-STP-0059 Hoa K\u1ef3 ho\u1eb7c t\u01b0\u01a1ng \u0111\u01b0\u01a1ng<\/p>\n<p>C\u00f4ng d\u1ee5ng: che ph\u1ee7 m\u0169i mi\u1ec7ng v\u00e0 l\u1ecdc khu\u1ea9n, b\u1ee5i b\u1ea9n khi ti\u1ebfp x\u00fac v\u1edbi m\u00f4i tr\u01b0\u1eddng d\u1ecbch b\u1ec7nh, \u0111\u1ed9c h\u1ea1i nguy hi\u1ec3m.<\/p>\n<p>Ti\u00eau chu\u1ea9n: \u00a0ISO 9001: 2015; ISO 13485: 2016; GMP; CE ; FDA; CFS.<\/p>\n<\/div>\n<\/div>\n<div>\n<div>\n<h3 class=\"text-xl my-5 font-bold\">Th\u00f4ng s\u1ed1 k\u1ef9 thu\u1eadt<\/h3>\n<div>\n<div class=\"my-2 py-2\">Quy c\u00e1ch<span class=\"mlr-1\">:<\/span><span class=\"ml-1\">1 c\u00e1i\/ g\u00f3i<\/span><\/div>\n<div class=\"my-2 py-2\">S\u1ea3n ph\u1ea9m ch\u1ee9a\u00a0<span class=\"mlr-1\">:<\/span><span class=\"ml-1\">trong bao b\u00ec nilon<\/span><\/div>\n<div class=\"my-2 py-2\">Ti\u1ec7t tr\u00f9ng b\u1eb1ng\u00a0<span class=\"mlr-1\">:<\/span><span class=\"ml-1\">EO.Gas<\/span><\/div>\n<div class=\"my-2 py-2\">Tr\u1edf l\u1ef1c h\u00f4 h\u1ea5p<span class=\"mlr-1\">:<\/span><span class=\"ml-1\">\u2264 25 mmH2O<\/span><\/div>\n<div class=\"my-2 py-2\">C\u00f3 hi\u1ec7u l\u1ef1c l\u1ecdc\u00a0<span class=\"mlr-1\">:<\/span><span class=\"ml-1\">\u2265 96% \u0111\u1ed1i v\u1edbi NaCl<\/span><\/div>\n<div class=\"my-2 py-2\">trung b\u00ecnh k\u00edch th\u01b0\u1edbc\u00a0<span class=\"mlr-1\">:<\/span><span class=\"ml-1\">0,075 \u00b1 0,020\u00b5m<\/span><\/div>\n<\/div>\n<\/div>\n<\/div>","protected":false},"excerpt":{"rendered":"<div>\n<div>\n<p>Kh\u1ea9u trang c\u00f3 c\u00e1c n\u1ebfp g\u1ea5p h\u00ecnh ch\u1eef V c\u00f3 t\u00e1c d\u1ee5ng \u00f4m k\u00edn khu\u00f4n m\u1eb7t khi \u0111eo. Tr\u1edf l\u1ef1c h\u00f4 h\u1ea5p \u0111\u1ea1t theo ti\u00eau chu\u1ea9n NIOSH TEB-APR-STP-0059 Hoa K\u1ef3 ho\u1eb7c t\u01b0\u01a1ng \u0111\u01b0\u01a1ng<\/p>\n<p>C\u00f4ng d\u1ee5ng: che ph\u1ee7 m\u0169i mi\u1ec7ng v\u00e0 l\u1ecdc khu\u1ea9n, b\u1ee5i b\u1ea9n khi ti\u1ebfp x\u00fac v\u1edbi m\u00f4i tr\u01b0\u1eddng d\u1ecbch b\u1ec7nh, \u0111\u1ed9c h\u1ea1i nguy hi\u1ec3m.<\/p>\n<\/div>\n<\/div>","protected":false},"featured_media":1678,"comment_status":"open","ping_status":"closed","template":"","meta":{"_acf_changed":false},"product_cat":[519,346],"product_tag":[],"class_list":{"0":"post-1686","1":"product","2":"type-product","3":"status-publish","4":"has-post-thumbnail","6":"product_cat-suc-khoe-va-sac-dep","7":"product_cat-vat-tu-y-te","9":"first","10":"instock","11":"shipping-taxable","12":"product-type-simple"},"acf":[],"_links":{"self":[{"href":"https:\/\/b2c.fairs.vn\/en\/wp-json\/wp\/v2\/product\/1686","targetHints":{"allow":["GET"]}}],"collection":[{"href":"https:\/\/b2c.fairs.vn\/en\/wp-json\/wp\/v2\/product"}],"about":[{"href":"https:\/\/b2c.fairs.vn\/en\/wp-json\/wp\/v2\/types\/product"}],"replies":[{"embeddable":true,"href":"https:\/\/b2c.fairs.vn\/en\/wp-json\/wp\/v2\/comments?post=1686"}],"version-history":[{"count":0,"href":"https:\/\/b2c.fairs.vn\/en\/wp-json\/wp\/v2\/product\/1686\/revisions"}],"wp:featuredmedia":[{"embeddable":true,"href":"https:\/\/b2c.fairs.vn\/en\/wp-json\/wp\/v2\/media\/1678"}],"wp:attachment":[{"href":"https:\/\/b2c.fairs.vn\/en\/wp-json\/wp\/v2\/media?parent=1686"}],"wp:term":[{"taxonomy":"product_cat","embeddable":true,"href":"https:\/\/b2c.fairs.vn\/en\/wp-json\/wp\/v2\/product_cat?post=1686"},{"taxonomy":"product_tag","embeddable":true,"href":"https:\/\/b2c.fairs.vn\/en\/wp-json\/wp\/v2\/product_tag?post=1686"}],"curies":[{"name":"wp","href":"https:\/\/api.w.org\/{rel}","templated":true}]}}