{"id":16824,"date":"2024-04-12T10:55:03","date_gmt":"2024-04-12T03:55:03","guid":{"rendered":"https:\/\/b2c.fairs.vn\/?post_type=product&#038;p=16824"},"modified":"2024-04-12T10:55:06","modified_gmt":"2024-04-12T03:55:06","slug":"ca-phe-rang-xay-dehavi-pine-forest","status":"publish","type":"product","link":"https:\/\/b2c.fairs.vn\/en\/product\/ca-phe-rang-xay-dehavi-pine-forest\/","title":{"rendered":"C\u00c0 PH\u00ca RANG XAY DEHAVI PINE FOREST"},"content":{"rendered":"<div class=\"owl-carousel owl-carousel2 owl-theme owl-loaded\">C\u00e0 ph\u00ea pha phin PINE FOREST &#8211; 50% Robusta Nam Ban v\u00e0 50% Arabica C\u1ea7u \u0110\u1ea5t. Pine Forest l\u00e0 m\u1ed9t trong 3 s\u1ea3n ph\u1ea9m thu\u1ed9c d\u00f2ng pha phin c\u1ee7a Dehavi Coffee: \ud83d\udd38 V\u1edbi s\u1ef1 k\u1ebft h\u1ee3p gi\u1eefa 50% Robusta Nam Ban v\u00e0 50% Arabica C\u1ea7u \u0110\u1ea5t, Pine Forest mang trong m\u00ecnh h\u01b0\u01a1ng th\u01a1m nh\u1eb9 nh\u00e0ng, \u0111\u1ea7y quy\u1ebfn r\u0169 v\u1edbi ch\u00fat v\u1ecb chua thanh v\u00e0 h\u1eadu v\u1ecb ng\u1ecdt k\u00e9o d\u00e0i. \ud83d\udd38 Ph\u00f9 h\u1ee3p v\u1edbi nhi\u1ec1u c\u00e1ch th\u01b0\u1edfng th\u1ee9c kh\u00e1c nhau t\u1eeb c\u00e0 ph\u00ea \u0111en, c\u00e0 ph\u00ea s\u1eefa hay d\u00f9ng k\u00e8m v\u1edbi s\u1eefa t\u01b0\u01a1i\u2026 \u0110\u1eb7c bi\u1ec7t ph\u00f9 h\u1ee3p v\u1edbi kh\u00e1ch h\u00e0ng y\u00eau th\u00edch v\u1ecb chua thanh, nh\u1eb9 nh\u00e0ng c\u1ee7a Arabica. \ud83d\udd38 M\u00f9i h\u01b0\u01a1ng ph\u1ea3ng ph\u1ea5t khi pha c\u1ee7a Pine Forest ch\u1eafc h\u1eb3n s\u1ebd khi\u1ebfn b\u1ea1n c\u1ea3m th\u1ea5y th\u1ea3nh th\u01a1i nh\u01b0 khi \u0111\u01b0\u1ee3c \u0111i ngang m\u1ed9t r\u1eebng th\u00f4ng xanh.<\/p>\n<div class=\"owl-stage-outer\">\n<div class=\"owl-stage\"><\/div>\n<\/div>\n<\/div>","protected":false},"excerpt":{"rendered":"<p>C\u00e0 ph\u00ea pha phin PINE FOREST &#8211; 50% Robusta Nam Ban v\u00e0 50% Arabica C\u1ea7u \u0110\u1ea5t. Pine Forest l\u00e0 m\u1ed9t<\/p>","protected":false},"featured_media":16825,"comment_status":"closed","ping_status":"closed","template":"","meta":{"_acf_changed":false},"product_cat":[324,366,367,22],"product_tag":[],"class_list":{"0":"post-16824","1":"product","2":"type-product","3":"status-publish","4":"has-post-thumbnail","6":"product_cat-ca-phe-ca-cao","7":"product_cat-hang-cnnt-cap-qg","8":"product_cat-hang-cnnt-cap-qg-2023","9":"product_cat-sanphamthucpham","11":"first","12":"instock","13":"shipping-taxable","14":"purchasable","15":"product-type-simple"},"acf":[],"_links":{"self":[{"href":"https:\/\/b2c.fairs.vn\/en\/wp-json\/wp\/v2\/product\/16824","targetHints":{"allow":["GET"]}}],"collection":[{"href":"https:\/\/b2c.fairs.vn\/en\/wp-json\/wp\/v2\/product"}],"about":[{"href":"https:\/\/b2c.fairs.vn\/en\/wp-json\/wp\/v2\/types\/product"}],"replies":[{"embeddable":true,"href":"https:\/\/b2c.fairs.vn\/en\/wp-json\/wp\/v2\/comments?post=16824"}],"version-history":[{"count":0,"href":"https:\/\/b2c.fairs.vn\/en\/wp-json\/wp\/v2\/product\/16824\/revisions"}],"wp:featuredmedia":[{"embeddable":true,"href":"https:\/\/b2c.fairs.vn\/en\/wp-json\/wp\/v2\/media\/16825"}],"wp:attachment":[{"href":"https:\/\/b2c.fairs.vn\/en\/wp-json\/wp\/v2\/media?parent=16824"}],"wp:term":[{"taxonomy":"product_cat","embeddable":true,"href":"https:\/\/b2c.fairs.vn\/en\/wp-json\/wp\/v2\/product_cat?post=16824"},{"taxonomy":"product_tag","embeddable":true,"href":"https:\/\/b2c.fairs.vn\/en\/wp-json\/wp\/v2\/product_tag?post=16824"}],"curies":[{"name":"wp","href":"https:\/\/api.w.org\/{rel}","templated":true}]}}