{"id":16819,"date":"2024-04-12T10:47:33","date_gmt":"2024-04-12T03:47:33","guid":{"rendered":"https:\/\/b2c.fairs.vn\/?post_type=product&#038;p=16819"},"modified":"2024-04-12T10:47:35","modified_gmt":"2024-04-12T03:47:35","slug":"ca-phe-rang-xay-dehavi-rowoa","status":"publish","type":"product","link":"https:\/\/b2c.fairs.vn\/en\/product\/ca-phe-rang-xay-dehavi-rowoa\/","title":{"rendered":"C\u00c0 PH\u00ca RANG XAY DEHAVI ROWOA"},"content":{"rendered":"<div class=\"col-md-12 sale-product\">\n<div class=\"owl-carousel owl-carousel2 owl-theme owl-loaded\">C\u00e0 ph\u00ea pha phin ROWOA &#8211; 90% Robusta Nam Ban v\u00e0 10% Arabica C\u1ea7u \u0110\u1ea5t. Rowoa l\u00e0 m\u1ed9t trong 3 s\u1ea3n ph\u1ea9m thu\u1ed9c d\u00f2ng pha phin c\u1ee7a Dehavi Coffee: \ud83d\udd38 V\u1edbi s\u1ef1 k\u1ebft h\u1ee3p 90% Robusta Nam Ban v\u00e0 10% Arabica C\u1ea7u \u0110\u1ea5t, Rowoa nh\u1ea5n m\u1ea1nh v\u00e0o h\u01b0\u01a1ng v\u1ecb \u0111\u1eadm \u0111\u00e0, m\u1ea1nh m\u1ebd, \u0111\u1ea7m, \u0111\u1eb7c tr\u01b0ng c\u1ee7a Robusta h\u00f2a quy\u1ec7n c\u00f9ng m\u1ed9t ch\u00fat v\u1ecb nh\u1eb9 thanh c\u1ee7a Arabica. \ud83d\udd38 Ph\u00f9 h\u1ee3p v\u1edbi nh\u1eefng ng\u01b0\u1eddi \u01b0a th\u00edch s\u1eed d\u1ee5ng c\u00e0 ph\u00ea pha phin truy\u1ec1n th\u1ed1ng \u0111\u1eadm v\u1edbi h\u00e0m l\u01b0\u1ee3ng caffeine cao. L\u00e0m vi\u1ec7c v\u1edbi c\u01b0\u1eddng \u0111\u1ed9 cao v\u00e0 c\u00e1c c\u00f4ng vi\u1ec7c c\u1ea7n nhi\u1ec1u s\u1ef1 t\u1eadp trung.<\/p>\n<div class=\"owl-stage-outer\">\n<div class=\"owl-stage\"><\/div>\n<\/div>\n<\/div>\n<\/div>","protected":false},"excerpt":{"rendered":"<p>C\u00e0 ph\u00ea pha phin ROWOA &#8211; 90% Robusta Nam Ban v\u00e0 10% Arabica C\u1ea7u \u0110\u1ea5t. Rowoa l\u00e0 m\u1ed9t trong 3<\/p>","protected":false},"featured_media":16821,"comment_status":"closed","ping_status":"closed","template":"","meta":{"_acf_changed":false},"product_cat":[324,22],"product_tag":[],"class_list":{"0":"post-16819","1":"product","2":"type-product","3":"status-publish","4":"has-post-thumbnail","6":"product_cat-ca-phe-ca-cao","7":"product_cat-sanphamthucpham","9":"first","10":"instock","11":"shipping-taxable","12":"purchasable","13":"product-type-simple"},"acf":[],"_links":{"self":[{"href":"https:\/\/b2c.fairs.vn\/en\/wp-json\/wp\/v2\/product\/16819","targetHints":{"allow":["GET"]}}],"collection":[{"href":"https:\/\/b2c.fairs.vn\/en\/wp-json\/wp\/v2\/product"}],"about":[{"href":"https:\/\/b2c.fairs.vn\/en\/wp-json\/wp\/v2\/types\/product"}],"replies":[{"embeddable":true,"href":"https:\/\/b2c.fairs.vn\/en\/wp-json\/wp\/v2\/comments?post=16819"}],"version-history":[{"count":0,"href":"https:\/\/b2c.fairs.vn\/en\/wp-json\/wp\/v2\/product\/16819\/revisions"}],"wp:featuredmedia":[{"embeddable":true,"href":"https:\/\/b2c.fairs.vn\/en\/wp-json\/wp\/v2\/media\/16821"}],"wp:attachment":[{"href":"https:\/\/b2c.fairs.vn\/en\/wp-json\/wp\/v2\/media?parent=16819"}],"wp:term":[{"taxonomy":"product_cat","embeddable":true,"href":"https:\/\/b2c.fairs.vn\/en\/wp-json\/wp\/v2\/product_cat?post=16819"},{"taxonomy":"product_tag","embeddable":true,"href":"https:\/\/b2c.fairs.vn\/en\/wp-json\/wp\/v2\/product_tag?post=16819"}],"curies":[{"name":"wp","href":"https:\/\/api.w.org\/{rel}","templated":true}]}}