{"id":16814,"date":"2024-04-12T10:41:25","date_gmt":"2024-04-12T03:41:25","guid":{"rendered":"https:\/\/b2c.fairs.vn\/?post_type=product&#038;p=16814"},"modified":"2024-04-12T10:41:27","modified_gmt":"2024-04-12T03:41:27","slug":"ca-phe-rang-xay-dehavi-valley","status":"publish","type":"product","link":"https:\/\/b2c.fairs.vn\/en\/product\/ca-phe-rang-xay-dehavi-valley\/","title":{"rendered":"C\u00c0 PH\u00ca RANG XAY DEHAVI VALLEY"},"content":{"rendered":"<div class=\"owl-carousel owl-carousel2 owl-theme owl-loaded\">C\u00e0 ph\u00ea pha phin VALLEY &#8211; 70% Robusta Nam Ban v\u00e0 30% Arabica C\u1ea7u \u0110\u1ea5t. Valley l\u00e0 m\u1ed9t trong 3 s\u1ea3n ph\u1ea9m thu\u1ed9c d\u00f2ng pha phin c\u1ee7a Dehavi Coffee: \ud83d\udd38 V\u1edbi s\u1ef1 k\u1ebft h\u1ee3p gi\u1eefa 70% Robusta Nam Ban v\u00e0 30% Arabica C\u1ea7u \u0110\u1ea5t, Valley mang \u0111\u1ebfn h\u01b0\u01a1ng v\u1ecb c\u00e2n b\u1eb1ng, nh\u1eb9 nh\u00e0ng, \u0111\u1eadm h\u01b0\u01a1ng th\u01a1m v\u00e0 h\u1eadu v\u1ecb m\u01b0\u1ee3t m\u00e0. \ud83d\udd38 M\u1ed9t h\u01b0\u01a1ng v\u1ecb khi\u1ebfn ng\u01b0\u1eddi ta li\u00ean t\u01b0\u1edfng \u0111\u1ebfn s\u1ef1 l\u00e3ng m\u1ea1n v\u00e0 n\u1ed3ng n\u00e0n trong t\u00ecnh y\u00eau. B\u1edfi s\u1ef1 h\u00e0i h\u00f2a gi\u1eefa v\u1ecb \u0111\u1eadm \u0111\u00e0, m\u1ea1nh m\u1ebd c\u1ee7a Robusta v\u1edbi v\u1ecb nh\u1eb9 nh\u00e0ng, ng\u1ecdt ng\u00e0o c\u1ee7a Arabica. \ud83d\udd38 Valley r\u1ea5t th\u00edch h\u1ee3p cho c\u00e0 ph\u00ea s\u1eefa truy\u1ec1n th\u1ed1ng, \u0111\u1eb7c bi\u1ec7t l\u00e0 c\u00e0 ph\u00ea s\u1eefa \u0111\u00e1 Vi\u1ec7t Nam.<\/p>\n<div class=\"owl-stage-outer\">\n<div class=\"owl-stage\"><\/div>\n<\/div>\n<\/div>","protected":false},"excerpt":{"rendered":"<p>C\u00e0 ph\u00ea pha phin VALLEY &#8211; 70% Robusta Nam Ban v\u00e0 30% Arabica C\u1ea7u \u0110\u1ea5t. Valley l\u00e0 m\u1ed9t trong 3<\/p>","protected":false},"featured_media":16816,"comment_status":"closed","ping_status":"closed","template":"","meta":{"_acf_changed":false},"product_cat":[324,366,367,22],"product_tag":[],"class_list":{"0":"post-16814","1":"product","2":"type-product","3":"status-publish","4":"has-post-thumbnail","6":"product_cat-ca-phe-ca-cao","7":"product_cat-hang-cnnt-cap-qg","8":"product_cat-hang-cnnt-cap-qg-2023","9":"product_cat-sanphamthucpham","11":"first","12":"instock","13":"shipping-taxable","14":"purchasable","15":"product-type-simple"},"acf":[],"_links":{"self":[{"href":"https:\/\/b2c.fairs.vn\/en\/wp-json\/wp\/v2\/product\/16814","targetHints":{"allow":["GET"]}}],"collection":[{"href":"https:\/\/b2c.fairs.vn\/en\/wp-json\/wp\/v2\/product"}],"about":[{"href":"https:\/\/b2c.fairs.vn\/en\/wp-json\/wp\/v2\/types\/product"}],"replies":[{"embeddable":true,"href":"https:\/\/b2c.fairs.vn\/en\/wp-json\/wp\/v2\/comments?post=16814"}],"version-history":[{"count":0,"href":"https:\/\/b2c.fairs.vn\/en\/wp-json\/wp\/v2\/product\/16814\/revisions"}],"wp:featuredmedia":[{"embeddable":true,"href":"https:\/\/b2c.fairs.vn\/en\/wp-json\/wp\/v2\/media\/16816"}],"wp:attachment":[{"href":"https:\/\/b2c.fairs.vn\/en\/wp-json\/wp\/v2\/media?parent=16814"}],"wp:term":[{"taxonomy":"product_cat","embeddable":true,"href":"https:\/\/b2c.fairs.vn\/en\/wp-json\/wp\/v2\/product_cat?post=16814"},{"taxonomy":"product_tag","embeddable":true,"href":"https:\/\/b2c.fairs.vn\/en\/wp-json\/wp\/v2\/product_tag?post=16814"}],"curies":[{"name":"wp","href":"https:\/\/api.w.org\/{rel}","templated":true}]}}