{"id":16778,"date":"2024-04-11T17:27:47","date_gmt":"2024-04-11T10:27:47","guid":{"rendered":"https:\/\/b2c.fairs.vn\/?post_type=product&#038;p=16778"},"modified":"2024-04-11T17:27:48","modified_gmt":"2024-04-11T10:27:48","slug":"mang-truc-dam-ot-nguyen-cay-500g","status":"publish","type":"product","link":"https:\/\/b2c.fairs.vn\/en\/product\/mang-truc-dam-ot-nguyen-cay-500g\/","title":{"rendered":"M\u0103ng Tr\u00fac D\u1ea5m \u1edat Nguy\u00ean C\u00e2y 500g"},"content":{"rendered":"<p>M\u0103ng Tr\u00fac D\u1ea5m \u1edat Nguy\u00ean C\u00e2y \u0111\u01b0\u1ee3c s\u1ea3n xu\u1ea5t b\u1edfi C\u00f4ng ty CP N\u00f4ng s\u1ea3n Kim B\u00f4i theo c\u00f4ng ngh\u1ec7 hi\u1ec7n \u0111\u1ea1i. M\u1ecdi quy tr\u00ecnh t\u1eeb kh\u00e2u ch\u1ecdn nguy\u00ean li\u1ec7u t\u1edbi kh\u00e2u ch\u1ebf bi\u1ebfn v\u00e0 \u0111\u00f3ng g\u00f3i \u0111\u1ec1u tu\u00e2n th\u1ee7 nghi\u00eam ng\u1eb7t quy \u0111\u1ecbnh v\u1ec1 v\u1ec7 sinh an to\u00e0n th\u1ef1c ph\u1ea9m, \u0111\u1ea3m b\u1ea3o mang \u0111\u1ebfn tay ng\u01b0\u1eddi ti\u00eau d\u00f9ng s\u1ea3n ph\u1ea9m s\u1ea1ch, ch\u1ea5t l\u01b0\u1ee3ng cao. M\u0103ng tr\u00fac \u0111\u01b0\u1ee3c ch\u1ecdn l\u1ef1a k\u1ef9 l\u01b0\u1ee1ng tr\u01b0\u1edbc khi \u0111\u01b0a v\u00e0o s\u1ea3n xu\u1ea5t, v\u1ecb ng\u1ecdt thanh t\u1ef1 nhi\u00ean c\u1ee7a m\u0103ng tr\u00fac k\u1ebft h\u1ee3p v\u1edbi v\u1ecb cay c\u1ee7a \u1edbt, chua c\u1ee7a d\u1ea5m, ho\u00e0 quy\u1ec7n v\u1edbi nhau mang l\u1ea1i m\u1ed9t h\u01b0\u01a1ng v\u1ecb tinh t\u1ebf v\u00e0 \u0111\u1eadm ch\u1ea5t mi\u1ec1n n\u00fai T\u00e2y B\u1eafc Vi\u1ec7t Nam.<\/p>","protected":false},"excerpt":{"rendered":"<p>M\u0103ng Tr\u00fac D\u1ea5m \u1edat Nguy\u00ean C\u00e2y \u0111\u01b0\u1ee3c s\u1ea3n xu\u1ea5t b\u1edfi C\u00f4ng ty CP N\u00f4ng s\u1ea3n Kim B\u00f4i theo c\u00f4ng ngh\u1ec7<\/p>","protected":false},"featured_media":16779,"comment_status":"closed","ping_status":"closed","template":"","meta":{"_acf_changed":false},"product_cat":[316,366,367,22,313],"product_tag":[],"class_list":{"0":"post-16778","1":"product","2":"type-product","3":"status-publish","4":"has-post-thumbnail","6":"product_cat-che-bien-tu-rau-cu-qua-hat","7":"product_cat-hang-cnnt-cap-qg","8":"product_cat-hang-cnnt-cap-qg-2023","9":"product_cat-sanphamthucpham","10":"product_cat-thuc-pham-che-bien","12":"first","13":"instock","14":"shipping-taxable","15":"purchasable","16":"product-type-simple"},"acf":[],"_links":{"self":[{"href":"https:\/\/b2c.fairs.vn\/en\/wp-json\/wp\/v2\/product\/16778","targetHints":{"allow":["GET"]}}],"collection":[{"href":"https:\/\/b2c.fairs.vn\/en\/wp-json\/wp\/v2\/product"}],"about":[{"href":"https:\/\/b2c.fairs.vn\/en\/wp-json\/wp\/v2\/types\/product"}],"replies":[{"embeddable":true,"href":"https:\/\/b2c.fairs.vn\/en\/wp-json\/wp\/v2\/comments?post=16778"}],"version-history":[{"count":0,"href":"https:\/\/b2c.fairs.vn\/en\/wp-json\/wp\/v2\/product\/16778\/revisions"}],"wp:featuredmedia":[{"embeddable":true,"href":"https:\/\/b2c.fairs.vn\/en\/wp-json\/wp\/v2\/media\/16779"}],"wp:attachment":[{"href":"https:\/\/b2c.fairs.vn\/en\/wp-json\/wp\/v2\/media?parent=16778"}],"wp:term":[{"taxonomy":"product_cat","embeddable":true,"href":"https:\/\/b2c.fairs.vn\/en\/wp-json\/wp\/v2\/product_cat?post=16778"},{"taxonomy":"product_tag","embeddable":true,"href":"https:\/\/b2c.fairs.vn\/en\/wp-json\/wp\/v2\/product_tag?post=16778"}],"curies":[{"name":"wp","href":"https:\/\/api.w.org\/{rel}","templated":true}]}}