{"id":16773,"date":"2024-04-11T17:14:17","date_gmt":"2024-04-11T10:14:17","guid":{"rendered":"https:\/\/b2c.fairs.vn\/?post_type=product&#038;p=16773"},"modified":"2024-04-11T17:14:18","modified_gmt":"2024-04-11T10:14:18","slug":"mang-truc-quan-tu-300g","status":"publish","type":"product","link":"https:\/\/b2c.fairs.vn\/en\/product\/mang-truc-quan-tu-300g\/","title":{"rendered":"M\u0103ng tr\u00fac qu\u00e2n t\u1eed 300g"},"content":{"rendered":"<p>M\u0103ng tr\u00fac t\u01b0\u01a1i kh\u00f4ng ch\u1ec9 l\u00e0 m\u1ed9t th\u1ef1c ph\u1ea9m quen thu\u1ed9c, m\u00e0 c\u00f2n l\u00e0 m\u1ed9t kho b\u00e1u dinh d\u01b0\u1ee1ng m\u00e0 m\u1ed7i gia \u0111\u00ecnh \u0111\u1ec1u n\u00ean c\u00f3 trong b\u1ebfp. M\u0103ng Tr\u00fac Qu\u00e2n T\u1eed Kim B\u00f4i l\u00e0 s\u1ef1 l\u1ef1a ch\u1ecdn ho\u00e0n h\u1ea3o, \u0111\u01b0\u1ee3c ch\u1ecdn l\u1ecdc t\u1eeb lo\u1ea1i m\u0103ng tr\u00fac nh\u1ecf, c\u00f3 v\u1ecb gi\u00f2n v\u00e0 th\u01a1m, m\u1ed9t \u0111\u1eb7c s\u1ea3n hi\u1ebfm c\u00f3 \u1edf v\u00f9ng n\u00fai ph\u00eda B\u1eafc.<\/p>\n<p>Kh\u00f4ng ch\u1ec9 ngon mi\u1ec7ng, M\u0103ng Tr\u00fac Qu\u00e2n T\u1eed c\u00f2n l\u00e0 ngu\u1ed3n cung c\u1ea5p magi\u00ea v\u00e0 ch\u1ea5t x\u01a1 d\u1ed3i d\u00e0o. V\u1edbi h\u00e0m l\u01b0\u1ee3ng ch\u1ea5t b\u00e9o v\u00e0 ch\u1ea5t \u0111\u01b0\u1eddng th\u1ea5p, m\u0103ng gi\u00fap th\u00fac \u0111\u1ea9y nhu \u0111\u1ed9ng ru\u1ed9t, h\u1ed7 tr\u1ee3 ti\u00eau h\u00f3a hi\u1ec7u qu\u1ea3, gi\u00fap ph\u00f2ng ch\u1ed1ng b\u00e9o ph\u00ec, x\u01a1 v\u1eefa \u0111\u1ed9ng m\u1ea1ch v\u00e0 cao huy\u1ebft \u00e1p.<\/p>\n<p>M\u1ecdi quy tr\u00ecnh t\u1eeb kh\u00e2u ch\u1ecdn nguy\u00ean li\u1ec7u t\u1edbi kh\u00e2u ch\u1ebf bi\u1ebfn v\u00e0 \u0111\u00f3ng g\u00f3i \u0111\u1ec1u tu\u00e2n th\u1ee7 nghi\u00eam ng\u1eb7t quy \u0111\u1ecbnh v\u1ec1 v\u1ec7 sinh an to\u00e0n th\u1ef1c ph\u1ea9m, \u0111\u1ea3m b\u1ea3o mang \u0111\u1ebfn tay ng\u01b0\u1eddi ti\u00eau d\u00f9ng s\u1ea3n ph\u1ea9m s\u1ea1ch, ch\u1ea5t l\u01b0\u1ee3ng cao.<\/p>","protected":false},"excerpt":{"rendered":"<p>M\u0103ng tr\u00fac t\u01b0\u01a1i kh\u00f4ng ch\u1ec9 l\u00e0 m\u1ed9t th\u1ef1c ph\u1ea9m quen thu\u1ed9c, m\u00e0 c\u00f2n l\u00e0 m\u1ed9t kho b\u00e1u dinh d\u01b0\u1ee1ng m\u00e0<\/p>","protected":false},"featured_media":16775,"comment_status":"closed","ping_status":"closed","template":"","meta":{"_acf_changed":false},"product_cat":[316,366,367,22,313],"product_tag":[],"class_list":{"0":"post-16773","1":"product","2":"type-product","3":"status-publish","4":"has-post-thumbnail","6":"product_cat-che-bien-tu-rau-cu-qua-hat","7":"product_cat-hang-cnnt-cap-qg","8":"product_cat-hang-cnnt-cap-qg-2023","9":"product_cat-sanphamthucpham","10":"product_cat-thuc-pham-che-bien","12":"first","13":"instock","14":"shipping-taxable","15":"purchasable","16":"product-type-simple"},"acf":[],"_links":{"self":[{"href":"https:\/\/b2c.fairs.vn\/en\/wp-json\/wp\/v2\/product\/16773","targetHints":{"allow":["GET"]}}],"collection":[{"href":"https:\/\/b2c.fairs.vn\/en\/wp-json\/wp\/v2\/product"}],"about":[{"href":"https:\/\/b2c.fairs.vn\/en\/wp-json\/wp\/v2\/types\/product"}],"replies":[{"embeddable":true,"href":"https:\/\/b2c.fairs.vn\/en\/wp-json\/wp\/v2\/comments?post=16773"}],"version-history":[{"count":0,"href":"https:\/\/b2c.fairs.vn\/en\/wp-json\/wp\/v2\/product\/16773\/revisions"}],"wp:featuredmedia":[{"embeddable":true,"href":"https:\/\/b2c.fairs.vn\/en\/wp-json\/wp\/v2\/media\/16775"}],"wp:attachment":[{"href":"https:\/\/b2c.fairs.vn\/en\/wp-json\/wp\/v2\/media?parent=16773"}],"wp:term":[{"taxonomy":"product_cat","embeddable":true,"href":"https:\/\/b2c.fairs.vn\/en\/wp-json\/wp\/v2\/product_cat?post=16773"},{"taxonomy":"product_tag","embeddable":true,"href":"https:\/\/b2c.fairs.vn\/en\/wp-json\/wp\/v2\/product_tag?post=16773"}],"curies":[{"name":"wp","href":"https:\/\/api.w.org\/{rel}","templated":true}]}}