{"id":16769,"date":"2024-04-11T17:08:50","date_gmt":"2024-04-11T10:08:50","guid":{"rendered":"https:\/\/b2c.fairs.vn\/?post_type=product&#038;p=16769"},"modified":"2024-04-11T17:09:14","modified_gmt":"2024-04-11T10:09:14","slug":"mang-truc-quan-tu-200g","status":"publish","type":"product","link":"https:\/\/b2c.fairs.vn\/en\/product\/mang-truc-quan-tu-200g\/","title":{"rendered":"M\u0103ng tr\u00fac qu\u00e2n t\u1eed 200g"},"content":{"rendered":"<p>M\u0103ng tr\u00fac\u00a0t\u01b0\u01a1i l\u00e0 th\u1ef1c ph\u1ea9m quen thu\u1ed9c gi\u00e0u dinh d\u01b0\u1ee1ng, c\u00f3 th\u1ec3 ch\u1ebf bi\u1ebfn \u0111\u01b0\u1ee3c nhi\u1ec1u m\u00f3n trong b\u1eefa \u0103n h\u00e0ng ng\u00e0y. M\u0103ng tr\u00fac qu\u00e2n t\u1eed Kim B\u00f4i\u00a0\u0111\u01b0\u1ee3c ch\u1ecdn l\u1ecdc t\u1eeb\u00a0m\u0103ng c\u1ee7a gi\u1ed1ng tr\u00fac nh\u1ecf, c\u00f3 v\u1ecb gi\u00f2n v\u00e0 th\u01a1m, c\u00f3 r\u1ea5t \u00edt \u1edf v\u00f9ng n\u00fai ph\u00eda B\u1eafc.<\/p>\n<p>Trong m\u0103ng ch\u1ee9a kh\u00e1 nhi\u1ec1u magi\u00ea\u00a0v\u00e0 r\u1ea5t gi\u00e0u ch\u1ea5t x\u01a1. V\u1edbi h\u00e0m l\u01b0\u1ee3ng ch\u1ea5t b\u00e9o, ch\u1ea5t \u0111\u01b0\u1eddng r\u1ea5t th\u1ea5p v\u00e0 gi\u00e0u ch\u1ea5t x\u01a1, m\u0103ng l\u00e0 lo\u1ea1i th\u1ef1c ph\u1ea9m c\u00f3 t\u00e1c d\u1ee5ng th\u00fac \u0111\u1ea9y nhu \u0111\u1ed9ng ru\u1ed9t, tr\u1ee3 gi\u00fap ti\u00eau h\u00f3a, ph\u00f2ng ch\u1ed1ng c\u00f3 hi\u1ec7u qu\u1ea3 t\u00ecnh tr\u1ea1ng b\u00e9o ph\u00ec, x\u01a1 v\u1eefa \u0111\u1ed9ng m\u1ea1ch, cao huy\u1ebft \u00e1p<\/p>","protected":false},"excerpt":{"rendered":"<p>M\u0103ng tr\u00fac\u00a0t\u01b0\u01a1i l\u00e0 th\u1ef1c ph\u1ea9m quen thu\u1ed9c gi\u00e0u dinh d\u01b0\u1ee1ng, c\u00f3 th\u1ec3 ch\u1ebf bi\u1ebfn \u0111\u01b0\u1ee3c nhi\u1ec1u m\u00f3n trong b\u1eefa \u0103n<\/p>","protected":false},"featured_media":16770,"comment_status":"closed","ping_status":"closed","template":"","meta":{"_acf_changed":false},"product_cat":[316,366,367,22,313],"product_tag":[],"class_list":{"0":"post-16769","1":"product","2":"type-product","3":"status-publish","4":"has-post-thumbnail","6":"product_cat-che-bien-tu-rau-cu-qua-hat","7":"product_cat-hang-cnnt-cap-qg","8":"product_cat-hang-cnnt-cap-qg-2023","9":"product_cat-sanphamthucpham","10":"product_cat-thuc-pham-che-bien","12":"first","13":"instock","14":"shipping-taxable","15":"purchasable","16":"product-type-simple"},"acf":[],"_links":{"self":[{"href":"https:\/\/b2c.fairs.vn\/en\/wp-json\/wp\/v2\/product\/16769","targetHints":{"allow":["GET"]}}],"collection":[{"href":"https:\/\/b2c.fairs.vn\/en\/wp-json\/wp\/v2\/product"}],"about":[{"href":"https:\/\/b2c.fairs.vn\/en\/wp-json\/wp\/v2\/types\/product"}],"replies":[{"embeddable":true,"href":"https:\/\/b2c.fairs.vn\/en\/wp-json\/wp\/v2\/comments?post=16769"}],"version-history":[{"count":0,"href":"https:\/\/b2c.fairs.vn\/en\/wp-json\/wp\/v2\/product\/16769\/revisions"}],"wp:featuredmedia":[{"embeddable":true,"href":"https:\/\/b2c.fairs.vn\/en\/wp-json\/wp\/v2\/media\/16770"}],"wp:attachment":[{"href":"https:\/\/b2c.fairs.vn\/en\/wp-json\/wp\/v2\/media?parent=16769"}],"wp:term":[{"taxonomy":"product_cat","embeddable":true,"href":"https:\/\/b2c.fairs.vn\/en\/wp-json\/wp\/v2\/product_cat?post=16769"},{"taxonomy":"product_tag","embeddable":true,"href":"https:\/\/b2c.fairs.vn\/en\/wp-json\/wp\/v2\/product_tag?post=16769"}],"curies":[{"name":"wp","href":"https:\/\/api.w.org\/{rel}","templated":true}]}}