{"id":16765,"date":"2024-04-11T17:03:43","date_gmt":"2024-04-11T10:03:43","guid":{"rendered":"https:\/\/b2c.fairs.vn\/?post_type=product&#038;p=16765"},"modified":"2024-04-11T17:03:44","modified_gmt":"2024-04-11T10:03:44","slug":"mang-cu-tuoi-thai-san-500g","status":"publish","type":"product","link":"https:\/\/b2c.fairs.vn\/en\/product\/mang-cu-tuoi-thai-san-500g\/","title":{"rendered":"M\u0103ng c\u1ee7 t\u01b0\u01a1i th\u00e1i s\u1eb5n 500g"},"content":{"rendered":"<p><span>M\u0103ng l\u00e0m s\u1eb5n Kim B\u00f4i \u0111\u01b0\u1ee3c ch\u1ecdn l\u1ecdc t\u1eeb m\u0103ng r\u1eebng t\u1ef1 nhi\u00ean. M\u0103ng \u0111\u01b0\u1ee3c ng\u00e2m trong dung d\u1ecbch n\u01b0\u1edbc \u0111un s\u00f4i, mu\u1ed1i v\u00e0 axit citric tr\u01b0\u1edbc khi \u0111\u00f3ng g\u00f3i m\u00e0 kh\u00f4ng s\u1eed d\u1ee5ng ch\u1ea5t b\u1ea3o qu\u1ea3n \u0111\u1ed9c h\u1ea1i n\u00ean \u0111\u1ea3m b\u1ea3o an to\u00e0n cho ng\u01b0\u1eddi ti\u00eau d\u00f9ng.<\/span><\/p>\n<p><span>M\u0103ng Th\u00e1i \u0103n s\u1eb5n l\u00e0 nguy\u00ean li\u1ec7u tuy\u1ec7t v\u1eddi d\u00f9ng \u0111\u1ec3 ch\u1ebf bi\u1ebfn nhi\u1ec1u m\u00f3n \u0103n ngon nh\u01b0: m\u0103ng x\u00e0o g\u00e0\/b\u00f2, m\u0103ng x\u00e0o, s\u00fap,\u2026 T\u00f9y theo s\u1edf th\u00edch v\u00e0 kh\u1ea9u v\u1ecb c\u1ee7a t\u1eebng th\u00e0nh vi\u00ean trong gia \u0111\u00ecnh m\u00e0 b\u1ea1n n\u1ea5u c\u00e1c m\u00f3n \u0103n ch\u00e2u \u00c1 kh\u00e1c nhau.<\/span><\/p>","protected":false},"excerpt":{"rendered":"<p>M\u0103ng l\u00e0m s\u1eb5n Kim B\u00f4i \u0111\u01b0\u1ee3c ch\u1ecdn l\u1ecdc t\u1eeb m\u0103ng r\u1eebng t\u1ef1 nhi\u00ean. M\u0103ng \u0111\u01b0\u1ee3c ng\u00e2m trong dung d\u1ecbch n\u01b0\u1edbc<\/p>","protected":false},"featured_media":16766,"comment_status":"closed","ping_status":"closed","template":"","meta":{"_acf_changed":false},"product_cat":[316,366,367,22,313],"product_tag":[],"class_list":{"0":"post-16765","1":"product","2":"type-product","3":"status-publish","4":"has-post-thumbnail","6":"product_cat-che-bien-tu-rau-cu-qua-hat","7":"product_cat-hang-cnnt-cap-qg","8":"product_cat-hang-cnnt-cap-qg-2023","9":"product_cat-sanphamthucpham","10":"product_cat-thuc-pham-che-bien","12":"first","13":"instock","14":"shipping-taxable","15":"purchasable","16":"product-type-simple"},"acf":[],"_links":{"self":[{"href":"https:\/\/b2c.fairs.vn\/en\/wp-json\/wp\/v2\/product\/16765","targetHints":{"allow":["GET"]}}],"collection":[{"href":"https:\/\/b2c.fairs.vn\/en\/wp-json\/wp\/v2\/product"}],"about":[{"href":"https:\/\/b2c.fairs.vn\/en\/wp-json\/wp\/v2\/types\/product"}],"replies":[{"embeddable":true,"href":"https:\/\/b2c.fairs.vn\/en\/wp-json\/wp\/v2\/comments?post=16765"}],"version-history":[{"count":0,"href":"https:\/\/b2c.fairs.vn\/en\/wp-json\/wp\/v2\/product\/16765\/revisions"}],"wp:featuredmedia":[{"embeddable":true,"href":"https:\/\/b2c.fairs.vn\/en\/wp-json\/wp\/v2\/media\/16766"}],"wp:attachment":[{"href":"https:\/\/b2c.fairs.vn\/en\/wp-json\/wp\/v2\/media?parent=16765"}],"wp:term":[{"taxonomy":"product_cat","embeddable":true,"href":"https:\/\/b2c.fairs.vn\/en\/wp-json\/wp\/v2\/product_cat?post=16765"},{"taxonomy":"product_tag","embeddable":true,"href":"https:\/\/b2c.fairs.vn\/en\/wp-json\/wp\/v2\/product_tag?post=16765"}],"curies":[{"name":"wp","href":"https:\/\/api.w.org\/{rel}","templated":true}]}}