{"id":16760,"date":"2024-04-11T16:51:36","date_gmt":"2024-04-11T09:51:36","guid":{"rendered":"https:\/\/b2c.fairs.vn\/?post_type=product&#038;p=16760"},"modified":"2024-04-19T11:25:58","modified_gmt":"2024-04-19T04:25:58","slug":"mang-bup-tuoi","status":"publish","type":"product","link":"https:\/\/b2c.fairs.vn\/en\/product\/mang-bup-tuoi\/","title":{"rendered":"M\u0103ng b\u00fap t\u01b0\u01a1i"},"content":{"rendered":"<p>\u1ede nhi\u1ec1u n\u01b0\u1edbc \u0110\u00f4ng Nam B\u1ed9, m\u0103ng l\u00e0 m\u1ed9t trong nh\u1eefng lo\u1ea1i th\u1ef1c ph\u1ea9m ph\u1ed5 bi\u1ebfn trong b\u1eefa \u0103n h\u00e0ng ng\u00e0y. C\u00f9ng v\u1edbi \u0111\u1eb7c t\u00ednh ch\u1ed1ng vi\u00eam, m\u0103ng t\u01b0\u01a1i c\u00f2n gi\u00fap ng\u0103n ng\u1eeba ung th\u01b0 v\u00e0 t\u0103ng c\u01b0\u1eddng h\u1ec7 mi\u1ec5n d\u1ecbch c\u1ee7a c\u01a1 th\u1ec3. M\u0103ng t\u01b0\u01a1i l\u00e0 ph\u1ea7n ngon nh\u1ea5t c\u1ee7a m\u0103ng: ph\u1ea7n non, m\u1ec1m, th\u01a1m.<\/p>\n<p>M\u0103ng t\u01b0\u01a1i Kim B\u00f4i l\u00e0 m\u00f3n \u0103n \u0111\u01b0\u1ee3c nhi\u1ec1u ng\u01b0\u1eddi \u01b0a th\u00edch, d\u00f9ng \u0111\u1ec3 x\u00e0o, n\u1ea5u canh ho\u1eb7c l\u00e0m c\u00e1c m\u00f3n \u0103n \u0111\u1eb7c bi\u1ec7t kh\u00e1c. V\u1edbi m\u0103ng t\u01b0\u01a1i b\u1ea1n c\u00f3 th\u1ec3 ch\u1ebf bi\u1ebfn \u0111\u01b0\u1ee3c nhi\u1ec1u m\u00f3n \u0103n ph\u00f9 h\u1ee3p v\u1edbi kh\u1ea9u v\u1ecb c\u1ee7a gia \u0111\u00ecnh. H\u01a1n n\u1eefa, s\u1ea3n ph\u1ea9m \u0111\u01b0\u1ee3c \u0111\u00f3ng g\u00f3i k\u00edn \u0111\u00e1o, d\u1ec5 d\u00e0ng s\u1eed d\u1ee5ng &amp; b\u1ea3o qu\u1ea3n.<\/p>","protected":false},"excerpt":{"rendered":"<p>\u1ede nhi\u1ec1u n\u01b0\u1edbc \u0110\u00f4ng Nam B\u1ed9, m\u0103ng l\u00e0 m\u1ed9t trong nh\u1eefng lo\u1ea1i th\u1ef1c ph\u1ea9m ph\u1ed5 bi\u1ebfn trong b\u1eefa \u0103n h\u00e0ng<\/p>","protected":false},"featured_media":16761,"comment_status":"closed","ping_status":"closed","template":"","meta":{"_acf_changed":false},"product_cat":[316,366,367,22,313],"product_tag":[],"class_list":{"0":"post-16760","1":"product","2":"type-product","3":"status-publish","4":"has-post-thumbnail","6":"product_cat-che-bien-tu-rau-cu-qua-hat","7":"product_cat-hang-cnnt-cap-qg","8":"product_cat-hang-cnnt-cap-qg-2023","9":"product_cat-sanphamthucpham","10":"product_cat-thuc-pham-che-bien","12":"first","13":"instock","14":"shipping-taxable","15":"purchasable","16":"product-type-simple"},"acf":[],"_links":{"self":[{"href":"https:\/\/b2c.fairs.vn\/en\/wp-json\/wp\/v2\/product\/16760","targetHints":{"allow":["GET"]}}],"collection":[{"href":"https:\/\/b2c.fairs.vn\/en\/wp-json\/wp\/v2\/product"}],"about":[{"href":"https:\/\/b2c.fairs.vn\/en\/wp-json\/wp\/v2\/types\/product"}],"replies":[{"embeddable":true,"href":"https:\/\/b2c.fairs.vn\/en\/wp-json\/wp\/v2\/comments?post=16760"}],"version-history":[{"count":0,"href":"https:\/\/b2c.fairs.vn\/en\/wp-json\/wp\/v2\/product\/16760\/revisions"}],"wp:featuredmedia":[{"embeddable":true,"href":"https:\/\/b2c.fairs.vn\/en\/wp-json\/wp\/v2\/media\/16761"}],"wp:attachment":[{"href":"https:\/\/b2c.fairs.vn\/en\/wp-json\/wp\/v2\/media?parent=16760"}],"wp:term":[{"taxonomy":"product_cat","embeddable":true,"href":"https:\/\/b2c.fairs.vn\/en\/wp-json\/wp\/v2\/product_cat?post=16760"},{"taxonomy":"product_tag","embeddable":true,"href":"https:\/\/b2c.fairs.vn\/en\/wp-json\/wp\/v2\/product_tag?post=16760"}],"curies":[{"name":"wp","href":"https:\/\/api.w.org\/{rel}","templated":true}]}}