{"id":16751,"date":"2024-04-11T15:30:04","date_gmt":"2024-04-11T08:30:04","guid":{"rendered":"https:\/\/b2c.fairs.vn\/?post_type=product&#038;p=16751"},"modified":"2024-04-19T13:52:35","modified_gmt":"2024-04-19T06:52:35","slug":"hat-tieu-den","status":"publish","type":"product","link":"https:\/\/b2c.fairs.vn\/en\/product\/hat-tieu-den\/","title":{"rendered":"H\u1ea1t ti\u00eau \u0111en"},"content":{"rendered":"<p>Ng\u00e0y nay, Vi\u1ec7t Nam l\u00e0 nh\u00e0 s\u1ea3n xu\u1ea5t v\u00e0 xu\u1ea5t kh\u1ea9u ti\u00eau \u0111en l\u1edbn nh\u1ea5t, \u0111\u00f3ng g\u00f3p 1\/3 s\u1ea3n l\u01b0\u1ee3ng to\u00e0n c\u1ea7u v\u00e0 tr\u00ean 50% l\u01b0\u1ee3ng giao d\u1ecbch (kho\u1ea3ng 150,000 t\u1ea5n m\u1ed9t n\u0103m). V\u00e0\u00a0<strong>HAPROSIMEX JSC<\/strong>\u00a0l\u00e0 m\u1ed9t trong nh\u1eefng nh\u00e0 xu\u1ea5t kh\u1ea9u l\u1edbn nh\u1ea5t qu\u1ed1c gia.<\/p>\n<p><strong>HAPROSIMEX JSC<\/strong>\u00a0\u0111\u1ea3m b\u1ea3o ch\u1ea5t l\u01b0\u1ee3ng h\u1ea1t ti\u00eau \u0111en c\u1ee7a ch\u00fang t\u00f4i b\u1eb1ng vi\u1ec7c s\u1eed d\u1ee5ng c\u00f4ng ngh\u1ec7 hi\u1ec7n \u0111\u1ea1i nh\u1ea5t nh\u1eadp kh\u1ea9u t\u1eeb Ch\u00e2u \u00c2u bao g\u1ed3m hai d\u00e2y chuy\u1ec1n l\u00e0m s\u1ea1ch v\u00e0 m\u00e1y x\u1eed l\u00fd ti\u1ec7t tr\u00f9ng chuy\u00ean d\u1ee5ng \u0111\u01b0\u1ee3c ki\u1ec3m so\u00e1t b\u1eb1ng h\u1ec7 th\u1ed1ng BRC, HACCP v\u00e0 ISO 22000.<\/p>\n<p><strong>&#8211; C\u00e1c quy c\u00e1ch ph\u1ed5 bi\u1ebfn:<\/strong>\u00a0FAQ, Machine cleaned, ASTA, 5mm bold, Steam sterilized (HTST), R.A. pepper&#8230;<\/p>\n<div><strong>&#8211; C\u00f4ng su\u1ea5t :\u00a0<\/strong>20,000 MT \/ n\u0103m<\/div>","protected":false},"excerpt":{"rendered":"<p>Ng\u00e0y nay, Vi\u1ec7t Nam l\u00e0 nh\u00e0 s\u1ea3n xu\u1ea5t v\u00e0 xu\u1ea5t kh\u1ea9u ti\u00eau \u0111en l\u1edbn nh\u1ea5t, \u0111\u00f3ng g\u00f3p 1\/3 s\u1ea3n l\u01b0\u1ee3ng<\/p>","protected":false},"featured_media":16752,"comment_status":"closed","ping_status":"closed","template":"","meta":{"_acf_changed":false},"product_cat":[318,320,366,367,22],"product_tag":[],"class_list":{"0":"post-16751","1":"product","2":"type-product","3":"status-publish","4":"has-post-thumbnail","6":"product_cat-gia-vi","7":"product_cat-gia-vi-khac","8":"product_cat-hang-cnnt-cap-qg","9":"product_cat-hang-cnnt-cap-qg-2023","10":"product_cat-sanphamthucpham","12":"first","13":"instock","14":"shipping-taxable","15":"product-type-simple"},"acf":[],"_links":{"self":[{"href":"https:\/\/b2c.fairs.vn\/en\/wp-json\/wp\/v2\/product\/16751","targetHints":{"allow":["GET"]}}],"collection":[{"href":"https:\/\/b2c.fairs.vn\/en\/wp-json\/wp\/v2\/product"}],"about":[{"href":"https:\/\/b2c.fairs.vn\/en\/wp-json\/wp\/v2\/types\/product"}],"replies":[{"embeddable":true,"href":"https:\/\/b2c.fairs.vn\/en\/wp-json\/wp\/v2\/comments?post=16751"}],"version-history":[{"count":0,"href":"https:\/\/b2c.fairs.vn\/en\/wp-json\/wp\/v2\/product\/16751\/revisions"}],"wp:featuredmedia":[{"embeddable":true,"href":"https:\/\/b2c.fairs.vn\/en\/wp-json\/wp\/v2\/media\/16752"}],"wp:attachment":[{"href":"https:\/\/b2c.fairs.vn\/en\/wp-json\/wp\/v2\/media?parent=16751"}],"wp:term":[{"taxonomy":"product_cat","embeddable":true,"href":"https:\/\/b2c.fairs.vn\/en\/wp-json\/wp\/v2\/product_cat?post=16751"},{"taxonomy":"product_tag","embeddable":true,"href":"https:\/\/b2c.fairs.vn\/en\/wp-json\/wp\/v2\/product_tag?post=16751"}],"curies":[{"name":"wp","href":"https:\/\/api.w.org\/{rel}","templated":true}]}}