{"id":16480,"date":"2024-04-10T11:22:15","date_gmt":"2024-04-10T04:22:15","guid":{"rendered":"https:\/\/b2c.fairs.vn\/?post_type=product&#038;p=16480"},"modified":"2024-04-10T11:22:16","modified_gmt":"2024-04-10T04:22:16","slug":"tra-gao-lut-xa-den","status":"publish","type":"product","link":"https:\/\/b2c.fairs.vn\/en\/product\/tra-gao-lut-xa-den\/","title":{"rendered":"Tr\u00e0 g\u1ea1o l\u1ee9t &#8211; x\u1ea1 \u0111en"},"content":{"rendered":"<div class=\"l7ghb35v kjdc1dyq kmwttqpk gh25dzvf jikcssrz n3t5jt4f\">\n<div dir=\"auto\">Ph\u00f2ng ch\u1ed1ng ung th\u01b0, h\u1ed7 tr\u1ee3 \u0111i\u1ec1u tr\u1ecb men gan cao, vi\u00eam gan, x\u01a1 gan, thanh nhi\u1ec7t, m\u00e1t gan, t\u0103ng c\u01b0\u1eddng \u0111\u1ec1 kh\u00e1ng, tr\u1ecb m\u1ee5n nh\u1ecdt, ph\u00f2ng tr\u1ed1ng c\u00e1c b\u1ec7nh ung b\u01b0\u1edbu, ti\u1ec3u \u0111\u01b0\u1eddng, huy\u1ebft \u00e1p.<\/div>\n<div dir=\"auto\"><span class=\"fxk3tzhb b2rh1bv3 gh55jysx m8h3af8h ewco64xe kjdc1dyq ms56khn7 bq6c9xl4 eohcrkr5 akh3l2rg\"><img decoding=\"async\" src=\"https:\/\/static.xx.fbcdn.net\/images\/emoji.php\/v9\/td8\/1.5\/16\/2714.png\" alt=\"\u2714\" width=\"16\" height=\"16\" \/><\/span>Gi\u1ea3m Cholesterol trong m\u00e1u, h\u1ed7 tr\u1ee3 \u0111i\u1ec1u tr\u1ecb m\u1ee1 m\u00e1u, gan nhi\u1ec5m m\u1ee1, gi\u1ea3m h\u1ea5p th\u1ee5 ch\u1ea5t b\u00e9o, ph\u00f2ng tr\u00e1nh b\u1ec7nh b\u00e9o ph\u00ec.<\/div>\n<div dir=\"auto\"><span class=\"fxk3tzhb b2rh1bv3 gh55jysx m8h3af8h ewco64xe kjdc1dyq ms56khn7 bq6c9xl4 eohcrkr5 akh3l2rg\"><img decoding=\"async\" src=\"https:\/\/static.xx.fbcdn.net\/images\/emoji.php\/v9\/td8\/1.5\/16\/2714.png\" alt=\"\u2714\" width=\"16\" height=\"16\" \/><\/span>Ch\u1ed1ng \u0111au m\u1ecfi g\u1ed1i vi\u00eam kh\u1edbp, gi\u1ea3m c\u0103ng th\u1eb3ng, m\u1ec7t m\u1ecfi<\/div>\n<div dir=\"auto\"><span class=\"fxk3tzhb b2rh1bv3 gh55jysx m8h3af8h ewco64xe kjdc1dyq ms56khn7 bq6c9xl4 eohcrkr5 akh3l2rg\"><img decoding=\"async\" src=\"https:\/\/static.xx.fbcdn.net\/images\/emoji.php\/v9\/td8\/1.5\/16\/2714.png\" alt=\"\u2714\" width=\"16\" height=\"16\" \/><\/span>Gi\u00fap da \u0111\u1eb9p m\u1ecbn m\u00e0ng, ch\u1ed1ng l\u00e3o h\u00f3a.<\/div>\n<div dir=\"auto\"><span class=\"fxk3tzhb b2rh1bv3 gh55jysx m8h3af8h ewco64xe kjdc1dyq ms56khn7 bq6c9xl4 eohcrkr5 akh3l2rg\"><img decoding=\"async\" src=\"https:\/\/static.xx.fbcdn.net\/images\/emoji.php\/v9\/td8\/1.5\/16\/2714.png\" alt=\"\u2714\" width=\"16\" height=\"16\" \/><\/span>T\u1ed1t cho m\u1eb9 sau sinh, k\u00edch th\u00edch tuy\u1ebfn s\u1eefa, s\u1eefa nhi\u1ec1u v\u00e0 th\u01a1m.<\/div>\n<div dir=\"auto\"><span class=\"fxk3tzhb b2rh1bv3 gh55jysx m8h3af8h ewco64xe kjdc1dyq ms56khn7 bq6c9xl4 eohcrkr5 akh3l2rg\"><img decoding=\"async\" src=\"https:\/\/static.xx.fbcdn.net\/images\/emoji.php\/v9\/td8\/1.5\/16\/2714.png\" alt=\"\u2714\" width=\"16\" height=\"16\" \/><\/span>\u0110\u1eb7c bi\u1ec7t ti\u00eau m\u1ee1 b\u1ee5ng nhanh ch\u00f3ng gi\u00fap gi\u1ea3m c\u00e2n hi\u1ec7u qu\u1ea3.<\/div>\n<div dir=\"auto\"><\/div>\n<\/div>\n<div class=\"l7ghb35v kjdc1dyq kmwttqpk gh25dzvf jikcssrz n3t5jt4f\">\n<div dir=\"auto\">C\u00e1ch s\u1eed d\u1ee5ng:<\/div>\n<div dir=\"auto\">Cho 2 mu\u1ed7ng tr\u00e0 v\u00e0o b\u00ecnh pha v\u1edbi 2 l\u00edt n\u01b0\u1edbc s\u00f4i. H\u00e3m 20 ph\u00fat cho ra h\u1ebft tinh ch\u1ea5t, sau \u0111\u00f3 ch\u1eaft l\u1ea5y n\u01b0\u1edbc u\u1ed1ng c\u1ea3 ng\u00e0y. Ngon h\u01a1n khi u\u1ed1ng n\u00f3ng ho\u1eb7c b\u1ecf ng\u0103n m\u00e1t t\u1ee7 l\u1ea1nh. D\u00f9ng c\u1ea3 ng\u00e0y l\u00e0 th\u1ee9c u\u1ed1ng tuy\u1ec7t v\u1eddi cho s\u1ee9c kh\u1ecfe<\/div>\n<\/div>","protected":false},"excerpt":{"rendered":"<p>Ph\u00f2ng ch\u1ed1ng ung th\u01b0, h\u1ed7 tr\u1ee3 \u0111i\u1ec1u tr\u1ecb men gan cao, vi\u00eam gan, x\u01a1 gan, thanh nhi\u1ec7t, m\u00e1t gan, t\u0103ng<\/p>","protected":false},"featured_media":16481,"comment_status":"closed","ping_status":"closed","template":"","meta":{"_acf_changed":false},"product_cat":[321,22],"product_tag":[],"class_list":{"0":"post-16480","1":"product","2":"type-product","3":"status-publish","4":"has-post-thumbnail","6":"product_cat-che","7":"product_cat-sanphamthucpham","9":"first","10":"instock","11":"shipping-taxable","12":"purchasable","13":"product-type-simple"},"acf":[],"_links":{"self":[{"href":"https:\/\/b2c.fairs.vn\/en\/wp-json\/wp\/v2\/product\/16480","targetHints":{"allow":["GET"]}}],"collection":[{"href":"https:\/\/b2c.fairs.vn\/en\/wp-json\/wp\/v2\/product"}],"about":[{"href":"https:\/\/b2c.fairs.vn\/en\/wp-json\/wp\/v2\/types\/product"}],"replies":[{"embeddable":true,"href":"https:\/\/b2c.fairs.vn\/en\/wp-json\/wp\/v2\/comments?post=16480"}],"version-history":[{"count":0,"href":"https:\/\/b2c.fairs.vn\/en\/wp-json\/wp\/v2\/product\/16480\/revisions"}],"wp:featuredmedia":[{"embeddable":true,"href":"https:\/\/b2c.fairs.vn\/en\/wp-json\/wp\/v2\/media\/16481"}],"wp:attachment":[{"href":"https:\/\/b2c.fairs.vn\/en\/wp-json\/wp\/v2\/media?parent=16480"}],"wp:term":[{"taxonomy":"product_cat","embeddable":true,"href":"https:\/\/b2c.fairs.vn\/en\/wp-json\/wp\/v2\/product_cat?post=16480"},{"taxonomy":"product_tag","embeddable":true,"href":"https:\/\/b2c.fairs.vn\/en\/wp-json\/wp\/v2\/product_tag?post=16480"}],"curies":[{"name":"wp","href":"https:\/\/api.w.org\/{rel}","templated":true}]}}