{"id":16477,"date":"2024-04-10T11:20:03","date_gmt":"2024-04-10T04:20:03","guid":{"rendered":"https:\/\/b2c.fairs.vn\/?post_type=product&#038;p=16477"},"modified":"2024-04-10T11:20:03","modified_gmt":"2024-04-10T04:20:03","slug":"tra-bo-cong-anh-2","status":"publish","type":"product","link":"https:\/\/b2c.fairs.vn\/en\/product\/tra-bo-cong-anh-2\/","title":{"rendered":"Tr\u00e0 b\u1ed3 c\u00f4ng anh"},"content":{"rendered":"<div class=\"l7ghb35v kjdc1dyq kmwttqpk gh25dzvf jikcssrz n3t5jt4f\">\n<div dir=\"auto\"><strong><span class=\"fxk3tzhb b2rh1bv3 gh55jysx m8h3af8h ewco64xe kjdc1dyq ms56khn7 bq6c9xl4 eohcrkr5 akh3l2rg\"><img decoding=\"async\" src=\"https:\/\/static.xx.fbcdn.net\/images\/emoji.php\/v9\/t1a\/1.5\/16\/1f4a6.png\" alt=\"?\" width=\"16\" height=\"16\" \/><\/span><span class=\"fxk3tzhb b2rh1bv3 gh55jysx m8h3af8h ewco64xe kjdc1dyq ms56khn7 bq6c9xl4 eohcrkr5 akh3l2rg\"><img decoding=\"async\" src=\"https:\/\/static.xx.fbcdn.net\/images\/emoji.php\/v9\/t1a\/1.5\/16\/1f4a6.png\" alt=\"?\" width=\"16\" height=\"16\" \/><\/span>Th\u00e0nh ph\u1ea7n:<\/strong><\/div>\n<div dir=\"auto\">\u2013 100% B\u1ed3 C\u00f4ng Anh, B\u1ed3 C\u00f4ng Anh \u0111\u01b0\u1ee3c ch\u1ecdn l\u00e0 gi\u1ed1ng B\u1ed3 C\u00f4ng Anh ngo\u1ea1i nh\u1eadp, \u0111\u01b0\u1ee3c c\u00f4ng ty P&amp;K tr\u1ed3ng theo quy tr\u00ecnh ki\u1ec3m nghi\u00ea\u0323m cu\u0309a Vi\u00ea\u0323n nghi\u00ean c\u01b0\u0301u pha\u0301t tri\u00ea\u0309n c\u00e2y tr\u00f4\u0300ng ti\u0309nh \u0110\u00f4\u0300ng Tha\u0301p<\/div>\n<div dir=\"auto\">\u2013 sa\u0309n xu\u00e2\u0301t theo quy tri\u0300nh khe\u0301p ki\u0301n, \u0111a\u0309m ba\u0309o v\u00ea\u0323 sinh an toa\u0300n th\u01b0\u0323c ph\u00e2\u0309m.<\/div>\n<div dir=\"auto\"><\/div>\n<\/div>\n<div class=\"l7ghb35v kjdc1dyq kmwttqpk gh25dzvf jikcssrz n3t5jt4f\">\n<div dir=\"auto\"><strong><span class=\"fxk3tzhb b2rh1bv3 gh55jysx m8h3af8h ewco64xe kjdc1dyq ms56khn7 bq6c9xl4 eohcrkr5 akh3l2rg\"><img decoding=\"async\" src=\"https:\/\/static.xx.fbcdn.net\/images\/emoji.php\/v9\/t1a\/1.5\/16\/1f4a6.png\" alt=\"?\" width=\"16\" height=\"16\" \/><\/span><span class=\"fxk3tzhb b2rh1bv3 gh55jysx m8h3af8h ewco64xe kjdc1dyq ms56khn7 bq6c9xl4 eohcrkr5 akh3l2rg\"><img decoding=\"async\" src=\"https:\/\/static.xx.fbcdn.net\/images\/emoji.php\/v9\/t1a\/1.5\/16\/1f4a6.png\" alt=\"?\" width=\"16\" height=\"16\" \/><\/span>C\u00f4ng d\u1ee5ng:<\/strong><\/div>\n<div dir=\"auto\">\u2013 Gi\u00fap ng\u1ee7 ngon, \u0103n ngon, gi\u1ea3m \u0111au d\u1ea1 d\u00e0y<\/div>\n<div dir=\"auto\">\u2013 Ti\u00eau di\u1ec7t 98% c\u00e1c t\u1ebf b\u00e0o ung th\u01b0 kh\u00e1c nhau<\/div>\n<div dir=\"auto\">\u2013 Kh\u1eed m\u1ee5n tr\u1ee9ng c\u00e1, l\u00e0m \u0111\u1eb9p da, gi\u1ea3i r\u01b0\u1ee3u khi say.<\/div>\n<div dir=\"auto\">\u2013 Ch\u1eefa vi\u00ean gan, v\u00e0ng da, l\u1ecdc m\u00e1u, thanh nhi\u1ec7t, gi\u1ea3i \u0111\u1ed9c c\u01a1 th\u1ec3, gi\u00fap \u0111\u1ea1i ti\u1ec3u ti\u1ec7n d\u1ec5 d\u00e0ng v\u00e0 l\u00e0m tan s\u1ea1n th\u1eadn.<\/div>\n<div dir=\"auto\">\u2013 Ch\u1eefa vi\u00eam h\u1ecdng, vi\u00eam ph\u1ed5i, vi\u00eam tuy\u1ebfn v\u00fa, t\u1eaft tia s\u1eefa, vi\u00eam ph\u1ee5 khoa.<\/div>\n<div dir=\"auto\">\u2013 Thuy\u00ean gi\u1ea3m c\u1ea3 hai tr\u01b0\u1eddng h\u1ee3p t\u0103ng c\u00e2n ho\u1eb7c gi\u1ea3m c\u00e2n, t\u00e1o b\u00f3n ho\u1eb7c ti\u00eau ch\u1ea3y.<\/div>\n<div dir=\"auto\">\u2013 Ng\u1eeba cao huy\u1ebft \u00e1p, tim m\u1ea1ch, ti\u1ec3u \u0111\u01b0\u1eddng, thi\u1ebfu m\u00e1u, h\u1ea1 cholesterol.<\/div>\n<div dir=\"auto\">\u2013 Ch\u1eefa c\u00e1c ch\u1ee9ng \u0111au r\u0103ng, lo\u00e3ng x\u01b0\u01a1ng, l\u00e0m \u0111en m\u01b0\u1ee3t t\u00f3c.<\/div>\n<div dir=\"auto\">\u2013 Kh\u00f4ng g\u00e2y t\u00e1c d\u1ee5ng ph\u1ee5, d\u00f9ng h\u00e0ng ng\u00e0y thay n\u01b0\u1edbc.<\/div>\n<div dir=\"auto\"><\/div>\n<\/div>\n<div class=\"l7ghb35v kjdc1dyq kmwttqpk gh25dzvf jikcssrz n3t5jt4f\">\n<div dir=\"auto\"><strong><span class=\"fxk3tzhb b2rh1bv3 gh55jysx m8h3af8h ewco64xe kjdc1dyq ms56khn7 bq6c9xl4 eohcrkr5 akh3l2rg\"><img decoding=\"async\" src=\"https:\/\/static.xx.fbcdn.net\/images\/emoji.php\/v9\/t1a\/1.5\/16\/1f4a6.png\" alt=\"?\" width=\"16\" height=\"16\" \/><\/span><span class=\"fxk3tzhb b2rh1bv3 gh55jysx m8h3af8h ewco64xe kjdc1dyq ms56khn7 bq6c9xl4 eohcrkr5 akh3l2rg\"><img decoding=\"async\" src=\"https:\/\/static.xx.fbcdn.net\/images\/emoji.php\/v9\/t1a\/1.5\/16\/1f4a6.png\" alt=\"?\" width=\"16\" height=\"16\" \/><\/span>\u0110\u1ed1i t\u01b0\u1ee3ng s\u1eed d\u1ee5ng<\/strong>:<\/div>\n<div dir=\"auto\">Tr\u00e0 B\u1ed3 C\u00f4ng Anh t\u00fai l\u1ecdc th\u00edch h\u1ee3p cho m\u1ecdi l\u1ee9a tu\u1ed5i, k\u1ec3 c\u1ea3 tr\u1ebb em tr\u00ean 6 th\u00e1ng tu\u1ed5i.<\/div>\n<div dir=\"auto\"><\/div>\n<\/div>\n<div class=\"l7ghb35v kjdc1dyq kmwttqpk gh25dzvf jikcssrz n3t5jt4f\">\n<div dir=\"auto\"><strong><span class=\"fxk3tzhb b2rh1bv3 gh55jysx m8h3af8h ewco64xe kjdc1dyq ms56khn7 bq6c9xl4 eohcrkr5 akh3l2rg\"><img decoding=\"async\" src=\"https:\/\/static.xx.fbcdn.net\/images\/emoji.php\/v9\/t1a\/1.5\/16\/1f4a6.png\" alt=\"?\" width=\"16\" height=\"16\" \/><\/span><span class=\"fxk3tzhb b2rh1bv3 gh55jysx m8h3af8h ewco64xe kjdc1dyq ms56khn7 bq6c9xl4 eohcrkr5 akh3l2rg\"><img decoding=\"async\" src=\"https:\/\/static.xx.fbcdn.net\/images\/emoji.php\/v9\/t1a\/1.5\/16\/1f4a6.png\" alt=\"?\" width=\"16\" height=\"16\" \/><\/span>C\u00e1ch s\u1eed d\u1ee5ng:<\/strong><\/div>\n<div dir=\"auto\">\u2013 Cho 1- 2 t\u00fai tr\u00e0 v\u00e0o ly n\u01b0\u1edbc s\u00f4i 200ml, ng\u00e2m kho\u1ea3ng 3 \u2013 5 ph\u00fat.<\/div>\n<div dir=\"auto\">sau \u0111\u00f3 u\u1ed1ng n\u00f3ng ho\u1eb7c th\u00eam \u0111\u00e1 v\u00e0o ly t\u00f9y theo kh\u1ea9u v\u1ecb.<\/div>\n<div dir=\"auto\">( n\u1ebfu ai b\u1ecb huy\u1ebft \u00e1p th\u1ea5p th\u00ec th\u00eam v\u00e0o v\u00e0i l\u00e1t g\u1eebng )<\/div>\n<div dir=\"auto\">\u2013 V\u1edbi tr\u00e0 t\u00fai l\u1ecdc, b\u1ea1n c\u00f3 th\u1ec3 s\u1eed d\u1ee5ng 2 \u2013 3 l\u1ea7n thay v\u00ec ch\u1ec9 d\u00f9ng 1 l\u1ea7n r\u1ed3i b\u1ecf \u0111i.<\/div>\n<\/div>","protected":false},"excerpt":{"rendered":"<p>Th\u00e0nh ph\u1ea7n: \u2013 100% B\u1ed3 C\u00f4ng Anh, B\u1ed3 C\u00f4ng Anh \u0111\u01b0\u1ee3c ch\u1ecdn l\u00e0 gi\u1ed1ng B\u1ed3 C\u00f4ng Anh ngo\u1ea1i nh\u1eadp, \u0111\u01b0\u1ee3c<\/p>","protected":false},"featured_media":16478,"comment_status":"closed","ping_status":"closed","template":"","meta":{"_acf_changed":false},"product_cat":[321,22,323],"product_tag":[],"class_list":{"0":"post-16477","1":"product","2":"type-product","3":"status-publish","4":"has-post-thumbnail","6":"product_cat-che","7":"product_cat-sanphamthucpham","8":"product_cat-san-pham-tra-tu-thuc-vat-khac","10":"first","11":"instock","12":"shipping-taxable","13":"purchasable","14":"product-type-simple"},"acf":[],"_links":{"self":[{"href":"https:\/\/b2c.fairs.vn\/en\/wp-json\/wp\/v2\/product\/16477","targetHints":{"allow":["GET"]}}],"collection":[{"href":"https:\/\/b2c.fairs.vn\/en\/wp-json\/wp\/v2\/product"}],"about":[{"href":"https:\/\/b2c.fairs.vn\/en\/wp-json\/wp\/v2\/types\/product"}],"replies":[{"embeddable":true,"href":"https:\/\/b2c.fairs.vn\/en\/wp-json\/wp\/v2\/comments?post=16477"}],"version-history":[{"count":0,"href":"https:\/\/b2c.fairs.vn\/en\/wp-json\/wp\/v2\/product\/16477\/revisions"}],"wp:featuredmedia":[{"embeddable":true,"href":"https:\/\/b2c.fairs.vn\/en\/wp-json\/wp\/v2\/media\/16478"}],"wp:attachment":[{"href":"https:\/\/b2c.fairs.vn\/en\/wp-json\/wp\/v2\/media?parent=16477"}],"wp:term":[{"taxonomy":"product_cat","embeddable":true,"href":"https:\/\/b2c.fairs.vn\/en\/wp-json\/wp\/v2\/product_cat?post=16477"},{"taxonomy":"product_tag","embeddable":true,"href":"https:\/\/b2c.fairs.vn\/en\/wp-json\/wp\/v2\/product_tag?post=16477"}],"curies":[{"name":"wp","href":"https:\/\/api.w.org\/{rel}","templated":true}]}}