{"id":16474,"date":"2024-04-10T11:16:18","date_gmt":"2024-04-10T04:16:18","guid":{"rendered":"https:\/\/b2c.fairs.vn\/?post_type=product&#038;p=16474"},"modified":"2024-04-10T11:16:19","modified_gmt":"2024-04-10T04:16:19","slug":"muoi-tieu-la-chanh","status":"publish","type":"product","link":"https:\/\/b2c.fairs.vn\/en\/product\/muoi-tieu-la-chanh\/","title":{"rendered":"Mu\u1ed1i ti\u00eau l\u00e1 chanh"},"content":{"rendered":"<p>T\u00ean S\u1ea3n Ph\u1ea9m: Mu\u1ed1i ti\u00eau l\u00e1 chanh.<\/p>\n<p>Th\u00e0nh Ph\u1ea7n: 65% Mu\u1ed1i s\u1ea5y, 35% ( B\u1ed9t ti\u00eau s\u1ea5y, l\u00e1 chanh, \u0111\u01b0\u1eddng)<\/p>\n<p>C\u00e1ch d\u00f9ng: L\u00e0m gia v\u1ecb \u0111\u1ec3 ch\u1ea5m c\u00e1c m\u00f3n lu\u1ed9c, n\u01b0\u1edbng, \u0111\u1eb7c bi\u1ec7t l\u00e0 ch\u1ea5m\u00a0 th\u1ecbt g\u00e0 v\u00e0 h\u1ea3i s\u1ea3n. Khi d\u00f9ng c\u00f3 th\u1ec3 ph\u1ed1i tr\u1ed9n th\u00eam b\u1ed9t ng\u1ecdt, \u1edbt, chanh,\u2026 t\u00f9y \u00fd \u0111\u1ec3 s\u1ea3n ph\u1ea9m th\u00eam th\u01a1m ngon, \u0111\u1eadm v\u1ecb h\u01a1n<\/p>\n<p>B\u1ea3o qu\u1ea3n: N\u01a1i kh\u00f4 r\u00e1o, tho\u00e1ng m\u00e1t, \u0111\u1eady n\u1eafp k\u00edn sau khi s\u1eed d\u1ee5ng<\/p>\n<p>H\u1ea1n s\u1eed d\u1ee5ng: 12 Th\u00e1ng<\/p>","protected":false},"excerpt":{"rendered":"<p>T\u00ean S\u1ea3n Ph\u1ea9m: Mu\u1ed1i ti\u00eau l\u00e1 chanh. Th\u00e0nh Ph\u1ea7n: 65% Mu\u1ed1i s\u1ea5y, 35% ( B\u1ed9t ti\u00eau s\u1ea5y, l\u00e1 chanh, \u0111\u01b0\u1eddng)<\/p>","protected":false},"featured_media":16475,"comment_status":"closed","ping_status":"closed","template":"","meta":{"_acf_changed":false},"product_cat":[318,320,22],"product_tag":[],"class_list":{"0":"post-16474","1":"product","2":"type-product","3":"status-publish","4":"has-post-thumbnail","6":"product_cat-gia-vi","7":"product_cat-gia-vi-khac","8":"product_cat-sanphamthucpham","10":"first","11":"instock","12":"shipping-taxable","13":"purchasable","14":"product-type-simple"},"acf":[],"_links":{"self":[{"href":"https:\/\/b2c.fairs.vn\/en\/wp-json\/wp\/v2\/product\/16474","targetHints":{"allow":["GET"]}}],"collection":[{"href":"https:\/\/b2c.fairs.vn\/en\/wp-json\/wp\/v2\/product"}],"about":[{"href":"https:\/\/b2c.fairs.vn\/en\/wp-json\/wp\/v2\/types\/product"}],"replies":[{"embeddable":true,"href":"https:\/\/b2c.fairs.vn\/en\/wp-json\/wp\/v2\/comments?post=16474"}],"version-history":[{"count":0,"href":"https:\/\/b2c.fairs.vn\/en\/wp-json\/wp\/v2\/product\/16474\/revisions"}],"wp:featuredmedia":[{"embeddable":true,"href":"https:\/\/b2c.fairs.vn\/en\/wp-json\/wp\/v2\/media\/16475"}],"wp:attachment":[{"href":"https:\/\/b2c.fairs.vn\/en\/wp-json\/wp\/v2\/media?parent=16474"}],"wp:term":[{"taxonomy":"product_cat","embeddable":true,"href":"https:\/\/b2c.fairs.vn\/en\/wp-json\/wp\/v2\/product_cat?post=16474"},{"taxonomy":"product_tag","embeddable":true,"href":"https:\/\/b2c.fairs.vn\/en\/wp-json\/wp\/v2\/product_tag?post=16474"}],"curies":[{"name":"wp","href":"https:\/\/api.w.org\/{rel}","templated":true}]}}